{"id":1818,"date":"2025-04-11T17:20:04","date_gmt":"2025-04-11T09:20:04","guid":{"rendered":"https:\/\/www.andelutech.com\/?post_type=product&#038;p=1818"},"modified":"2026-01-16T09:58:43","modified_gmt":"2026-01-16T01:58:43","slug":"quartz-accelerometer","status":"publish","type":"product","link":"https:\/\/www.andelutech.com\/tr\/product\/quartz-accelerometer\/","title":{"rendered":"AND -QA-03AQuartz Accelerometer"},"content":{"rendered":"<p>Y\u00fcksek performansl\u0131 kuvars ivme\u00f6l\u00e7er ile ilgileniyorsan\u0131z, l\u00fctfen bize ula\u015f\u0131n:<strong><b>\u00a0<\/b><\/strong><a href=\"mailto:info@joinsunny.cn\"><span style=\"color: #0000ff;\"><strong><b>info@andelutech.com<\/b><\/strong><\/span><\/a><\/p>","protected":false},"excerpt":{"rendered":"<p><strong><b>Girii\u015f<\/b><\/strong><\/p>\n<p>Ve -QA -03A Y\u00fcksek Performans\u00a0<span style=\"color: #0000ff;\">Kuvars ivme\u00f6l\u00e7er<\/span>\u00a0y\u00fcksek g\u00fcvenilirlik ile esas olarak havac\u0131l\u0131k ve havac\u0131l\u0131k alanlar\u0131ndaki atalet \u00f6l\u00e7\u00fcm ve test sistemlerinde kullan\u0131lmaktad\u0131r. Standart bir titre\u015fim sens\u00f6r\u00fc olan statik test ve dinamik test yapabilir.<\/p>","protected":false},"featured_media":1834,"comment_status":"open","ping_status":"closed","template":"","meta":[],"product_brand":[],"product_cat":[25],"product_tag":[],"class_list":{"0":"post-1818","1":"product","2":"type-product","3":"status-publish","4":"has-post-thumbnail","6":"product_cat-accelerometer","8":"first","9":"instock","10":"shipping-taxable","11":"product-type-simple"},"_links":{"self":[{"href":"https:\/\/www.andelutech.com\/tr\/wp-json\/wp\/v2\/product\/1818","targetHints":{"allow":["GET"]}}],"collection":[{"href":"https:\/\/www.andelutech.com\/tr\/wp-json\/wp\/v2\/product"}],"about":[{"href":"https:\/\/www.andelutech.com\/tr\/wp-json\/wp\/v2\/types\/product"}],"replies":[{"embeddable":true,"href":"https:\/\/www.andelutech.com\/tr\/wp-json\/wp\/v2\/comments?post=1818"}],"wp:featuredmedia":[{"embeddable":true,"href":"https:\/\/www.andelutech.com\/tr\/wp-json\/wp\/v2\/media\/1834"}],"wp:attachment":[{"href":"https:\/\/www.andelutech.com\/tr\/wp-json\/wp\/v2\/media?parent=1818"}],"wp:term":[{"taxonomy":"product_brand","embeddable":true,"href":"https:\/\/www.andelutech.com\/tr\/wp-json\/wp\/v2\/product_brand?post=1818"},{"taxonomy":"product_cat","embeddable":true,"href":"https:\/\/www.andelutech.com\/tr\/wp-json\/wp\/v2\/product_cat?post=1818"},{"taxonomy":"product_tag","embeddable":true,"href":"https:\/\/www.andelutech.com\/tr\/wp-json\/wp\/v2\/product_tag?post=1818"}],"curies":[{"name":"wp","href":"https:\/\/api.w.org\/{rel}","templated":true}]}}