{"id":1812,"date":"2025-04-11T16:57:45","date_gmt":"2025-04-11T08:57:45","guid":{"rendered":"https:\/\/www.andelutech.com\/?post_type=product&#038;p=1812"},"modified":"2026-01-16T10:09:54","modified_gmt":"2026-01-16T02:09:54","slug":"and-dtg-e3-high-accuracy-dynamically-tuned-gyroscope","status":"publish","type":"product","link":"https:\/\/www.andelutech.com\/tr\/product\/and-dtg-e3-high-accuracy-dynamically-tuned-gyroscope\/","title":{"rendered":"Ve DTG-E3 y\u00fcksek do\u011fruluk dinamik olarak ayarlanm\u0131\u015f jiroskop"},"content":{"rendered":"<p><strong><b>\u00d6zellikler<\/b><\/strong><\/p>\n<p>Y\u00fcksek hassasiyetli kay\u0131\u015f esnek jiroskop;<\/p>\n<p>Hafif, k\u00fc\u00e7\u00fck boyut ve y\u00fcksek hassasiyet;<\/p>\n<p>Havac\u0131l\u0131k ve Uzayda Strapdown Tutum Sisteminde yayg\u0131n olarak uygulanm\u0131\u015ft\u0131r.<\/p>\n<p>Dinamik olarak ayarlanm\u0131\u015f y\u00fcksek do\u011frulukla ilgileniyorsan\u0131z, l\u00fctfen bize ula\u015f\u0131n:<strong><b> info@andelutech.com<\/b><\/strong><\/p>\n<p>&nbsp;<\/p>","protected":false},"excerpt":{"rendered":"<p><strong><b>Girii\u015f<\/b><\/strong><\/p>\n<p>Y\u00fcksek do\u011fruluk\u00a0<span style=\"color: #0000ff;\">Dinamik olarak ayarlanm\u0131\u015f jiroskop<\/span>\u00a0hafif, k\u00fc\u00e7\u00fck boyut ve y\u00fcksek hassasiyet gibi avantajlara sahip havac\u0131l\u0131k i\u00e7in, \u015fimdi uzay kay\u0131\u015f\u0131 tutum sisteminde yayg\u0131n olarak kullan\u0131lmaktad\u0131r ve ayr\u0131ca yer, deniz, havac\u0131l\u0131k, havac\u0131l\u0131k ve di\u011fer ula\u015f\u0131m ta\u015f\u0131y\u0131c\u0131lar\u0131nda da kullan\u0131labilir.<\/p>","protected":false},"featured_media":1819,"comment_status":"open","ping_status":"closed","template":"","meta":[],"product_brand":[],"product_cat":[22],"product_tag":[],"class_list":{"0":"post-1812","1":"product","2":"type-product","3":"status-publish","4":"has-post-thumbnail","6":"product_cat-gyro-sensor","8":"first","9":"instock","10":"shipping-taxable","11":"product-type-simple"},"_links":{"self":[{"href":"https:\/\/www.andelutech.com\/tr\/wp-json\/wp\/v2\/product\/1812","targetHints":{"allow":["GET"]}}],"collection":[{"href":"https:\/\/www.andelutech.com\/tr\/wp-json\/wp\/v2\/product"}],"about":[{"href":"https:\/\/www.andelutech.com\/tr\/wp-json\/wp\/v2\/types\/product"}],"replies":[{"embeddable":true,"href":"https:\/\/www.andelutech.com\/tr\/wp-json\/wp\/v2\/comments?post=1812"}],"wp:featuredmedia":[{"embeddable":true,"href":"https:\/\/www.andelutech.com\/tr\/wp-json\/wp\/v2\/media\/1819"}],"wp:attachment":[{"href":"https:\/\/www.andelutech.com\/tr\/wp-json\/wp\/v2\/media?parent=1812"}],"wp:term":[{"taxonomy":"product_brand","embeddable":true,"href":"https:\/\/www.andelutech.com\/tr\/wp-json\/wp\/v2\/product_brand?post=1812"},{"taxonomy":"product_cat","embeddable":true,"href":"https:\/\/www.andelutech.com\/tr\/wp-json\/wp\/v2\/product_cat?post=1812"},{"taxonomy":"product_tag","embeddable":true,"href":"https:\/\/www.andelutech.com\/tr\/wp-json\/wp\/v2\/product_tag?post=1812"}],"curies":[{"name":"wp","href":"https:\/\/api.w.org\/{rel}","templated":true}]}}