{"id":1809,"date":"2025-04-11T16:39:21","date_gmt":"2025-04-11T08:39:21","guid":{"rendered":"https:\/\/www.andelutech.com\/?post_type=product&#038;p=1809"},"modified":"2026-01-13T14:00:11","modified_gmt":"2026-01-13T06:00:11","slug":"and-ma-5-high-accuracy-mems-accelerometer-alternative-of-ms1000","status":"publish","type":"product","link":"https:\/\/www.andelutech.com\/tr\/product\/and-ma-5-high-accuracy-mems-accelerometer-alternative-of-ms1000\/","title":{"rendered":"Ve -ma -5 Y\u00fcksek Do\u011fruluk MEMS Accelerometre (MS1000 alternatifi)"},"content":{"rendered":"<p><strong><b>Ba\u015fvuru<\/b><\/strong><\/p>\n<p>Ve -ma -5 Y\u00fcksek Do\u011fruluk MEMS Accelerometre (MS1000 alternatifi)<br \/>\nAtaletsel \u00f6l\u00e7\u00fcm: Ataletsel rehberlik, a\u015f\u0131r\u0131 y\u00fck \u00f6l\u00e7\u00fcm\u00fc, kombine navigasyon<br \/>\nE\u011fim \u00f6l\u00e7\u00fcm\u00fc: anten tutumu, platform \u00f6l\u00e7\u00fcm\u00fc, dip testi<br \/>\nTitre\u015fim \u00d6l\u00e7\u00fcm\u00fc: Mekanik Ekipman, K\u00f6pr\u00fc Baraj\u0131, G\u00fcvenlik Testi<\/p>\n<p>Y\u00fcksek Do\u011fruluk MEMS Accelerometre (MS1000 yerine) ile ilgileniyorsan\u0131z, PLS Bize Ula\u015f\u0131n:<strong><b>\u00a0<\/b><\/strong><a href=\"mailto:info@joinsunny.cn\"><span style=\"color: #0000ff;\"><strong><b>info@joinsunny.cn<\/b><\/strong><\/span><\/a><\/p>","protected":false},"excerpt":{"rendered":"<p>\u0130vme\u00f6l\u00e7er, yer\u00e7ekimi nedeniyle do\u011frusal ivmeyi \u00f6l\u00e7ebilen bir atalet sens\u00f6r\u00fcd\u00fcr. MEMS ivme\u00f6l\u00e7er, titre\u015fim alg\u0131lama, tutum kontrol\u00fc, g\u00fcvenlik alarm\u0131, t\u00fcketici uygulamalar\u0131, hareket tan\u0131ma ve durum kayd\u0131nda yayg\u0131n olarak kullan\u0131labilecek k\u00fc\u00e7\u00fck hacim, hafif ve d\u00fc\u015f\u00fck enerji t\u00fcketiminin \u00f6zelliklerine sahiptir. H\u0131zland\u0131r\u0131c\u0131lar IMU (atalet \u00f6l\u00e7\u00fcm birimleri) olu\u015fturmak i\u00e7in jiroskoplar ve manyetometrelerle birle\u015ftirilir.<\/p>\n<p>Ba\u015fvuru<br \/>\nVe -ma -5 Y\u00fcksek Do\u011fruluk MEMS Accelerometre (MS1000 alternatifi)<br \/>\nAtaletsel \u00f6l\u00e7\u00fcm: Ataletsel rehberlik, a\u015f\u0131r\u0131 y\u00fck \u00f6l\u00e7\u00fcm\u00fc, kombine navigasyon<br \/>\nE\u011fim \u00f6l\u00e7\u00fcm\u00fc: anten tutumu, platform \u00f6l\u00e7\u00fcm\u00fc, dip testi<br \/>\nTitre\u015fim \u00d6l\u00e7\u00fcm\u00fc: Mekanik Ekipman, K\u00f6pr\u00fc Baraj\u0131, G\u00fcvenlik Testi<\/p>","protected":false},"featured_media":1811,"comment_status":"open","ping_status":"closed","template":"","meta":[],"product_brand":[],"product_cat":[25],"product_tag":[],"class_list":{"0":"post-1809","1":"product","2":"type-product","3":"status-publish","4":"has-post-thumbnail","6":"product_cat-accelerometer","8":"first","9":"instock","10":"shipping-taxable","11":"product-type-simple"},"_links":{"self":[{"href":"https:\/\/www.andelutech.com\/tr\/wp-json\/wp\/v2\/product\/1809","targetHints":{"allow":["GET"]}}],"collection":[{"href":"https:\/\/www.andelutech.com\/tr\/wp-json\/wp\/v2\/product"}],"about":[{"href":"https:\/\/www.andelutech.com\/tr\/wp-json\/wp\/v2\/types\/product"}],"replies":[{"embeddable":true,"href":"https:\/\/www.andelutech.com\/tr\/wp-json\/wp\/v2\/comments?post=1809"}],"wp:featuredmedia":[{"embeddable":true,"href":"https:\/\/www.andelutech.com\/tr\/wp-json\/wp\/v2\/media\/1811"}],"wp:attachment":[{"href":"https:\/\/www.andelutech.com\/tr\/wp-json\/wp\/v2\/media?parent=1809"}],"wp:term":[{"taxonomy":"product_brand","embeddable":true,"href":"https:\/\/www.andelutech.com\/tr\/wp-json\/wp\/v2\/product_brand?post=1809"},{"taxonomy":"product_cat","embeddable":true,"href":"https:\/\/www.andelutech.com\/tr\/wp-json\/wp\/v2\/product_cat?post=1809"},{"taxonomy":"product_tag","embeddable":true,"href":"https:\/\/www.andelutech.com\/tr\/wp-json\/wp\/v2\/product_tag?post=1809"}],"curies":[{"name":"wp","href":"https:\/\/api.w.org\/{rel}","templated":true}]}}