{"id":1801,"date":"2025-04-11T16:33:38","date_gmt":"2025-04-11T08:33:38","guid":{"rendered":"https:\/\/www.andelutech.com\/?post_type=product&#038;p=1801"},"modified":"2026-01-13T13:58:45","modified_gmt":"2026-01-13T05:58:45","slug":"and-mns-05-cost-efficient-triaxial-mems-north-seeker","status":"publish","type":"product","link":"https:\/\/www.andelutech.com\/tr\/product\/and-mns-05-cost-efficient-triaxial-mems-north-seeker\/","title":{"rendered":"Ve-MNS-05 Maliyet Etkileyici \u00dc\u00e7 Eksenli MEMS North Seeker"},"content":{"rendered":"<p><strong><b>1. Teknik \u00d6zellikler<\/b><\/strong><\/p>\n<p>\u00dc\u00e7 Eksenli MEMS Gyro ve ivme\u00f6l\u00e7er<\/p>\n<p>Tam s\u0131cakl\u0131k tazminat\u0131<\/p>\n<p>Y\u00fcksek performans ve mini boyut<\/p>\n<p>Hafif, d\u00fc\u015f\u00fck g\u00fc\u00e7 t\u00fcketimi<\/p>\n<p>-45 \u2103 ila +80 \u2103 tam s\u0131cakl\u0131k \u00f6l\u00e7e\u011fi telafisi<\/p>\n<p>4kHz y\u00fcksek h\u0131zl\u0131 \u00f6rnekleme<\/p>\n<p>Sert mekanik ortama dayan\u0131kl\u0131<\/p>\n<p>Yaz\u0131l\u0131m \u00e7evrimi\u00e7i y\u00fckseltme i\u015flevi var<\/p>\n<p><strong><b>2. Teknik Avantajlar<\/b><\/strong><\/p>\n<p><strong><b>1) Do\u011fruluk \u00f6zelle\u015ftirilebilir, ayr\u0131ca bir\u00e7ok alanda yayg\u0131n olarak kullan\u0131labilir<\/b><\/strong><\/p>\n<p>Ve MNS-05 \u00dc\u00e7 Eksenli MEMS North Seeker, ara navigasyon ve tutum stabilizasyonu ile temsil edilen navigasyon, kontrol ve \u00f6l\u00e7\u00fcm alanlar\u0131nda yayg\u0131n olarak kullan\u0131labilen alt\u0131 eksenli MEMS atalet sens\u00f6rlerinin son derece g\u00fcvenilir ve uygun maliyetli bir kombinasyonudur. Ve MNS-05 3 Eksen Mems North Seeker, farkl\u0131 kullan\u0131c\u0131lar\u0131n ihtiya\u00e7lar\u0131n\u0131 kar\u015f\u0131lamak i\u00e7in kullan\u0131c\u0131lar\u0131n ihtiya\u00e7lar\u0131na g\u00f6re farkl\u0131 donan\u0131m ve yaz\u0131l\u0131mlarla yap\u0131land\u0131r\u0131labilir.<\/p>\n<p><strong><b>2)<\/b><\/strong>\u00a0<strong><b>Geli\u015fmi\u015f s\u00fcre\u00e7 ve teknoloji<\/b><\/strong><\/p>\n<p>Ve-MNS-05 3 Eksen Mems North Seeker, y\u00fcksek performansl\u0131 MEMS jiroskop ve MEMS ivme\u00f6l\u00e7erini ba\u011f\u0131ms\u0131z bir yap\u0131da entegre eder. Mod\u00fclde se\u00e7ilen jiroskop ve ivme\u00f6l\u00e7er, MEMS i\u015fleminin atalet cihazlar\u0131n\u0131n \u00f6nde gelen seviyesini temsil eder. \u00dc\u00e7 eksenli MEMS jiroskopu, ta\u015f\u0131y\u0131c\u0131n\u0131n a\u00e7\u0131sal hareketine duyarl\u0131d\u0131r ve \u00fc\u00e7 eksenli MEMS ivme\u00f6l\u00e7er, ta\u015f\u0131y\u0131c\u0131n\u0131n do\u011frusal ivmesine duyarl\u0131d\u0131r. S\u0131f\u0131r konum, \u00f6l\u00e7ek fakt\u00f6r\u00fc, ortogonal olmayan hata ve t\u00fcm s\u0131cakl\u0131k parametresinin ivme ile ilgili terimleri mod\u00fcl i\u00e7inde telafi edilir. Ayr\u0131ca uzun s\u00fcre y\u00fcksek \u00f6l\u00e7\u00fcm do\u011frulu\u011funu koruyabilir. Ayn\u0131 zamanda, mod\u00fcl, kullan\u0131c\u0131lara d\u00fc\u015f\u00fck maliyetli ve y\u00fcksek g\u00fcvenilirlik \u00e7\u00f6z\u00fcm\u00fc sa\u011flamak i\u00e7in \u00fcr\u00fcn\u00fcn sert ortamdaki ta\u015f\u0131y\u0131c\u0131n\u0131n a\u00e7\u0131sal ve do\u011frusal hareket parametrelerini hala do\u011fru bir \u015fekilde \u00f6l\u00e7ebilmesini sa\u011flamak i\u00e7in genel titre\u015fim azaltma, s\u0131zd\u0131rmazl\u0131k tasar\u0131m\u0131 ve di\u011fer \u00f6nlemleri benimser.<\/p>\n<p><strong><b>3)<\/b><\/strong>\u00a0<strong><b>Y\u00fcksek hassasiyetli bile\u015fenler \u00fcretim ve sistem kalibrasyon telafisi teknolojisi.<\/b><\/strong><\/p>\n<p>\u00dcr\u00fcnlerin y\u00fcksek performans\u0131n\u0131 sa\u011flamak i\u00e7in bu projenin ara\u015ft\u0131rma ve geli\u015ftirme s\u00fcrecinde bir dizi kilit teknoloji biriktirdik. Ayn\u0131 zamanda, sistem, en iyi performans\u0131 elde etmek i\u00e7in kullan\u0131m s\u00fcreci s\u0131ras\u0131nda \u00fcr\u00fcn\u00fcn sa\u011flamak i\u00e7in y\u00fcksek h\u0131zl\u0131 \u00f6rnekleme, statik hata telafisi (s\u0131f\u0131r pozisyon, \u00f6l\u00e7ek fakt\u00f6r\u00fc, kurulum hatas\u0131 ve t\u00fcm s\u0131cakl\u0131k b\u00f6lgesinde di\u011fer ince telafi), dinamik hata telafisi ve di\u011fer teknolojiler benimser.<\/p>\n<p><strong><b>4)<\/b><\/strong>\u00a0<strong><b>Y\u00fcksek kalite ve g\u00fcvenilirlik<\/b><\/strong><\/p>\n<p>Yukar\u0131 ak\u0131\u015f ve a\u015fa\u011f\u0131 y\u00f6nl\u00fc s\u00fcre\u00e7lerin ve teknolojilerin kapsaml\u0131 kontrol\u00fc sayesinde \u015firket, \u00fcr\u00fcn kalitesini etkili bir \u015fekilde art\u0131rabilir ve sistem maliyetlerini azaltabilir. Ayn\u0131 zamanda, \u015firket ISO9001 ve GJB Kalite Sistemleri uygular, \u00fcr\u00fcn performans\u0131n\u0131n g\u00fcvenilirli\u011fini ve tutarl\u0131l\u0131\u011f\u0131n\u0131 sa\u011flamak i\u00e7in kat\u0131 s\u00fcre\u00e7ler benimser.<\/p>\n<p>\u00d6zellikle \u00e7\u00f6l ve di\u011fer a\u00e7\u0131k alanlarda, geleneksel jeomanyetik Kuzey bulgu \u015femalar\u0131n\u0131n hassasiyeti y\u00fcksek de\u011fildir. Ve MNS-05 \u00dc\u00e7 Eksenli MEMS \u015eirketimiz taraf\u0131ndan \u00fcretilen kuzey aray\u0131c\u0131s\u0131, yukar\u0131daki gereksinimleri iyi kar\u015f\u0131layabilen \u00e7evresel parazit, y\u00fcksek hassasiyetli \u00f6l\u00e7\u00fcm, k\u00fc\u00e7\u00fck boyut ve d\u00fc\u015f\u00fck g\u00fc\u00e7 t\u00fcketimi i\u00e7ermeyen \u00f6zelliklere sahiptir.<\/p>\n<p><strong><b>3.Applications<\/b><\/strong><\/p>\n<p>Kuzey Bulucu<\/p>\n<p>Navigasyon ve kontrol<\/p>\n<p>Tutum referans sistemi<\/p>\n<p>Rehberlik<\/p>\n<p>Ara\u00e7 ve gemi tutumu \u00f6l\u00e7\u00fcm\u00fc<\/p>\n<p>Entegre Atalet \/satellite navigasyon sistemi<\/p>\n<p>Sondaj ve \u00fcretim sistemleri<\/p>\n<p>Mobil e\u015fleme sistemi<\/p>\n<p>Ortada<\/p>\n<p>Maliyet verimli \u00dc\u00e7 Eksenli MEMS North Finder ile ilgileniyorsan\u0131z, PLS Bize Ula\u015f\u0131n:<strong><b>\u00a0<\/b><\/strong><a href=\"mailto:info@joinsunny.cn\"><span style=\"color: #0000ff;\"><strong><b>info@joinsunny.cn<\/b><\/strong><\/span><\/a><\/p>","protected":false},"excerpt":{"rendered":"<p><strong><b>Ba\u015fvuru<br \/>\nKuzey Bulucu<br \/>\nNavigasyon ve kontrol<br \/>\nTutum referans sistemi<br \/>\nRehberlik<br \/>\nAra\u00e7 ve gemi tutumu \u00f6l\u00e7\u00fcm\u00fc<br \/>\nEntegre Atalet \/satellite navigasyon sistemi<br \/>\nSondaj ve \u00fcretim sistemleri<br \/>\nMobil e\u015fleme sistemi<br \/>\nOrtada<\/b><\/strong><\/p>","protected":false},"featured_media":1803,"comment_status":"open","ping_status":"closed","template":"","meta":[],"product_brand":[],"product_cat":[25],"product_tag":[],"class_list":{"0":"post-1801","1":"product","2":"type-product","3":"status-publish","4":"has-post-thumbnail","6":"product_cat-accelerometer","8":"first","9":"instock","10":"shipping-taxable","11":"product-type-simple"},"_links":{"self":[{"href":"https:\/\/www.andelutech.com\/tr\/wp-json\/wp\/v2\/product\/1801","targetHints":{"allow":["GET"]}}],"collection":[{"href":"https:\/\/www.andelutech.com\/tr\/wp-json\/wp\/v2\/product"}],"about":[{"href":"https:\/\/www.andelutech.com\/tr\/wp-json\/wp\/v2\/types\/product"}],"replies":[{"embeddable":true,"href":"https:\/\/www.andelutech.com\/tr\/wp-json\/wp\/v2\/comments?post=1801"}],"wp:featuredmedia":[{"embeddable":true,"href":"https:\/\/www.andelutech.com\/tr\/wp-json\/wp\/v2\/media\/1803"}],"wp:attachment":[{"href":"https:\/\/www.andelutech.com\/tr\/wp-json\/wp\/v2\/media?parent=1801"}],"wp:term":[{"taxonomy":"product_brand","embeddable":true,"href":"https:\/\/www.andelutech.com\/tr\/wp-json\/wp\/v2\/product_brand?post=1801"},{"taxonomy":"product_cat","embeddable":true,"href":"https:\/\/www.andelutech.com\/tr\/wp-json\/wp\/v2\/product_cat?post=1801"},{"taxonomy":"product_tag","embeddable":true,"href":"https:\/\/www.andelutech.com\/tr\/wp-json\/wp\/v2\/product_tag?post=1801"}],"curies":[{"name":"wp","href":"https:\/\/api.w.org\/{rel}","templated":true}]}}