{"id":1796,"date":"2025-04-11T16:16:31","date_gmt":"2025-04-11T08:16:31","guid":{"rendered":"https:\/\/www.andelutech.com\/?post_type=product&#038;p=1796"},"modified":"2026-01-09T11:25:05","modified_gmt":"2026-01-09T03:25:05","slug":"gsy-mns-04-economical-mems-north-seeker","status":"publish","type":"product","link":"https:\/\/www.andelutech.com\/tr\/product\/gsy-mns-04-economical-mems-north-seeker\/","title":{"rendered":"AND-MNS-04\u00a0Economical MEMS North Seeker"},"content":{"rendered":"<p><strong><b>Ba\u015fvuru<\/b><\/strong><\/p>\n<p>Kuzey arac\u0131<\/p>\n<p>Navigasyon ve kontrol<\/p>\n<p>Tutum referans sistemi<\/p>\n<p>Rehberlik<\/p>\n<p>Ara\u00e7 ve gemi tutumu \u00f6l\u00e7\u00fcm\u00fc<\/p>\n<p>Entegre Atalet \/satellite navigasyon sistemi<\/p>\n<p>Sondaj ve \u00fcretim sistemi<\/p>\n<p>Mobil e\u015fleme sistemi<\/p>\n<p>Ortada<\/p>\n<p>D\u00fc\u015f\u00fck maliyetli MEMS North Seeker (0.5 \u00b0 -1 \u00b0) ile ilgileniyorsan\u0131z, PLS Bize Ula\u015f\u0131n:<strong><b>\u00a0<\/b><\/strong><a href=\"mailto:info@joinsunny.cn\"><span style=\"color: #0000ff;\"><strong><b>info@joinsunny.cn<\/b><\/strong><\/span><\/a><\/p>","protected":false},"excerpt":{"rendered":"<p><strong><b>Girii\u015f<\/b><\/strong><\/p>\n<p>Ve-MNS-04 Ekonomik\u00a0<span style=\"color: #0000ff;\">Mems North Seeker<\/span>\u2002 Minyat\u00fcr, d\u00fc\u015f\u00fck g\u00fc\u00e7 t\u00fcketimi, uzun kullan\u0131m \u00f6mr\u00fc, y\u00fcksek g\u00fcvenilirlik \u00f6zelliklerine sahiptir.<\/p>\n<p>\u00dcr\u00fcnler k\u00f6m\u00fcr madencili\u011fi, petrol sondaj\u0131, t\u00fcnel in\u015faat\u0131 ve jeodesy'de yayg\u0131n olarak kullan\u0131lmaktad\u0131r, ayr\u0131ca radar, anten, ara\u00e7 ve di\u011fer nesnelerin statik ba\u015flang\u0131\u00e7 \u200b\u200bhizalamas\u0131 ve y\u00f6n kontrol\u00fc i\u00e7in de kullan\u0131labilir.<\/p>","protected":false},"featured_media":1800,"comment_status":"open","ping_status":"closed","template":"","meta":[],"product_brand":[],"product_cat":[25],"product_tag":[],"class_list":{"0":"post-1796","1":"product","2":"type-product","3":"status-publish","4":"has-post-thumbnail","6":"product_cat-accelerometer","8":"first","9":"instock","10":"shipping-taxable","11":"product-type-simple"},"_links":{"self":[{"href":"https:\/\/www.andelutech.com\/tr\/wp-json\/wp\/v2\/product\/1796","targetHints":{"allow":["GET"]}}],"collection":[{"href":"https:\/\/www.andelutech.com\/tr\/wp-json\/wp\/v2\/product"}],"about":[{"href":"https:\/\/www.andelutech.com\/tr\/wp-json\/wp\/v2\/types\/product"}],"replies":[{"embeddable":true,"href":"https:\/\/www.andelutech.com\/tr\/wp-json\/wp\/v2\/comments?post=1796"}],"wp:featuredmedia":[{"embeddable":true,"href":"https:\/\/www.andelutech.com\/tr\/wp-json\/wp\/v2\/media\/1800"}],"wp:attachment":[{"href":"https:\/\/www.andelutech.com\/tr\/wp-json\/wp\/v2\/media?parent=1796"}],"wp:term":[{"taxonomy":"product_brand","embeddable":true,"href":"https:\/\/www.andelutech.com\/tr\/wp-json\/wp\/v2\/product_brand?post=1796"},{"taxonomy":"product_cat","embeddable":true,"href":"https:\/\/www.andelutech.com\/tr\/wp-json\/wp\/v2\/product_cat?post=1796"},{"taxonomy":"product_tag","embeddable":true,"href":"https:\/\/www.andelutech.com\/tr\/wp-json\/wp\/v2\/product_tag?post=1796"}],"curies":[{"name":"wp","href":"https:\/\/api.w.org\/{rel}","templated":true}]}}