{"id":1792,"date":"2025-04-11T15:38:35","date_gmt":"2025-04-11T07:38:35","guid":{"rendered":"https:\/\/www.andelutech.com\/?post_type=product&#038;p=1792"},"modified":"2026-01-16T10:09:29","modified_gmt":"2026-01-16T02:09:29","slug":"and-dtg-e2-oil-and-gas-dtg-gyroscope","status":"publish","type":"product","link":"https:\/\/www.andelutech.com\/tr\/product\/and-dtg-e2-oil-and-gas-dtg-gyroscope\/","title":{"rendered":"Ve DTG-E2 Petrol ve Gaz DTG jiroskopu"},"content":{"rendered":"<p><strong><b>\u00d6zellikler<\/b><\/strong><\/p>\n<p>100 dereceye kadar \u00e7al\u0131\u015fma s\u0131cakl\u0131\u011f\u0131<\/p>\n<p>Sondaj alanlar\u0131na daha iyi uyguland\u0131<\/p>\n<p>G\u00fc\u00e7l\u00fc Uyarlanabilirlik<\/p>\n<p>Petrol ve gaz DTG jiroskop ile ilgileniyorsan\u0131z, l\u00fctfen bize ula\u015f\u0131n:<strong><b> info@andelutech.com<\/b><\/strong><\/p>","protected":false},"excerpt":{"rendered":"<p><strong><b>Girii\u015f<\/b><\/strong><\/p>\n<p>Petrol ve gaz<span style=\"color: #0000ff;\">\u00a0DTG jiroskop<\/span>\u00a0\u00f6zellikle sondaj alanlar\u0131 i\u00e7in tasarlanm\u0131\u015ft\u0131r. Bir\u00e7ok teknik problemi \u00e7\u00f6zd\u00fckten sonra, \u00e7al\u0131\u015fma s\u0131cakl\u0131\u011f\u0131 art\u0131k 100 santigrat dereceye kadar ula\u015fabilir.<\/p>\n<p>Sondaj alanlar\u0131nda, atalet cihazlar\u0131, \u00f6zellikle daha y\u00fcksek \u00e7evresel s\u0131cakl\u0131klar, zorlu \u00e7al\u0131\u015fma ko\u015fullar\u0131 nedeniyle u\u00e7an alanlardan daha b\u00fcy\u00fck ve daha uyarlanabilir. Bu nedenle, adaptasyon s\u0131cakl\u0131\u011f\u0131 ve ya\u015fam gereksinimleri \u00e7ok ciddidir.<\/p>","protected":false},"featured_media":1794,"comment_status":"open","ping_status":"closed","template":"","meta":[],"product_brand":[],"product_cat":[22],"product_tag":[],"class_list":{"0":"post-1792","1":"product","2":"type-product","3":"status-publish","4":"has-post-thumbnail","6":"product_cat-gyro-sensor","8":"first","9":"instock","10":"shipping-taxable","11":"product-type-simple"},"_links":{"self":[{"href":"https:\/\/www.andelutech.com\/tr\/wp-json\/wp\/v2\/product\/1792","targetHints":{"allow":["GET"]}}],"collection":[{"href":"https:\/\/www.andelutech.com\/tr\/wp-json\/wp\/v2\/product"}],"about":[{"href":"https:\/\/www.andelutech.com\/tr\/wp-json\/wp\/v2\/types\/product"}],"replies":[{"embeddable":true,"href":"https:\/\/www.andelutech.com\/tr\/wp-json\/wp\/v2\/comments?post=1792"}],"wp:featuredmedia":[{"embeddable":true,"href":"https:\/\/www.andelutech.com\/tr\/wp-json\/wp\/v2\/media\/1794"}],"wp:attachment":[{"href":"https:\/\/www.andelutech.com\/tr\/wp-json\/wp\/v2\/media?parent=1792"}],"wp:term":[{"taxonomy":"product_brand","embeddable":true,"href":"https:\/\/www.andelutech.com\/tr\/wp-json\/wp\/v2\/product_brand?post=1792"},{"taxonomy":"product_cat","embeddable":true,"href":"https:\/\/www.andelutech.com\/tr\/wp-json\/wp\/v2\/product_cat?post=1792"},{"taxonomy":"product_tag","embeddable":true,"href":"https:\/\/www.andelutech.com\/tr\/wp-json\/wp\/v2\/product_tag?post=1792"}],"curies":[{"name":"wp","href":"https:\/\/api.w.org\/{rel}","templated":true}]}}