{"id":1789,"date":"2025-04-11T15:22:32","date_gmt":"2025-04-11T07:22:32","guid":{"rendered":"https:\/\/www.andelutech.com\/?post_type=product&#038;p=1789"},"modified":"2026-01-16T10:09:02","modified_gmt":"2026-01-16T02:09:02","slug":"and-dtg-e1-small-size-21-4mm-dtg-gyroscope","status":"publish","type":"product","link":"https:\/\/www.andelutech.com\/tr\/product\/and-dtg-e1-small-size-21-4mm-dtg-gyroscope\/","title":{"rendered":"Ve DTG-E1 k\u00fc\u00e7\u00fck boyutlu (21.4mm) DTG jiroskop"},"content":{"rendered":"<p><strong><b>\u00d6zellikler<\/b><\/strong><\/p>\n<p>G\u00fc\u00e7l\u00fc \u015fok direnci<\/p>\n<p>\u00c7ok k\u00fc\u00e7\u00fck boyut<\/p>\n<p>Gyro sondaj anket ara\u00e7lar\u0131nda ve kuyu g\u00fcnl\u00fc\u011f\u00fc ara\u00e7lar\u0131nda yayg\u0131n olarak kullan\u0131l\u0131r<\/p>\n<p>Dinamik y\u00f6nelim ve konumland\u0131rma<\/p>\n<p>K\u00fc\u00e7\u00fck boyutlu (21.4mm) DTG jiroskopla ilgileniyorsan\u0131z, l\u00fctfen bize ula\u015f\u0131n:<strong><b> info@andelutech.com<\/b><\/strong><\/p>","protected":false},"excerpt":{"rendered":"<p><strong><b>Girii\u015f<\/b><\/strong><\/p>\n<p>Ve DTG-E1 k\u00fc\u00e7\u00fck boyutlu (21.4mm)\u00a0<span style=\"color: #0000ff;\">DTG Gyro<\/span>\u00a0sondajl\u0131 gyro anket ara\u00e7lar\u0131nda, kuyu taban kayd\u0131 ara\u00e7lar\u0131nda ve kuzey arama veya oryantasyon i\u00e7in di\u011fer bir\u00e7ok sistemde kullan\u0131lan k\u00fc\u00e7\u00fck boyut, hafif ve y\u00fcksek \u00e7al\u0131\u015fma s\u0131cakl\u0131\u011f\u0131 ile sondaj alanlar\u0131nda dinamik konumland\u0131rma ve oryantasyon i\u00e7in tasarlanm\u0131\u015ft\u0131r.<\/p>","protected":false},"featured_media":1791,"comment_status":"open","ping_status":"closed","template":"","meta":[],"product_brand":[],"product_cat":[22],"product_tag":[],"class_list":{"0":"post-1789","1":"product","2":"type-product","3":"status-publish","4":"has-post-thumbnail","6":"product_cat-gyro-sensor","8":"first","9":"instock","10":"shipping-taxable","11":"product-type-simple"},"_links":{"self":[{"href":"https:\/\/www.andelutech.com\/tr\/wp-json\/wp\/v2\/product\/1789","targetHints":{"allow":["GET"]}}],"collection":[{"href":"https:\/\/www.andelutech.com\/tr\/wp-json\/wp\/v2\/product"}],"about":[{"href":"https:\/\/www.andelutech.com\/tr\/wp-json\/wp\/v2\/types\/product"}],"replies":[{"embeddable":true,"href":"https:\/\/www.andelutech.com\/tr\/wp-json\/wp\/v2\/comments?post=1789"}],"wp:featuredmedia":[{"embeddable":true,"href":"https:\/\/www.andelutech.com\/tr\/wp-json\/wp\/v2\/media\/1791"}],"wp:attachment":[{"href":"https:\/\/www.andelutech.com\/tr\/wp-json\/wp\/v2\/media?parent=1789"}],"wp:term":[{"taxonomy":"product_brand","embeddable":true,"href":"https:\/\/www.andelutech.com\/tr\/wp-json\/wp\/v2\/product_brand?post=1789"},{"taxonomy":"product_cat","embeddable":true,"href":"https:\/\/www.andelutech.com\/tr\/wp-json\/wp\/v2\/product_cat?post=1789"},{"taxonomy":"product_tag","embeddable":true,"href":"https:\/\/www.andelutech.com\/tr\/wp-json\/wp\/v2\/product_tag?post=1789"}],"curies":[{"name":"wp","href":"https:\/\/api.w.org\/{rel}","templated":true}]}}