{"id":1782,"date":"2025-04-11T14:21:08","date_gmt":"2025-04-11T06:21:08","guid":{"rendered":"https:\/\/www.andelutech.com\/?post_type=product&#038;p=1782"},"modified":"2026-01-13T13:55:50","modified_gmt":"2026-01-13T05:55:50","slug":"and-fns-03-low-cost-3-axis-fog-north-seeker","status":"publish","type":"product","link":"https:\/\/www.andelutech.com\/tr\/product\/and-fns-03-low-cost-3-axis-fog-north-seeker\/","title":{"rendered":"Ve fns-03 d\u00fc\u015f\u00fck maliyetli 3 eksenli sis kuzey arayan"},"content":{"rendered":"<p><strong><b>Girii\u015f<\/b><\/strong><\/p>\n<p>Ve FNS-03 D\u00fc\u015f\u00fck Maliyet\u00a0<span style=\"color: #0000ff;\">Sis Gyro North Seeker<\/span>\u00a0\u00e7ekirdek bile\u015fen olarak kapal\u0131 d\u00f6ng\u00fc fiber optik jiroskopu benimser. Esas olarak atalet \u00f6l\u00e7\u00fcm birimi (IMU), dijital sinyal i\u015fleme birimi ve mekanik par\u00e7alar\u0131n organizasyonlar\u0131ndan olu\u015fur. Ta\u015f\u0131y\u0131c\u0131ya ger\u00e7ek kuzey azimut a\u00e7\u0131s\u0131 sa\u011flayabilir.<\/p>\n<p>\u00dcr\u00fcnler k\u00f6m\u00fcr madencili\u011fi, petrol sondaj\u0131, t\u00fcnel in\u015faat\u0131 ve jeodesy'de yayg\u0131n olarak kullan\u0131l\u0131r, ayr\u0131ca f\u00fcze f\u0131rlatmas\u0131n\u0131n statik ba\u015flang\u0131\u00e7 \u200b\u200bhizalanmas\u0131, silah hedefleme ve radar, anten, ara\u00e7 ve di\u011fer nesnelerin y\u00f6n kontrol\u00fc i\u00e7in de kullan\u0131labilir.<\/p>\n<p>D\u00fc\u015f\u00fck maliyetli 3 eksenli sis kuzey bulucu ile ilgileniyorsan\u0131z, l\u00fctfen bize ula\u015f\u0131n:<strong><b>\u00a0<\/b><\/strong><a href=\"mailto:info@joinsunny.cn\"><span style=\"color: #0000ff;\"><strong><b>info@joinsunny.cn<\/b><\/strong><\/span><\/a><\/p>","protected":false},"excerpt":{"rendered":"<p><strong><b>Ba\u015fvuru<\/b><\/strong><\/p>\n<p>Kuzey arac\u0131<\/p>\n<p>Navigasyon ve kontrol<\/p>\n<p>Tutum referans sistemi<\/p>\n<p>Rehberlik<\/p>\n<p>Ara\u00e7 ve gemi tutumu \u00f6l\u00e7\u00fcm\u00fc<\/p>\n<p>Entegre Atalet \/satellite navigasyon sistemi<\/p>\n<p>Sondaj ve \u00fcretim sistemleri<\/p>\n<p>Mobil e\u015fleme sistemi<\/p>\n<p>Ortada<\/p>","protected":false},"featured_media":1783,"comment_status":"open","ping_status":"closed","template":"","meta":[],"product_brand":[],"product_cat":[25],"product_tag":[],"class_list":{"0":"post-1782","1":"product","2":"type-product","3":"status-publish","4":"has-post-thumbnail","6":"product_cat-accelerometer","8":"first","9":"instock","10":"shipping-taxable","11":"product-type-simple"},"_links":{"self":[{"href":"https:\/\/www.andelutech.com\/tr\/wp-json\/wp\/v2\/product\/1782","targetHints":{"allow":["GET"]}}],"collection":[{"href":"https:\/\/www.andelutech.com\/tr\/wp-json\/wp\/v2\/product"}],"about":[{"href":"https:\/\/www.andelutech.com\/tr\/wp-json\/wp\/v2\/types\/product"}],"replies":[{"embeddable":true,"href":"https:\/\/www.andelutech.com\/tr\/wp-json\/wp\/v2\/comments?post=1782"}],"wp:featuredmedia":[{"embeddable":true,"href":"https:\/\/www.andelutech.com\/tr\/wp-json\/wp\/v2\/media\/1783"}],"wp:attachment":[{"href":"https:\/\/www.andelutech.com\/tr\/wp-json\/wp\/v2\/media?parent=1782"}],"wp:term":[{"taxonomy":"product_brand","embeddable":true,"href":"https:\/\/www.andelutech.com\/tr\/wp-json\/wp\/v2\/product_brand?post=1782"},{"taxonomy":"product_cat","embeddable":true,"href":"https:\/\/www.andelutech.com\/tr\/wp-json\/wp\/v2\/product_cat?post=1782"},{"taxonomy":"product_tag","embeddable":true,"href":"https:\/\/www.andelutech.com\/tr\/wp-json\/wp\/v2\/product_tag?post=1782"}],"curies":[{"name":"wp","href":"https:\/\/api.w.org\/{rel}","templated":true}]}}