{"id":1779,"date":"2025-04-11T14:09:32","date_gmt":"2025-04-11T06:09:32","guid":{"rendered":"https:\/\/www.andelutech.com\/?post_type=product&#038;p=1779"},"modified":"2026-01-13T13:54:10","modified_gmt":"2026-01-13T05:54:10","slug":"and-fns-02-high-precision-fog-north-seeker-0-02-0-1","status":"publish","type":"product","link":"https:\/\/www.andelutech.com\/tr\/product\/and-fns-02-high-precision-fog-north-seeker-0-02-0-1\/","title":{"rendered":"Ve-FNS-02 Y\u00fcksek Hassas Sis Kuzey Aray\u0131c\u0131 (0.02 \u00b0 -0.1 \u00b0)"},"content":{"rendered":"<p><strong><b>Girii\u015f<\/b><\/strong><\/p>\n<p>Ve fns-02 y\u00fcksek hassasiyet\u00a0<span style=\"color: #0000ff;\">Sis Kuzey arayan\u00a0<\/span>(0.02 \u00b0 -0.1 \u00b0) esas olarak kapal\u0131 d\u00f6ng\u00fc sis, atalet \u00f6l\u00e7\u00fcm \u00fcnitesi, dijital sinyal i\u015fleme \u00fcnitesi ve mekanik k\u0131s\u0131mdan olu\u015fur. Ta\u015f\u0131y\u0131c\u0131lara y\u00fcksek hassasiyetli ger\u00e7ek Kuzey azimut bilgileri sa\u011flar.<\/p>\n<p>\u00dcr\u00fcnler esas olarak f\u00fcze f\u0131rlatma, silah hedefleme ve radar, anten ve z\u0131rhl\u0131 arac\u0131n y\u00f6n kontrol\u00fcn\u00fcn statik ba\u015flang\u0131\u00e7 \u200b\u200bhizalamas\u0131nda kullan\u0131l\u0131r, ayr\u0131ca k\u00f6m\u00fcr madencili\u011fi, petrol sondaj\u0131, t\u00fcnel in\u015faat\u0131 ve jeodezi i\u00e7in de kullan\u0131labilir.<\/p>\n<p>Y\u00fcksek hassasiyetli sis Kuzey Finder ile ilgileniyorsan\u0131z, l\u00fctfen bize ula\u015f\u0131n:<strong><b>\u00a0<\/b><\/strong><a href=\"mailto:info@joinsunny.cn\"><span style=\"color: #0000ff;\"><strong><b>info@joinsunny.cn<\/b><\/strong><\/span><\/a><\/p>","protected":false},"excerpt":{"rendered":"<p>Ba\u015fvuru<br \/>\nKuzey arac\u0131<br \/>\nNavigasyon ve kontrol<br \/>\nTutum referans sistemi<br \/>\nRehberlik<br \/>\nAra\u00e7 ve gemi tutumu \u00f6l\u00e7\u00fcm\u00fc<br \/>\nEntegre Atalet \/satellite navigasyon sistemi<br \/>\nSondaj ve \u00fcretim sistemi<br \/>\nMobil e\u015fleme sistemi<br \/>\nOrtada<\/p>","protected":false},"featured_media":1781,"comment_status":"open","ping_status":"closed","template":"","meta":[],"product_brand":[],"product_cat":[25],"product_tag":[],"class_list":{"0":"post-1779","1":"product","2":"type-product","3":"status-publish","4":"has-post-thumbnail","6":"product_cat-accelerometer","8":"first","9":"instock","10":"shipping-taxable","11":"product-type-simple"},"_links":{"self":[{"href":"https:\/\/www.andelutech.com\/tr\/wp-json\/wp\/v2\/product\/1779","targetHints":{"allow":["GET"]}}],"collection":[{"href":"https:\/\/www.andelutech.com\/tr\/wp-json\/wp\/v2\/product"}],"about":[{"href":"https:\/\/www.andelutech.com\/tr\/wp-json\/wp\/v2\/types\/product"}],"replies":[{"embeddable":true,"href":"https:\/\/www.andelutech.com\/tr\/wp-json\/wp\/v2\/comments?post=1779"}],"wp:featuredmedia":[{"embeddable":true,"href":"https:\/\/www.andelutech.com\/tr\/wp-json\/wp\/v2\/media\/1781"}],"wp:attachment":[{"href":"https:\/\/www.andelutech.com\/tr\/wp-json\/wp\/v2\/media?parent=1779"}],"wp:term":[{"taxonomy":"product_brand","embeddable":true,"href":"https:\/\/www.andelutech.com\/tr\/wp-json\/wp\/v2\/product_brand?post=1779"},{"taxonomy":"product_cat","embeddable":true,"href":"https:\/\/www.andelutech.com\/tr\/wp-json\/wp\/v2\/product_cat?post=1779"},{"taxonomy":"product_tag","embeddable":true,"href":"https:\/\/www.andelutech.com\/tr\/wp-json\/wp\/v2\/product_tag?post=1779"}],"curies":[{"name":"wp","href":"https:\/\/api.w.org\/{rel}","templated":true}]}}