{"id":1775,"date":"2025-04-11T12:23:20","date_gmt":"2025-04-11T04:23:20","guid":{"rendered":"https:\/\/www.andelutech.com\/?post_type=product&#038;p=1775"},"modified":"2026-01-16T10:08:22","modified_gmt":"2026-01-16T02:08:22","slug":"and-fns-01-high-performance-dynamic-fog-north-seeker-0-02-0-5","status":"publish","type":"product","link":"https:\/\/www.andelutech.com\/tr\/product\/and-fns-01-high-performance-dynamic-fog-north-seeker-0-02-0-5\/","title":{"rendered":"Ve-FNS-01 Y\u00fcksek Performansl\u0131 Dinamik Sis Kuzey Aray\u0131c\u0131 (0.02 \u00b0 -0.5 \u00b0)"},"content":{"rendered":"<p><strong><b>Ba\u015fvuru<\/b><\/strong><\/p>\n<p>Kuzey arac\u0131<\/p>\n<p>Navigasyon ve kontrol<\/p>\n<p>Tutum referans sistemi<\/p>\n<p>Rehberlik<\/p>\n<p>Ara\u00e7 ve gemi tutumu \u00f6l\u00e7\u00fcm\u00fc<\/p>\n<p>Entegre Atalet \/satellite navigasyon sistemi<\/p>\n<p>Sondaj ve \u00fcretim sistemi<\/p>\n<p>Mobil e\u015fleme sistemi<\/p>\n<p>Ortada<\/p>\n<p>If interested in High Performance Dynamic FOG North Finder, pls contact us: info@andelutech.com<\/p>","protected":false},"excerpt":{"rendered":"<p><strong><b>Girii\u015f<\/b><\/strong><\/p>\n<p>Ve-FNS-01 Y\u00fcksek Performans Dinamik\u00a0<span style=\"color: #0000ff;\">Sis Kuzey arayan<\/span>\u00a0(0.02\u00b0-0.5\u00b0) consists of high precision, rugged solid FOG, quartz accelerometer, data acquisition and processing unit. It can provide its true north position information when the carrier moves. At the same time, the information of motion attitude, velocity and position of the carrier can also be displayed.<\/p>\n<p>Application\uff1aThis dynamic north seeker is suitable for static and dynamic initial alignment of missile launch, weapon aiming, direction control of radar, antenna and land surveying and mapping.<\/p>","protected":false},"featured_media":1778,"comment_status":"open","ping_status":"closed","template":"","meta":[],"product_brand":[],"product_cat":[22],"product_tag":[],"class_list":{"0":"post-1775","1":"product","2":"type-product","3":"status-publish","4":"has-post-thumbnail","6":"product_cat-gyro-sensor","8":"first","9":"instock","10":"shipping-taxable","11":"product-type-simple"},"_links":{"self":[{"href":"https:\/\/www.andelutech.com\/tr\/wp-json\/wp\/v2\/product\/1775","targetHints":{"allow":["GET"]}}],"collection":[{"href":"https:\/\/www.andelutech.com\/tr\/wp-json\/wp\/v2\/product"}],"about":[{"href":"https:\/\/www.andelutech.com\/tr\/wp-json\/wp\/v2\/types\/product"}],"replies":[{"embeddable":true,"href":"https:\/\/www.andelutech.com\/tr\/wp-json\/wp\/v2\/comments?post=1775"}],"wp:featuredmedia":[{"embeddable":true,"href":"https:\/\/www.andelutech.com\/tr\/wp-json\/wp\/v2\/media\/1778"}],"wp:attachment":[{"href":"https:\/\/www.andelutech.com\/tr\/wp-json\/wp\/v2\/media?parent=1775"}],"wp:term":[{"taxonomy":"product_brand","embeddable":true,"href":"https:\/\/www.andelutech.com\/tr\/wp-json\/wp\/v2\/product_brand?post=1775"},{"taxonomy":"product_cat","embeddable":true,"href":"https:\/\/www.andelutech.com\/tr\/wp-json\/wp\/v2\/product_cat?post=1775"},{"taxonomy":"product_tag","embeddable":true,"href":"https:\/\/www.andelutech.com\/tr\/wp-json\/wp\/v2\/product_tag?post=1775"}],"curies":[{"name":"wp","href":"https:\/\/api.w.org\/{rel}","templated":true}]}}