{"id":3699,"date":"2026-03-26T16:27:45","date_gmt":"2026-03-26T08:27:45","guid":{"rendered":"https:\/\/www.andelutech.com\/?post_type=product&#038;p=3699"},"modified":"2026-03-26T16:28:32","modified_gmt":"2026-03-26T08:28:32","slug":"and209-photonics-integrated-dual-axis-fiber-optic-gyro","status":"publish","type":"product","link":"https:\/\/www.andelutech.com\/pt\/product\/and209-photonics-integrated-dual-axis-fiber-optic-gyro\/","title":{"rendered":"AND209 Photonics integrated dual-axis fiber optic gyro"},"content":{"rendered":"","protected":false},"excerpt":{"rendered":"<p>Principais indicadores de desempenho<\/p>\n<p>Estabilidade de preconceito zero:[UNK] \u226410\u00b0\/h s[UNK]1\u03c3)<\/p>\n<p>Repetibilidade de preconceito zero:<\/p>\n<p>Estabilidade de temperatura vari\u00e1vel : \u226450\u00b0\/h<\/p>\n<p>Factor de escala n\u00e3o linearidade :[UNK] \u22645000ppm<\/p>\n<p>Repetibilidade de escala de temperatura completa :[UNK][UNK][UNK]\u22645%p-p<\/p>\n<p>Rango din\u00e2mico: \u00b1600\u00b0\/s<\/p>\n<p>Passagem aleat\u00f3ria : \u22640,002\u00b0\/\u221ah<\/p>\n<p>Caracter\u00edsticas f\u00edsicas<\/p>\n<p>Dimens\u00f5es : [UNK][UNK][UNK][UNK][UNK]\u03a648mm\u00d753mm<\/p>\n<p>Peso : 165g\u00b110g<\/p>\n<p>Interface de produtos<\/p>\n<p>Requisitos de fornecimento de energia :[UNK][UNK];5V<\/p>\n<p>Forma de sa\u00edda: tens\u00e3o anal\u00f3gica<\/p>\n<p>Adaptabilidade ambiental<\/p>\n<p>Operadora de temperatura : [UNK]-50[UNK]- 75[UNK]<\/p>\n<p>Almacenamento<\/p>\n<p>Resistente ao impacto: 500g<\/p>\n<p>Resistente a vibra\u00e7\u00f5es aleat\u00f3rias: 20g<\/p>\n<p>Resist\u00eancia \u00e0 acelera\u00e7\u00e3o: 70g<\/p>\n<p>Caracter\u00edsticas do produto<\/p>\n<p>Pequeno tamanho, baixo consumo de energia, baixo custo, alta confiabilidade Aplica\u00e7\u00f5es: buscador, controle de atitude<\/p>","protected":false},"featured_media":3311,"comment_status":"closed","ping_status":"closed","template":"","meta":[],"product_brand":[],"product_cat":[22],"product_tag":[],"class_list":{"0":"post-3699","1":"product","2":"type-product","3":"status-publish","4":"has-post-thumbnail","6":"product_cat-gyro-sensor","8":"first","9":"instock","10":"shipping-taxable","11":"product-type-simple"},"_links":{"self":[{"href":"https:\/\/www.andelutech.com\/pt\/wp-json\/wp\/v2\/product\/3699","targetHints":{"allow":["GET"]}}],"collection":[{"href":"https:\/\/www.andelutech.com\/pt\/wp-json\/wp\/v2\/product"}],"about":[{"href":"https:\/\/www.andelutech.com\/pt\/wp-json\/wp\/v2\/types\/product"}],"replies":[{"embeddable":true,"href":"https:\/\/www.andelutech.com\/pt\/wp-json\/wp\/v2\/comments?post=3699"}],"wp:featuredmedia":[{"embeddable":true,"href":"https:\/\/www.andelutech.com\/pt\/wp-json\/wp\/v2\/media\/3311"}],"wp:attachment":[{"href":"https:\/\/www.andelutech.com\/pt\/wp-json\/wp\/v2\/media?parent=3699"}],"wp:term":[{"taxonomy":"product_brand","embeddable":true,"href":"https:\/\/www.andelutech.com\/pt\/wp-json\/wp\/v2\/product_brand?post=3699"},{"taxonomy":"product_cat","embeddable":true,"href":"https:\/\/www.andelutech.com\/pt\/wp-json\/wp\/v2\/product_cat?post=3699"},{"taxonomy":"product_tag","embeddable":true,"href":"https:\/\/www.andelutech.com\/pt\/wp-json\/wp\/v2\/product_tag?post=3699"}],"curies":[{"name":"wp","href":"https:\/\/api.w.org\/{rel}","templated":true}]}}