{"id":3144,"date":"2025-08-14T16:50:08","date_gmt":"2025-08-14T08:50:08","guid":{"rendered":"https:\/\/www.andelutech.com\/?post_type=product&#038;p=3144"},"modified":"2026-03-26T15:05:21","modified_gmt":"2026-03-26T07:05:21","slug":"micro-photonic-integrated-fiber-optic-gyroscope-and109","status":"publish","type":"product","link":"https:\/\/www.andelutech.com\/pt\/product\/micro-photonic-integrated-fiber-optic-gyroscope-and109\/","title":{"rendered":"AND109 Micro photonic integrated fiber optic gyroscope"},"content":{"rendered":"<p>Principais indicadores de desempenho<\/p>\n<p>Estabilidade zero-vi\u00e9s :\u00b0\/h s[UNK]1\u03c3 s;<\/p>\n<p>Repetibilidade de vi\u00e9s zero \u226410\u00b0\/h<\/p>\n<p>Estabilidade de temperatura vari\u00e1vel \u226450\u00b0\/h<\/p>\n<p>Factor de escala n\u00e3o linearidade \u22645000ppm<\/p>\n<p>Repetibilidade da escala de temperatura completa :\u22645%p-p<\/p>\n<p>Rango din\u00e2mico :\u00b1600\u00b0\/s<\/p>\n<p>Caminhando aleat\u00f3rio :\u00b1600\u00b0\/s<\/p>\n<p>Caracter\u00edsticas f\u00edsicas<\/p>\n<p>Dimens\u00f5es : \u03a624mm\u00d750mm<\/p>\n<p>Peso : 35g\u00b15g<\/p>\n<p>Adaptabilidade ambiental<\/p>\n<p>Temperatura operacional :-50[UNK]- 75[UNK]<\/p>\n<p>Temperatura de armazenamento :-55[UNK]- 85[UNK]<\/p>\n<p>Resistente ao impacto:500g<\/p>\n<p>Resistente a vibra\u00e7\u00f5es aleat\u00f3rias:20g<\/p>\n<p>Resist\u00eancia \u00e0 acelera\u00e7\u00e3o: 70g<\/p>\n<p>Interface de produtos<\/p>\n<p>Requisitos de abastecimento de energia :V<\/p>\n<p>Forma de sa\u00edda: tens\u00e3o anal\u00f3gica<\/p>","protected":false},"excerpt":{"rendered":"<p>Caracter\u00edsticas do produto<\/p>\n<p>Pequeno tamanho, baixo consumo de energia, baixo custo, alta confiabilidade<\/p>\n<p>Aplica\u00e7\u00f5es: buscador, controle de atitude<\/p>","protected":false},"featured_media":3145,"comment_status":"closed","ping_status":"closed","template":"","meta":[],"product_brand":[],"product_cat":[22],"product_tag":[],"class_list":{"0":"post-3144","1":"product","2":"type-product","3":"status-publish","4":"has-post-thumbnail","6":"product_cat-gyro-sensor","8":"first","9":"instock","10":"shipping-taxable","11":"product-type-simple"},"_links":{"self":[{"href":"https:\/\/www.andelutech.com\/pt\/wp-json\/wp\/v2\/product\/3144","targetHints":{"allow":["GET"]}}],"collection":[{"href":"https:\/\/www.andelutech.com\/pt\/wp-json\/wp\/v2\/product"}],"about":[{"href":"https:\/\/www.andelutech.com\/pt\/wp-json\/wp\/v2\/types\/product"}],"replies":[{"embeddable":true,"href":"https:\/\/www.andelutech.com\/pt\/wp-json\/wp\/v2\/comments?post=3144"}],"wp:featuredmedia":[{"embeddable":true,"href":"https:\/\/www.andelutech.com\/pt\/wp-json\/wp\/v2\/media\/3145"}],"wp:attachment":[{"href":"https:\/\/www.andelutech.com\/pt\/wp-json\/wp\/v2\/media?parent=3144"}],"wp:term":[{"taxonomy":"product_brand","embeddable":true,"href":"https:\/\/www.andelutech.com\/pt\/wp-json\/wp\/v2\/product_brand?post=3144"},{"taxonomy":"product_cat","embeddable":true,"href":"https:\/\/www.andelutech.com\/pt\/wp-json\/wp\/v2\/product_cat?post=3144"},{"taxonomy":"product_tag","embeddable":true,"href":"https:\/\/www.andelutech.com\/pt\/wp-json\/wp\/v2\/product_tag?post=3144"}],"curies":[{"name":"wp","href":"https:\/\/api.w.org\/{rel}","templated":true}]}}