{"id":3141,"date":"2025-08-14T16:09:55","date_gmt":"2025-08-14T08:09:55","guid":{"rendered":"https:\/\/www.andelutech.com\/?post_type=product&#038;p=3141"},"modified":"2026-03-26T15:06:33","modified_gmt":"2026-03-26T07:06:33","slug":"and320-inertial-measurement-unit","status":"publish","type":"product","link":"https:\/\/www.andelutech.com\/pt\/product\/and320-inertial-measurement-unit\/","title":{"rendered":"AND320 Unidade de medi\u00e7\u00e3o inercial"},"content":{"rendered":"","protected":false},"excerpt":{"rendered":"<p>Caracter\u00edsticas do produto<\/p>\n<p>Este produto \u00e9 uma unidade de medida inercial miniaturizada, incluindo um girosc\u00f3pio de tr\u00eas eixos e um metro de adi\u00e7\u00e3o de tr\u00eas eixos<\/p>\n<p>Campo de Aplica\u00e7\u00f5es<\/p>\n<p>Miniaturizado posicionamento e orienta\u00e7\u00e3o de alto desempenho<\/p>","protected":false},"featured_media":3296,"comment_status":"closed","ping_status":"closed","template":"","meta":[],"product_brand":[],"product_cat":[26],"product_tag":[37],"class_list":{"0":"post-3141","1":"product","2":"type-product","3":"status-publish","4":"has-post-thumbnail","6":"product_cat-imu-mems-ins","7":"product_tag-inertial-measurement-unit","9":"first","10":"instock","11":"shipping-taxable","12":"product-type-simple"},"_links":{"self":[{"href":"https:\/\/www.andelutech.com\/pt\/wp-json\/wp\/v2\/product\/3141","targetHints":{"allow":["GET"]}}],"collection":[{"href":"https:\/\/www.andelutech.com\/pt\/wp-json\/wp\/v2\/product"}],"about":[{"href":"https:\/\/www.andelutech.com\/pt\/wp-json\/wp\/v2\/types\/product"}],"replies":[{"embeddable":true,"href":"https:\/\/www.andelutech.com\/pt\/wp-json\/wp\/v2\/comments?post=3141"}],"wp:featuredmedia":[{"embeddable":true,"href":"https:\/\/www.andelutech.com\/pt\/wp-json\/wp\/v2\/media\/3296"}],"wp:attachment":[{"href":"https:\/\/www.andelutech.com\/pt\/wp-json\/wp\/v2\/media?parent=3141"}],"wp:term":[{"taxonomy":"product_brand","embeddable":true,"href":"https:\/\/www.andelutech.com\/pt\/wp-json\/wp\/v2\/product_brand?post=3141"},{"taxonomy":"product_cat","embeddable":true,"href":"https:\/\/www.andelutech.com\/pt\/wp-json\/wp\/v2\/product_cat?post=3141"},{"taxonomy":"product_tag","embeddable":true,"href":"https:\/\/www.andelutech.com\/pt\/wp-json\/wp\/v2\/product_tag?post=3141"}],"curies":[{"name":"wp","href":"https:\/\/api.w.org\/{rel}","templated":true}]}}