{"id":3124,"date":"2025-08-07T14:36:22","date_gmt":"2025-08-07T06:36:22","guid":{"rendered":"https:\/\/www.andelutech.com\/?post_type=product&#038;p=3124"},"modified":"2025-08-27T14:55:49","modified_gmt":"2025-08-27T06:55:49","slug":"gp-series-circular-electrical-connector-2","status":"publish","type":"product","link":"https:\/\/www.andelutech.com\/pt\/product\/gp-series-circular-electrical-connector-2\/","title":{"rendered":"Conector el\u00e9trico circular da s\u00e9rie GP"},"content":{"rendered":"","protected":false},"excerpt":{"rendered":"<p>Produto modificado do conector el\u00e9trico P<\/p>\n<p>O tamanho de montagem e posicionamento \u00e9 totalmente consistente com P<\/p>\n<p>10 tamanhos de conchas e 5 especifica\u00e7\u00f5es de contato<\/p>\n<p>Conex\u00e3o r\u00e1pida Bayonet<\/p>\n<p>Posicionamento de cinco teclas com fun\u00e7\u00e3o de inser\u00e7\u00e3o cega<\/p>\n<p>Identifica\u00e7\u00e3o de posicionamento com cinco chaves pode evitar inser\u00e7\u00e3o incorrecta<\/p>\n<p>TM de springtac duas curvas altamente confi\u00e1vel<\/p>\n<p>O grampo de cabos de flex\u00e3o totalmente fechado \u00e9 com fun\u00e7\u00e3o anti-rotativa<\/p>\n<p>O contato do pino e o contato do soquete est\u00e3o dispon\u00edveis para plugue e soquete<\/p>","protected":false},"featured_media":3125,"comment_status":"closed","ping_status":"closed","template":"","meta":[],"product_brand":[],"product_cat":[36],"product_tag":[],"class_list":{"0":"post-3124","1":"product","2":"type-product","3":"status-publish","4":"has-post-thumbnail","6":"product_cat-electrical-connector","8":"first","9":"instock","10":"shipping-taxable","11":"product-type-simple"},"_links":{"self":[{"href":"https:\/\/www.andelutech.com\/pt\/wp-json\/wp\/v2\/product\/3124","targetHints":{"allow":["GET"]}}],"collection":[{"href":"https:\/\/www.andelutech.com\/pt\/wp-json\/wp\/v2\/product"}],"about":[{"href":"https:\/\/www.andelutech.com\/pt\/wp-json\/wp\/v2\/types\/product"}],"replies":[{"embeddable":true,"href":"https:\/\/www.andelutech.com\/pt\/wp-json\/wp\/v2\/comments?post=3124"}],"wp:featuredmedia":[{"embeddable":true,"href":"https:\/\/www.andelutech.com\/pt\/wp-json\/wp\/v2\/media\/3125"}],"wp:attachment":[{"href":"https:\/\/www.andelutech.com\/pt\/wp-json\/wp\/v2\/media?parent=3124"}],"wp:term":[{"taxonomy":"product_brand","embeddable":true,"href":"https:\/\/www.andelutech.com\/pt\/wp-json\/wp\/v2\/product_brand?post=3124"},{"taxonomy":"product_cat","embeddable":true,"href":"https:\/\/www.andelutech.com\/pt\/wp-json\/wp\/v2\/product_cat?post=3124"},{"taxonomy":"product_tag","embeddable":true,"href":"https:\/\/www.andelutech.com\/pt\/wp-json\/wp\/v2\/product_tag?post=3124"}],"curies":[{"name":"wp","href":"https:\/\/api.w.org\/{rel}","templated":true}]}}