{"id":3120,"date":"2025-08-07T14:29:30","date_gmt":"2025-08-07T06:29:30","guid":{"rendered":"https:\/\/www.andelutech.com\/?post_type=product&#038;p=3120"},"modified":"2025-08-27T10:43:14","modified_gmt":"2025-08-27T02:43:14","slug":"ysc-and-ch-electrical-connector-2","status":"publish","type":"product","link":"https:\/\/www.andelutech.com\/pt\/product\/ysc-and-ch-electrical-connector-2\/","title":{"rendered":"Conector el\u00e9trico YSC e CH"},"content":{"rendered":"","protected":false},"excerpt":{"rendered":"<p>Os produtos da s\u00e9rie se conformam com a especifica\u00e7\u00e3o geral do MIL-C-5015H da Circular<\/p>\n<p>Conector el\u00e9trico e especifica\u00e7\u00e3o t\u00e9cnica Q\/3E20050-2003, e s\u00e3o amplamente<\/p>\n<p>usados para conex\u00e3o el\u00e9trica no aeroespa\u00e7o, comunica\u00e7\u00e3o, televis\u00e3o, ve\u00edculo, navio e<\/p>\n<p>outros dispositivos eletr\u00f4nicos e el\u00e9tricos.<\/p>","protected":false},"featured_media":3121,"comment_status":"closed","ping_status":"closed","template":"","meta":[],"product_brand":[],"product_cat":[36],"product_tag":[],"class_list":{"0":"post-3120","1":"product","2":"type-product","3":"status-publish","4":"has-post-thumbnail","6":"product_cat-electrical-connector","8":"first","9":"instock","10":"shipping-taxable","11":"product-type-simple"},"_links":{"self":[{"href":"https:\/\/www.andelutech.com\/pt\/wp-json\/wp\/v2\/product\/3120","targetHints":{"allow":["GET"]}}],"collection":[{"href":"https:\/\/www.andelutech.com\/pt\/wp-json\/wp\/v2\/product"}],"about":[{"href":"https:\/\/www.andelutech.com\/pt\/wp-json\/wp\/v2\/types\/product"}],"replies":[{"embeddable":true,"href":"https:\/\/www.andelutech.com\/pt\/wp-json\/wp\/v2\/comments?post=3120"}],"wp:featuredmedia":[{"embeddable":true,"href":"https:\/\/www.andelutech.com\/pt\/wp-json\/wp\/v2\/media\/3121"}],"wp:attachment":[{"href":"https:\/\/www.andelutech.com\/pt\/wp-json\/wp\/v2\/media?parent=3120"}],"wp:term":[{"taxonomy":"product_brand","embeddable":true,"href":"https:\/\/www.andelutech.com\/pt\/wp-json\/wp\/v2\/product_brand?post=3120"},{"taxonomy":"product_cat","embeddable":true,"href":"https:\/\/www.andelutech.com\/pt\/wp-json\/wp\/v2\/product_cat?post=3120"},{"taxonomy":"product_tag","embeddable":true,"href":"https:\/\/www.andelutech.com\/pt\/wp-json\/wp\/v2\/product_tag?post=3120"}],"curies":[{"name":"wp","href":"https:\/\/api.w.org\/{rel}","templated":true}]}}