{"id":3118,"date":"2025-08-07T14:27:43","date_gmt":"2025-08-07T06:27:43","guid":{"rendered":"https:\/\/www.andelutech.com\/?post_type=product&#038;p=3118"},"modified":"2025-08-27T10:38:29","modified_gmt":"2025-08-27T02:38:29","slug":"ty-4-electrical-connector-2","status":"publish","type":"product","link":"https:\/\/www.andelutech.com\/pt\/product\/ty-4-electrical-connector-2\/","title":{"rendered":"Conector el\u00e9trico TY-4"},"content":{"rendered":"","protected":false},"excerpt":{"rendered":"<p>Os produtos de s\u00e9rie se conformam com os requisitos de<\/p>\n<p>O padr\u00e3o Q\/3E20032-2003, e \u00e9 amplamente aplicado na avia\u00e7\u00e3o,<\/p>\n<p>aeroespa\u00e7o, carro e outras unidades el\u00e9tricas, e usadas para<\/p>\n<p>conex\u00e3o el\u00e9trica da linha principal de comunica\u00e7\u00e3o em aeronaves<\/p>\n<p>capacete.<\/p>","protected":false},"featured_media":3119,"comment_status":"closed","ping_status":"closed","template":"","meta":[],"product_brand":[],"product_cat":[36],"product_tag":[],"class_list":{"0":"post-3118","1":"product","2":"type-product","3":"status-publish","4":"has-post-thumbnail","6":"product_cat-electrical-connector","8":"first","9":"instock","10":"shipping-taxable","11":"product-type-simple"},"_links":{"self":[{"href":"https:\/\/www.andelutech.com\/pt\/wp-json\/wp\/v2\/product\/3118","targetHints":{"allow":["GET"]}}],"collection":[{"href":"https:\/\/www.andelutech.com\/pt\/wp-json\/wp\/v2\/product"}],"about":[{"href":"https:\/\/www.andelutech.com\/pt\/wp-json\/wp\/v2\/types\/product"}],"replies":[{"embeddable":true,"href":"https:\/\/www.andelutech.com\/pt\/wp-json\/wp\/v2\/comments?post=3118"}],"wp:featuredmedia":[{"embeddable":true,"href":"https:\/\/www.andelutech.com\/pt\/wp-json\/wp\/v2\/media\/3119"}],"wp:attachment":[{"href":"https:\/\/www.andelutech.com\/pt\/wp-json\/wp\/v2\/media?parent=3118"}],"wp:term":[{"taxonomy":"product_brand","embeddable":true,"href":"https:\/\/www.andelutech.com\/pt\/wp-json\/wp\/v2\/product_brand?post=3118"},{"taxonomy":"product_cat","embeddable":true,"href":"https:\/\/www.andelutech.com\/pt\/wp-json\/wp\/v2\/product_cat?post=3118"},{"taxonomy":"product_tag","embeddable":true,"href":"https:\/\/www.andelutech.com\/pt\/wp-json\/wp\/v2\/product_tag?post=3118"}],"curies":[{"name":"wp","href":"https:\/\/api.w.org\/{rel}","templated":true}]}}