{"id":3110,"date":"2025-08-07T14:04:58","date_gmt":"2025-08-07T06:04:58","guid":{"rendered":"https:\/\/www.andelutech.com\/?post_type=product&#038;p=3110"},"modified":"2025-08-27T10:13:36","modified_gmt":"2025-08-27T02:13:36","slug":"ct-m-series-glass-sealed-socket-2","status":"publish","type":"product","link":"https:\/\/www.andelutech.com\/pt\/product\/ct-m-series-glass-sealed-socket-2\/","title":{"rendered":"Soquete selado de vidro da s\u00e9rie CT-M"},"content":{"rendered":"","protected":false},"excerpt":{"rendered":"<p>O produto se conforma com os requisitos do padr\u00e3o Q\/3E 58-89, e<\/p>\n<p>elementos parciais (como inser\u00e7\u00e3o e separa\u00e7\u00e3o do momento, l\u00edquido<\/p>\n<p>imers\u00e3o e outros adotam MIL-C-26482G e MIL-C-83723D<\/p>\n<p>Conectores Circular Eletricos Resistentes ao Ambiente &#8211; Militar dos EUA<\/p>\n<p>Especifica\u00e7\u00e3o O produto \u00e9 usado para conex\u00e3o el\u00e9trica de aeronaves<\/p>\n<p>cabina e outras unidades el\u00e9tricas com requisitos de resist\u00eancia a\u00e9rea<\/p>","protected":false},"featured_media":3111,"comment_status":"closed","ping_status":"closed","template":"","meta":[],"product_brand":[],"product_cat":[36],"product_tag":[],"class_list":{"0":"post-3110","1":"product","2":"type-product","3":"status-publish","4":"has-post-thumbnail","6":"product_cat-electrical-connector","8":"first","9":"instock","10":"shipping-taxable","11":"product-type-simple"},"_links":{"self":[{"href":"https:\/\/www.andelutech.com\/pt\/wp-json\/wp\/v2\/product\/3110","targetHints":{"allow":["GET"]}}],"collection":[{"href":"https:\/\/www.andelutech.com\/pt\/wp-json\/wp\/v2\/product"}],"about":[{"href":"https:\/\/www.andelutech.com\/pt\/wp-json\/wp\/v2\/types\/product"}],"replies":[{"embeddable":true,"href":"https:\/\/www.andelutech.com\/pt\/wp-json\/wp\/v2\/comments?post=3110"}],"wp:featuredmedia":[{"embeddable":true,"href":"https:\/\/www.andelutech.com\/pt\/wp-json\/wp\/v2\/media\/3111"}],"wp:attachment":[{"href":"https:\/\/www.andelutech.com\/pt\/wp-json\/wp\/v2\/media?parent=3110"}],"wp:term":[{"taxonomy":"product_brand","embeddable":true,"href":"https:\/\/www.andelutech.com\/pt\/wp-json\/wp\/v2\/product_brand?post=3110"},{"taxonomy":"product_cat","embeddable":true,"href":"https:\/\/www.andelutech.com\/pt\/wp-json\/wp\/v2\/product_cat?post=3110"},{"taxonomy":"product_tag","embeddable":true,"href":"https:\/\/www.andelutech.com\/pt\/wp-json\/wp\/v2\/product_tag?post=3110"}],"curies":[{"name":"wp","href":"https:\/\/api.w.org\/{rel}","templated":true}]}}