{"id":3100,"date":"2025-08-07T13:33:56","date_gmt":"2025-08-07T05:33:56","guid":{"rendered":"https:\/\/www.andelutech.com\/?post_type=product&#038;p=3100"},"modified":"2025-08-26T17:35:17","modified_gmt":"2025-08-26T09:35:17","slug":"x-series-electrical-connector-2","status":"publish","type":"product","link":"https:\/\/www.andelutech.com\/pt\/product\/x-series-electrical-connector-2\/","title":{"rendered":"X da s\u00e9rie Connector el\u00e9trico"},"content":{"rendered":"","protected":false},"excerpt":{"rendered":"<p>O produto se conforma com os requisitos do padr\u00e3o Q\/3E 20006-2003 e<\/p>\n<p>corresponde a conectores el\u00e9tricos com o c\u00f3digo de nome russo de 2PM, 2PM\u0393<\/p>\n<p>e assim por diante, e atende \u00e0s especifica\u00e7\u00f5es t\u00e9cnicas do GJAO. 364,020TY. Ela \u00e9 amplamente<\/p>\n<p>aplicados na avia\u00e7\u00e3o, armas e outros campos militares e civis, e usados para<\/p>\n<p>conectar e desconectar equipamento el\u00e9trico e circuito de r\u00e1dio<\/p>","protected":false},"featured_media":3101,"comment_status":"closed","ping_status":"closed","template":"","meta":[],"product_brand":[],"product_cat":[36],"product_tag":[],"class_list":{"0":"post-3100","1":"product","2":"type-product","3":"status-publish","4":"has-post-thumbnail","6":"product_cat-electrical-connector","8":"first","9":"instock","10":"shipping-taxable","11":"product-type-simple"},"_links":{"self":[{"href":"https:\/\/www.andelutech.com\/pt\/wp-json\/wp\/v2\/product\/3100","targetHints":{"allow":["GET"]}}],"collection":[{"href":"https:\/\/www.andelutech.com\/pt\/wp-json\/wp\/v2\/product"}],"about":[{"href":"https:\/\/www.andelutech.com\/pt\/wp-json\/wp\/v2\/types\/product"}],"replies":[{"embeddable":true,"href":"https:\/\/www.andelutech.com\/pt\/wp-json\/wp\/v2\/comments?post=3100"}],"wp:featuredmedia":[{"embeddable":true,"href":"https:\/\/www.andelutech.com\/pt\/wp-json\/wp\/v2\/media\/3101"}],"wp:attachment":[{"href":"https:\/\/www.andelutech.com\/pt\/wp-json\/wp\/v2\/media?parent=3100"}],"wp:term":[{"taxonomy":"product_brand","embeddable":true,"href":"https:\/\/www.andelutech.com\/pt\/wp-json\/wp\/v2\/product_brand?post=3100"},{"taxonomy":"product_cat","embeddable":true,"href":"https:\/\/www.andelutech.com\/pt\/wp-json\/wp\/v2\/product_cat?post=3100"},{"taxonomy":"product_tag","embeddable":true,"href":"https:\/\/www.andelutech.com\/pt\/wp-json\/wp\/v2\/product_tag?post=3100"}],"curies":[{"name":"wp","href":"https:\/\/api.w.org\/{rel}","templated":true}]}}