{"id":3093,"date":"2025-08-07T13:13:32","date_gmt":"2025-08-07T05:13:32","guid":{"rendered":"https:\/\/www.andelutech.com\/?post_type=product&#038;p=3093"},"modified":"2025-08-26T15:59:13","modified_gmt":"2025-08-26T07:59:13","slug":"mp1-series-miniature-electrical-connector-2","status":"publish","type":"product","link":"https:\/\/www.andelutech.com\/pt\/product\/mp1-series-miniature-electrical-connector-2\/","title":{"rendered":"MP1 S\u00e9rie Miniatura Connector El\u00e9trico"},"content":{"rendered":"","protected":false},"excerpt":{"rendered":"<p>MP1 Miniature Electrical Connector \u00e9 selado, e pode ser usado em circuito AC<\/p>\n<p>abaixo de 3MHz e com for\u00e7a corrente de 5A e tens\u00e3o de trabalho de 140V.<\/p>\n<p>Modelo dom\u00e9stico: MP1<\/p>","protected":false},"featured_media":3094,"comment_status":"closed","ping_status":"closed","template":"","meta":[],"product_brand":[],"product_cat":[36],"product_tag":[],"class_list":{"0":"post-3093","1":"product","2":"type-product","3":"status-publish","4":"has-post-thumbnail","6":"product_cat-electrical-connector","8":"first","9":"instock","10":"shipping-taxable","11":"product-type-simple"},"_links":{"self":[{"href":"https:\/\/www.andelutech.com\/pt\/wp-json\/wp\/v2\/product\/3093","targetHints":{"allow":["GET"]}}],"collection":[{"href":"https:\/\/www.andelutech.com\/pt\/wp-json\/wp\/v2\/product"}],"about":[{"href":"https:\/\/www.andelutech.com\/pt\/wp-json\/wp\/v2\/types\/product"}],"replies":[{"embeddable":true,"href":"https:\/\/www.andelutech.com\/pt\/wp-json\/wp\/v2\/comments?post=3093"}],"wp:featuredmedia":[{"embeddable":true,"href":"https:\/\/www.andelutech.com\/pt\/wp-json\/wp\/v2\/media\/3094"}],"wp:attachment":[{"href":"https:\/\/www.andelutech.com\/pt\/wp-json\/wp\/v2\/media?parent=3093"}],"wp:term":[{"taxonomy":"product_brand","embeddable":true,"href":"https:\/\/www.andelutech.com\/pt\/wp-json\/wp\/v2\/product_brand?post=3093"},{"taxonomy":"product_cat","embeddable":true,"href":"https:\/\/www.andelutech.com\/pt\/wp-json\/wp\/v2\/product_cat?post=3093"},{"taxonomy":"product_tag","embeddable":true,"href":"https:\/\/www.andelutech.com\/pt\/wp-json\/wp\/v2\/product_tag?post=3093"}],"curies":[{"name":"wp","href":"https:\/\/api.w.org\/{rel}","templated":true}]}}