{"id":3089,"date":"2025-08-07T10:59:08","date_gmt":"2025-08-07T02:59:08","guid":{"rendered":"https:\/\/www.andelutech.com\/?post_type=product&#038;p=3089"},"modified":"2025-08-26T13:59:49","modified_gmt":"2025-08-26T05:59:49","slug":"pc-series-subminiature-electrical-connector-2","status":"publish","type":"product","link":"https:\/\/www.andelutech.com\/pt\/product\/pc-series-subminiature-electrical-connector-2\/","title":{"rendered":"Connector el\u00e9trico da subinatura de s\u00e9rie de PCs"},"content":{"rendered":"","protected":false},"excerpt":{"rendered":"<p>PC Series Subminiature Circular Electrical Connector \u00e9 usado para conex\u00e3o el\u00e9trica em r\u00e1dio e dispositivos el\u00e9tricos.<\/p>\n<p>O fio que conecta o nojo \u00e9 usado para conectar o conector de cabo ao socket fixado no dispositivo.<\/p>\n<p>Ambos os dispositivos podem ser inseridos diretamente com plug e socket montados em dispositivos para realizar conex\u00e3o (abusi\u00e7\u00e3o de articula\u00e7\u00e3o).<\/p>\n<p>O conector el\u00e9trico circular subminiador cobre o tipo fechado e n\u00e3o fechado, e o plug e o socket s\u00e3o equipados acess\u00f3rio de cauda respectivamente.<\/p>\n<p>O socket \u00e9 para contato com os pins e o plug \u00e9 para contato com os pins.<\/p>\n<p>Modelo dom\u00e9stico: PC<\/p>","protected":false},"featured_media":3090,"comment_status":"closed","ping_status":"closed","template":"","meta":[],"product_brand":[],"product_cat":[36],"product_tag":[],"class_list":{"0":"post-3089","1":"product","2":"type-product","3":"status-publish","4":"has-post-thumbnail","6":"product_cat-electrical-connector","8":"first","9":"instock","10":"shipping-taxable","11":"product-type-simple"},"_links":{"self":[{"href":"https:\/\/www.andelutech.com\/pt\/wp-json\/wp\/v2\/product\/3089","targetHints":{"allow":["GET"]}}],"collection":[{"href":"https:\/\/www.andelutech.com\/pt\/wp-json\/wp\/v2\/product"}],"about":[{"href":"https:\/\/www.andelutech.com\/pt\/wp-json\/wp\/v2\/types\/product"}],"replies":[{"embeddable":true,"href":"https:\/\/www.andelutech.com\/pt\/wp-json\/wp\/v2\/comments?post=3089"}],"wp:featuredmedia":[{"embeddable":true,"href":"https:\/\/www.andelutech.com\/pt\/wp-json\/wp\/v2\/media\/3090"}],"wp:attachment":[{"href":"https:\/\/www.andelutech.com\/pt\/wp-json\/wp\/v2\/media?parent=3089"}],"wp:term":[{"taxonomy":"product_brand","embeddable":true,"href":"https:\/\/www.andelutech.com\/pt\/wp-json\/wp\/v2\/product_brand?post=3089"},{"taxonomy":"product_cat","embeddable":true,"href":"https:\/\/www.andelutech.com\/pt\/wp-json\/wp\/v2\/product_cat?post=3089"},{"taxonomy":"product_tag","embeddable":true,"href":"https:\/\/www.andelutech.com\/pt\/wp-json\/wp\/v2\/product_tag?post=3089"}],"curies":[{"name":"wp","href":"https:\/\/api.w.org\/{rel}","templated":true}]}}