{"id":3087,"date":"2025-08-07T10:46:01","date_gmt":"2025-08-07T02:46:01","guid":{"rendered":"https:\/\/www.andelutech.com\/?post_type=product&#038;p=3087"},"modified":"2025-08-26T13:56:03","modified_gmt":"2025-08-26T05:56:03","slug":"ohs-series-subminiature-electrical-connector-2","status":"publish","type":"product","link":"https:\/\/www.andelutech.com\/pt\/product\/ohs-series-subminiature-electrical-connector-2\/","title":{"rendered":"Connector el\u00e9trico da subinata da s\u00e9rie OHS"},"content":{"rendered":"","protected":false},"excerpt":{"rendered":"<p>O conector el\u00e9trico OH C-BC-1 (2) \u00e9 usado para circuitos DC e AC,<\/p>\n<p>e conectar e adotar conex\u00e3o baioneta.<\/p>\n<p>O plug n\u00e3o est\u00e1 equipado com acess\u00f3rio de cauda,<\/p>\n<p>e o socket est\u00e1 equipado com acess\u00f3rio de cauda de pl\u00e1stico reta.<\/p>\n<p>Modelo dom\u00e9stico: OHS<\/p>","protected":false},"featured_media":3088,"comment_status":"closed","ping_status":"closed","template":"","meta":[],"product_brand":[],"product_cat":[36],"product_tag":[],"class_list":{"0":"post-3087","1":"product","2":"type-product","3":"status-publish","4":"has-post-thumbnail","6":"product_cat-electrical-connector","8":"first","9":"instock","10":"shipping-taxable","11":"product-type-simple"},"_links":{"self":[{"href":"https:\/\/www.andelutech.com\/pt\/wp-json\/wp\/v2\/product\/3087","targetHints":{"allow":["GET"]}}],"collection":[{"href":"https:\/\/www.andelutech.com\/pt\/wp-json\/wp\/v2\/product"}],"about":[{"href":"https:\/\/www.andelutech.com\/pt\/wp-json\/wp\/v2\/types\/product"}],"replies":[{"embeddable":true,"href":"https:\/\/www.andelutech.com\/pt\/wp-json\/wp\/v2\/comments?post=3087"}],"wp:featuredmedia":[{"embeddable":true,"href":"https:\/\/www.andelutech.com\/pt\/wp-json\/wp\/v2\/media\/3088"}],"wp:attachment":[{"href":"https:\/\/www.andelutech.com\/pt\/wp-json\/wp\/v2\/media?parent=3087"}],"wp:term":[{"taxonomy":"product_brand","embeddable":true,"href":"https:\/\/www.andelutech.com\/pt\/wp-json\/wp\/v2\/product_brand?post=3087"},{"taxonomy":"product_cat","embeddable":true,"href":"https:\/\/www.andelutech.com\/pt\/wp-json\/wp\/v2\/product_cat?post=3087"},{"taxonomy":"product_tag","embeddable":true,"href":"https:\/\/www.andelutech.com\/pt\/wp-json\/wp\/v2\/product_tag?post=3087"}],"curies":[{"name":"wp","href":"https:\/\/api.w.org\/{rel}","templated":true}]}}