{"id":3078,"date":"2025-08-07T10:26:59","date_gmt":"2025-08-07T02:26:59","guid":{"rendered":"https:\/\/www.andelutech.com\/?post_type=product&#038;p=3078"},"modified":"2025-08-26T13:30:58","modified_gmt":"2025-08-26T05:30:58","slug":"2px-series-electrical-connector-2","status":"publish","type":"product","link":"https:\/\/www.andelutech.com\/pt\/product\/2px-series-electrical-connector-2\/","title":{"rendered":"Conector el\u00e9trico da s\u00e9rie 2px"},"content":{"rendered":"","protected":false},"excerpt":{"rendered":"<p>Conector el\u00e9trico circular 2PM e 2PMD de pequeno tamanho \u00e9 usado para conex\u00e3o el\u00e9trica de aparelhos el\u00e9tricos e dispositivos de r\u00e1dio. O plug e o socket est\u00e3o conectados usando nojo com fios.<\/p>\n<p>2PM\u0393 e 2PMD\u0393 s\u00e3o tipos selados. 2PM\u0393P e 2PM\u0393\u041fD s\u00e3o fechados atrav\u00e9s da parede.<\/p>\n<p>Modelo dom\u00e9stico: 2px<\/p>\n<p>(14:00.<\/p>","protected":false},"featured_media":3079,"comment_status":"closed","ping_status":"closed","template":"","meta":[],"product_brand":[],"product_cat":[36],"product_tag":[],"class_list":{"0":"post-3078","1":"product","2":"type-product","3":"status-publish","4":"has-post-thumbnail","6":"product_cat-electrical-connector","8":"first","9":"instock","10":"shipping-taxable","11":"product-type-simple"},"_links":{"self":[{"href":"https:\/\/www.andelutech.com\/pt\/wp-json\/wp\/v2\/product\/3078","targetHints":{"allow":["GET"]}}],"collection":[{"href":"https:\/\/www.andelutech.com\/pt\/wp-json\/wp\/v2\/product"}],"about":[{"href":"https:\/\/www.andelutech.com\/pt\/wp-json\/wp\/v2\/types\/product"}],"replies":[{"embeddable":true,"href":"https:\/\/www.andelutech.com\/pt\/wp-json\/wp\/v2\/comments?post=3078"}],"wp:featuredmedia":[{"embeddable":true,"href":"https:\/\/www.andelutech.com\/pt\/wp-json\/wp\/v2\/media\/3079"}],"wp:attachment":[{"href":"https:\/\/www.andelutech.com\/pt\/wp-json\/wp\/v2\/media?parent=3078"}],"wp:term":[{"taxonomy":"product_brand","embeddable":true,"href":"https:\/\/www.andelutech.com\/pt\/wp-json\/wp\/v2\/product_brand?post=3078"},{"taxonomy":"product_cat","embeddable":true,"href":"https:\/\/www.andelutech.com\/pt\/wp-json\/wp\/v2\/product_cat?post=3078"},{"taxonomy":"product_tag","embeddable":true,"href":"https:\/\/www.andelutech.com\/pt\/wp-json\/wp\/v2\/product_tag?post=3078"}],"curies":[{"name":"wp","href":"https:\/\/api.w.org\/{rel}","templated":true}]}}