{"id":3074,"date":"2025-08-07T10:19:14","date_gmt":"2025-08-07T02:19:14","guid":{"rendered":"https:\/\/www.andelutech.com\/?post_type=product&#038;p=3074"},"modified":"2025-08-08T14:27:29","modified_gmt":"2025-08-08T06:27:29","slug":"ch%d1%8623-series-electrical-connector","status":"publish","type":"product","link":"https:\/\/www.andelutech.com\/pt\/product\/ch%d1%8623-series-electrical-connector\/","title":{"rendered":"ZH23 Series Electrical Connector"},"content":{"rendered":"","protected":false},"excerpt":{"rendered":"<p>CH \u042623 Series Electrical Connector \u00e9 caracterizado por resist\u00eancia ao ambiente, cinco chaves<\/p>\n<p>posicionando anti-misinser\u00e7\u00e3o, conex\u00e3o r\u00e1pida baioneta e outros. O contato \u00e9<\/p>\n<p>crimping rear-release e last-break type, e usado para circuitos AC\/DC de baixa frequ\u00eancia.<\/p>\n<p>Modelo dom\u00e9stico: ZH23<\/p>","protected":false},"featured_media":3075,"comment_status":"closed","ping_status":"closed","template":"","meta":[],"product_brand":[],"product_cat":[36],"product_tag":[],"class_list":{"0":"post-3074","1":"product","2":"type-product","3":"status-publish","4":"has-post-thumbnail","6":"product_cat-electrical-connector","8":"first","9":"instock","10":"shipping-taxable","11":"product-type-simple"},"_links":{"self":[{"href":"https:\/\/www.andelutech.com\/pt\/wp-json\/wp\/v2\/product\/3074","targetHints":{"allow":["GET"]}}],"collection":[{"href":"https:\/\/www.andelutech.com\/pt\/wp-json\/wp\/v2\/product"}],"about":[{"href":"https:\/\/www.andelutech.com\/pt\/wp-json\/wp\/v2\/types\/product"}],"replies":[{"embeddable":true,"href":"https:\/\/www.andelutech.com\/pt\/wp-json\/wp\/v2\/comments?post=3074"}],"wp:featuredmedia":[{"embeddable":true,"href":"https:\/\/www.andelutech.com\/pt\/wp-json\/wp\/v2\/media\/3075"}],"wp:attachment":[{"href":"https:\/\/www.andelutech.com\/pt\/wp-json\/wp\/v2\/media?parent=3074"}],"wp:term":[{"taxonomy":"product_brand","embeddable":true,"href":"https:\/\/www.andelutech.com\/pt\/wp-json\/wp\/v2\/product_brand?post=3074"},{"taxonomy":"product_cat","embeddable":true,"href":"https:\/\/www.andelutech.com\/pt\/wp-json\/wp\/v2\/product_cat?post=3074"},{"taxonomy":"product_tag","embeddable":true,"href":"https:\/\/www.andelutech.com\/pt\/wp-json\/wp\/v2\/product_tag?post=3074"}],"curies":[{"name":"wp","href":"https:\/\/api.w.org\/{rel}","templated":true}]}}