{"id":3065,"date":"2025-08-07T09:50:35","date_gmt":"2025-08-07T01:50:35","guid":{"rendered":"https:\/\/www.andelutech.com\/?post_type=product&#038;p=3065"},"modified":"2025-08-25T15:34:37","modified_gmt":"2025-08-25T07:34:37","slug":"p-zp-pr-series-electrical-connector-2","status":"publish","type":"product","link":"https:\/\/www.andelutech.com\/pt\/product\/p-zp-pr-series-electrical-connector-2\/","title":{"rendered":"Conector el\u00e9trico da s\u00e9rie P.ZP.PR"},"content":{"rendered":"","protected":false},"excerpt":{"rendered":"<p>O conector el\u00e9trico circular comum \u00e9 um el\u00e9trico padr\u00e3o<\/p>\n<p>conector, e cobre tipo fechado e n\u00e3o fechado. O conector<\/p>\n<p>geralmente consiste na parte (socket) fixada no instrumento e<\/p>\n<p>parte (plug) fixada no cabo, e conectada atrav\u00e9s de nozes de acoplamento.<\/p>\n<p>Modelo dom\u00e9stico: P(\u0428P,ZP (C \u0428P), PR-B(2PTT)<\/p>","protected":false},"featured_media":3066,"comment_status":"closed","ping_status":"closed","template":"","meta":[],"product_brand":[],"product_cat":[36],"product_tag":[],"class_list":{"0":"post-3065","1":"product","2":"type-product","3":"status-publish","4":"has-post-thumbnail","6":"product_cat-electrical-connector","8":"first","9":"instock","10":"shipping-taxable","11":"product-type-simple"},"_links":{"self":[{"href":"https:\/\/www.andelutech.com\/pt\/wp-json\/wp\/v2\/product\/3065","targetHints":{"allow":["GET"]}}],"collection":[{"href":"https:\/\/www.andelutech.com\/pt\/wp-json\/wp\/v2\/product"}],"about":[{"href":"https:\/\/www.andelutech.com\/pt\/wp-json\/wp\/v2\/types\/product"}],"replies":[{"embeddable":true,"href":"https:\/\/www.andelutech.com\/pt\/wp-json\/wp\/v2\/comments?post=3065"}],"wp:featuredmedia":[{"embeddable":true,"href":"https:\/\/www.andelutech.com\/pt\/wp-json\/wp\/v2\/media\/3066"}],"wp:attachment":[{"href":"https:\/\/www.andelutech.com\/pt\/wp-json\/wp\/v2\/media?parent=3065"}],"wp:term":[{"taxonomy":"product_brand","embeddable":true,"href":"https:\/\/www.andelutech.com\/pt\/wp-json\/wp\/v2\/product_brand?post=3065"},{"taxonomy":"product_cat","embeddable":true,"href":"https:\/\/www.andelutech.com\/pt\/wp-json\/wp\/v2\/product_cat?post=3065"},{"taxonomy":"product_tag","embeddable":true,"href":"https:\/\/www.andelutech.com\/pt\/wp-json\/wp\/v2\/product_tag?post=3065"}],"curies":[{"name":"wp","href":"https:\/\/api.w.org\/{rel}","templated":true}]}}