{"id":3048,"date":"2025-07-31T15:42:41","date_gmt":"2025-07-31T07:42:41","guid":{"rendered":"https:\/\/www.andelutech.com\/?post_type=product&#038;p=3048"},"modified":"2026-03-26T15:08:22","modified_gmt":"2026-03-26T07:08:22","slug":"dual-axis-closed-loop-fiber-optic-gyroscope-and230g","status":"publish","type":"product","link":"https:\/\/www.andelutech.com\/pt\/product\/dual-axis-closed-loop-fiber-optic-gyroscope-and230g\/","title":{"rendered":"AND230G Dual-axis closed-loop fiber optic gyroscope"},"content":{"rendered":"<p>Principais indicadores de desempenho<\/p>\n<p>Estabilidade de vi\u00e9s zero:\u22640,1\u00b0\/h s;10s;1\u03c3 s;<\/p>\n<p>Repetibilidade de vi\u00e9s zero:\u22640,1\u00b0\/h<\/p>\n<p>Estabilidade da temperatura vari\u00e1vel:\u22640,3\u00b0\/h s;10s[UNK]1\u03c3 s;<\/p>\n<p>Factor de escala n\u00e3o linearidade: \u226450ppm<\/p>\n<p>Repetibilidade da escala de temperatura completa:\u2264200ppm \u03c3\uff09<\/p>\n<p>Rango din\u00e2mico: \u00b1400\u00b0\/s<\/p>\n<p>Caracter\u00edsticas f\u00edsicas<\/p>\n<p>Dimens\u00f5es:90mm\u00d770mm\u00d765mm<\/p>\n<p>Peso: 710g\u00b115g<\/p>\n<p>Adaptabilidade ambiental<\/p>\n<p>Temperatura operacional:-45[UNK]- 75[UNK]<\/p>\n<p>Temperatura de armazenamento:-55[UNK]- 85[UNK]<\/p>\n<p>Resistente ao impacto:100g<\/p>\n<p>Resistente a vibra\u00e7\u00f5es aleat\u00f3rias:13g<\/p>\n<p>Resist\u00eancia \u00e0 acelera\u00e7\u00e3o: 50g<\/p>\n<p>Interface de produtos<\/p>\n<p>Requisitos de fornecimento de energia: 28V<\/p>\n<p>Forma de sa\u00edda:RS422output<\/p>","protected":false},"excerpt":{"rendered":"<p>Caracter\u00edsticas do produto<\/p>\n<p>Caracter\u00edsticas: O produto adota uma estrutura fotoel\u00e9trica integrada, tudo-<\/p>\n<p>s\u00f3lido, com prote\u00e7\u00e3o de escudos magn\u00e9ticos, e est\u00e1 100% localizado<\/p>\n<p>Campo de aplica\u00e7\u00e3o: Controlo da atitude<\/p>","protected":false},"featured_media":3297,"comment_status":"closed","ping_status":"closed","template":"","meta":[],"product_brand":[],"product_cat":[22],"product_tag":[],"class_list":{"0":"post-3048","1":"product","2":"type-product","3":"status-publish","4":"has-post-thumbnail","6":"product_cat-gyro-sensor","8":"first","9":"instock","10":"shipping-taxable","11":"product-type-simple"},"_links":{"self":[{"href":"https:\/\/www.andelutech.com\/pt\/wp-json\/wp\/v2\/product\/3048","targetHints":{"allow":["GET"]}}],"collection":[{"href":"https:\/\/www.andelutech.com\/pt\/wp-json\/wp\/v2\/product"}],"about":[{"href":"https:\/\/www.andelutech.com\/pt\/wp-json\/wp\/v2\/types\/product"}],"replies":[{"embeddable":true,"href":"https:\/\/www.andelutech.com\/pt\/wp-json\/wp\/v2\/comments?post=3048"}],"wp:featuredmedia":[{"embeddable":true,"href":"https:\/\/www.andelutech.com\/pt\/wp-json\/wp\/v2\/media\/3297"}],"wp:attachment":[{"href":"https:\/\/www.andelutech.com\/pt\/wp-json\/wp\/v2\/media?parent=3048"}],"wp:term":[{"taxonomy":"product_brand","embeddable":true,"href":"https:\/\/www.andelutech.com\/pt\/wp-json\/wp\/v2\/product_brand?post=3048"},{"taxonomy":"product_cat","embeddable":true,"href":"https:\/\/www.andelutech.com\/pt\/wp-json\/wp\/v2\/product_cat?post=3048"},{"taxonomy":"product_tag","embeddable":true,"href":"https:\/\/www.andelutech.com\/pt\/wp-json\/wp\/v2\/product_tag?post=3048"}],"curies":[{"name":"wp","href":"https:\/\/api.w.org\/{rel}","templated":true}]}}