{"id":3042,"date":"2025-07-31T13:34:17","date_gmt":"2025-07-31T05:34:17","guid":{"rendered":"https:\/\/www.andelutech.com\/?post_type=product&#038;p=3042"},"modified":"2026-01-09T13:25:15","modified_gmt":"2026-01-09T05:25:15","slug":"three-axis-closed-loop-fiber-optic-gyroscope-and350s","status":"publish","type":"product","link":"https:\/\/www.andelutech.com\/pt\/product\/three-axis-closed-loop-fiber-optic-gyroscope-and350s\/","title":{"rendered":"AND350SThree-axis closed-loop fiber optic gyroscope"},"content":{"rendered":"","protected":false},"excerpt":{"rendered":"<p>Principais indicadores de desempenho<\/p>\n<p>Estabilidade de vi\u00e9s zero:\u22640,05\u00b0\/h s;10s[UNK]1\u03c3)<\/p>\n<p>Repetibilidade de vi\u00e9s zero:\u22640,05\u00b0\/h<\/p>\n<p>Estabilidade da temperatura vari\u00e1vel:\u22640,1\u00b0\/h s;10s[UNK]1\u03c3[UNK]1[UNK]\/min s;<\/p>\n<p>Factor de escala n\u00e3o linearidade: \u22645ppm<\/p>\n<p>Repetibilidade da escala de temperatura completa:\u226430ppm \u03c3\uff09<\/p>\n<p>Rango din\u00e2mico: \u00b1600\u00b0\/s<\/p>\n<p>Passagem aleat\u00f3ria:\u22640,0025\u00b0\/\u221ah<\/p>\n<p>Caracter\u00edsticas f\u00edsicas<\/p>\n<p>Dimens\u00f5es:90mm\u00d785mm\u00d760mm<\/p>\n<p>Peso: 620g\u00b120g<\/p>\n<p>Adaptabilidade ambiental<\/p>\n<p>Temperatura operacional:-45[UNK]- 75[UNK]<\/p>\n<p>Temperatura de armazenamento:-55[UNK]- 85[UNK]<\/p>\n<p>Resistente ao impacto:20g<\/p>\n<p>Resistente a vibra\u00e7\u00f5es aleat\u00f3rias: 6,3g<\/p>\n<p>Interface de produtos<\/p>\n<p>Requisitos de abastecimento de energia:\u00b15V<\/p>\n<p>Forma de sa\u00edda:RS422output<\/p>\n<p>Caracter\u00edsticas do produto<\/p>\n<p>Caracter\u00edsticas: O produto adota uma estrutura integrada de tr\u00eas eixos<\/p>\n<p>com prote\u00e7\u00e3o de escudos magn\u00e9ticos, e \u00e9 produzido em todo o pa\u00eds<\/p>\n<p>Campo de aplica\u00e7\u00e3o: Micro super sistema de atitude<\/p>","protected":false},"featured_media":2970,"comment_status":"closed","ping_status":"closed","template":"","meta":[],"product_brand":[],"product_cat":[22],"product_tag":[],"class_list":{"0":"post-3042","1":"product","2":"type-product","3":"status-publish","4":"has-post-thumbnail","6":"product_cat-gyro-sensor","8":"first","9":"instock","10":"shipping-taxable","11":"product-type-simple"},"_links":{"self":[{"href":"https:\/\/www.andelutech.com\/pt\/wp-json\/wp\/v2\/product\/3042","targetHints":{"allow":["GET"]}}],"collection":[{"href":"https:\/\/www.andelutech.com\/pt\/wp-json\/wp\/v2\/product"}],"about":[{"href":"https:\/\/www.andelutech.com\/pt\/wp-json\/wp\/v2\/types\/product"}],"replies":[{"embeddable":true,"href":"https:\/\/www.andelutech.com\/pt\/wp-json\/wp\/v2\/comments?post=3042"}],"wp:featuredmedia":[{"embeddable":true,"href":"https:\/\/www.andelutech.com\/pt\/wp-json\/wp\/v2\/media\/2970"}],"wp:attachment":[{"href":"https:\/\/www.andelutech.com\/pt\/wp-json\/wp\/v2\/media?parent=3042"}],"wp:term":[{"taxonomy":"product_brand","embeddable":true,"href":"https:\/\/www.andelutech.com\/pt\/wp-json\/wp\/v2\/product_brand?post=3042"},{"taxonomy":"product_cat","embeddable":true,"href":"https:\/\/www.andelutech.com\/pt\/wp-json\/wp\/v2\/product_cat?post=3042"},{"taxonomy":"product_tag","embeddable":true,"href":"https:\/\/www.andelutech.com\/pt\/wp-json\/wp\/v2\/product_tag?post=3042"}],"curies":[{"name":"wp","href":"https:\/\/api.w.org\/{rel}","templated":true}]}}