{"id":3040,"date":"2025-07-31T13:27:35","date_gmt":"2025-07-31T05:27:35","guid":{"rendered":"https:\/\/www.andelutech.com\/?post_type=product&#038;p=3040"},"modified":"2026-03-26T15:09:52","modified_gmt":"2026-03-26T07:09:52","slug":"three-axis-closed-loop-fiber-optic-gyroscop-and-370a","status":"publish","type":"product","link":"https:\/\/www.andelutech.com\/pt\/product\/three-axis-closed-loop-fiber-optic-gyroscop-and-370a\/","title":{"rendered":"AND-370A Three-axis closed-loop fiber optic gyroscop"},"content":{"rendered":"","protected":false},"excerpt":{"rendered":"<p>Principais indicadores de desempenho<\/p>\n<p>Estabilidade de preconceito zero :[UNK][UNK]\u22640,015\u00b0\/h s;100s[UNK]1\u03c3)<\/p>\n<p>Repetibilidade de preconceito zero :[UNK][UNK]\u22640,01\u00b0\/h<\/p>\n<p>Vari\u00e1vel<\/p>\n<p>N\u00e3o-linearidade do fator de escala de escala :\uf0a5\u226420ppm<\/p>\n<p>Repetibilidade de escala de temperatura completa: [UNK]\u226450ppm \u03c3)<\/p>\n<p>Rango din\u00e2mico :[UNK][UNK]\u00b1400\u00b0\/s<\/p>\n<p>Uma vagueira aleat\u00f3ria :[UNK]\u22640,0015\u00b0\/\u221ah<\/p>\n<p>Caracter\u00edsticas f\u00edsicas<\/p>\n<p>Dimens\u00f5es : [UNK][UNK][UNK]135*114<\/p>\n<p>Peso :<\/p>\n<p>Interface de produtos<\/p>\n<p>Requisitos de fornecimento de pot\u00eancia<\/p>\n<p>Output<\/p>\n<p>Adaptabilidade ambiental<\/p>\n<p>Operadora de temperatura :[UNK]-45[UNK]- 75[UNK]<\/p>\n<p>Almacenamento<\/p>\n<p>Resistente ao impacto: 20g<\/p>\n<p>Resistente a vibra\u00e7\u00f5es aleat\u00f3rias : 7,4g<\/p>\n<p>Resist\u00eancia \u00e0 acelera\u00e7\u00e3o: 50g<\/p>\n<p>Caracter\u00edsticas do produto<\/p>\n<p>Caracter\u00edsticas : O produto adota uma estrutura fotoel\u00e9trica integrada s\u00f3lida, com prote\u00e7\u00e3o magn\u00e9tica e 100% localizada<\/p>\n<p>Aplica\u00e7\u00e3o: Orienta\u00e7\u00e3o, navega\u00e7\u00e3o<\/p>","protected":false},"featured_media":2971,"comment_status":"closed","ping_status":"closed","template":"","meta":[],"product_brand":[],"product_cat":[22],"product_tag":[],"class_list":{"0":"post-3040","1":"product","2":"type-product","3":"status-publish","4":"has-post-thumbnail","6":"product_cat-gyro-sensor","8":"first","9":"instock","10":"shipping-taxable","11":"product-type-simple"},"_links":{"self":[{"href":"https:\/\/www.andelutech.com\/pt\/wp-json\/wp\/v2\/product\/3040","targetHints":{"allow":["GET"]}}],"collection":[{"href":"https:\/\/www.andelutech.com\/pt\/wp-json\/wp\/v2\/product"}],"about":[{"href":"https:\/\/www.andelutech.com\/pt\/wp-json\/wp\/v2\/types\/product"}],"replies":[{"embeddable":true,"href":"https:\/\/www.andelutech.com\/pt\/wp-json\/wp\/v2\/comments?post=3040"}],"wp:featuredmedia":[{"embeddable":true,"href":"https:\/\/www.andelutech.com\/pt\/wp-json\/wp\/v2\/media\/2971"}],"wp:attachment":[{"href":"https:\/\/www.andelutech.com\/pt\/wp-json\/wp\/v2\/media?parent=3040"}],"wp:term":[{"taxonomy":"product_brand","embeddable":true,"href":"https:\/\/www.andelutech.com\/pt\/wp-json\/wp\/v2\/product_brand?post=3040"},{"taxonomy":"product_cat","embeddable":true,"href":"https:\/\/www.andelutech.com\/pt\/wp-json\/wp\/v2\/product_cat?post=3040"},{"taxonomy":"product_tag","embeddable":true,"href":"https:\/\/www.andelutech.com\/pt\/wp-json\/wp\/v2\/product_tag?post=3040"}],"curies":[{"name":"wp","href":"https:\/\/api.w.org\/{rel}","templated":true}]}}