{"id":3039,"date":"2025-07-31T13:23:26","date_gmt":"2025-07-31T05:23:26","guid":{"rendered":"https:\/\/www.andelutech.com\/?post_type=product&#038;p=3039"},"modified":"2026-03-26T15:10:40","modified_gmt":"2026-03-26T07:10:40","slug":"three-axis-closed-loop-fiber-optic-gyro-combination-and380","status":"publish","type":"product","link":"https:\/\/www.andelutech.com\/pt\/product\/three-axis-closed-loop-fiber-optic-gyro-combination-and380\/","title":{"rendered":"AND380 Three-axis closed-loop fiber optic gyro combination"},"content":{"rendered":"","protected":false},"excerpt":{"rendered":"<p>Principais indicadores de desempenho<\/p>\n<p>Estabilidade de preconceito zero :[UNK][UNK]\u22640,007\u00b0\/h s;100s[UNK]1\u03c3)<\/p>\n<p>Repetibilidade de vi\u00e9s zero :[UNK]\u22640,010\u00b0\/h<\/p>\n<p>Vari\u00e1vel[UNK]temperatura[UNK]estabilidade : [UNK]\u22640,02\u00b0\/h s[UNK]100s[UNK]1\u03c3,0,3[UNK]\/min s;<\/p>\n<p>N\u00e3o-linearidade do fator de escala: [UNK]\u22645ppm<\/p>\n<p>Repetibilidade de escala de temperatura completa: [UNK]\u226430ppm \u03c3)<\/p>\n<p>Rango din\u00e2mico :[UNK][UNK]\u00b1400\u00b0\/s<\/p>\n<p>Passagem aleat\u00f3ria : [UNK]\u22640,001\u00b0\/\u221ah<\/p>\n<p>Caracter\u00edsticas f\u00edsicas<\/p>\n<p>Dimens\u00f5es<\/p>\n<p>Cabe\u00e7a da mesa\u03a676mm\u00d715,8mm<\/p>\n<p>Caixa eletr\u00f4nica 120mm\u00d7105mm\u00d726mm<\/p>\n<p>Peso:<\/p>\n<p>Cabe\u00e7a da tabela: 140g\u00d73<\/p>\n<p>Eletr\u00f4nico: a caixa de 250 g<\/p>\n<p>Interface de produtos<\/p>\n<p>Requisitos de abastecimento de energia<\/p>\n<p>Output<\/p>\n<p>Adaptabilidade ambiental<\/p>\n<p>Operadora<\/p>\n<p>Temperatura de armazenagem : [UNK]-55[UNK]- 85[UNK]<\/p>\n<p>Resistente ao impacto:<\/p>\n<p>Resistente a vibra\u00e7\u00f5es aleat\u00f3rias : [UNK]6,8g<\/p>\n<p>Caracter\u00edsticas do produto<\/p>\n<p>Caracter\u00edsticas: O produto adota uma estrutura de tr\u00eas eixos, uma pe\u00e7a, com prote\u00e7\u00e3o magn\u00e9tica<\/p>\n<p>Campo de aplica\u00e7\u00e3o: navega\u00e7\u00e3o de alto desempenho e orienta\u00e7\u00e3o de posicionamento<\/p>","protected":false},"featured_media":2972,"comment_status":"closed","ping_status":"closed","template":"","meta":[],"product_brand":[],"product_cat":[22],"product_tag":[],"class_list":{"0":"post-3039","1":"product","2":"type-product","3":"status-publish","4":"has-post-thumbnail","6":"product_cat-gyro-sensor","8":"first","9":"instock","10":"shipping-taxable","11":"product-type-simple"},"_links":{"self":[{"href":"https:\/\/www.andelutech.com\/pt\/wp-json\/wp\/v2\/product\/3039","targetHints":{"allow":["GET"]}}],"collection":[{"href":"https:\/\/www.andelutech.com\/pt\/wp-json\/wp\/v2\/product"}],"about":[{"href":"https:\/\/www.andelutech.com\/pt\/wp-json\/wp\/v2\/types\/product"}],"replies":[{"embeddable":true,"href":"https:\/\/www.andelutech.com\/pt\/wp-json\/wp\/v2\/comments?post=3039"}],"wp:featuredmedia":[{"embeddable":true,"href":"https:\/\/www.andelutech.com\/pt\/wp-json\/wp\/v2\/media\/2972"}],"wp:attachment":[{"href":"https:\/\/www.andelutech.com\/pt\/wp-json\/wp\/v2\/media?parent=3039"}],"wp:term":[{"taxonomy":"product_brand","embeddable":true,"href":"https:\/\/www.andelutech.com\/pt\/wp-json\/wp\/v2\/product_brand?post=3039"},{"taxonomy":"product_cat","embeddable":true,"href":"https:\/\/www.andelutech.com\/pt\/wp-json\/wp\/v2\/product_cat?post=3039"},{"taxonomy":"product_tag","embeddable":true,"href":"https:\/\/www.andelutech.com\/pt\/wp-json\/wp\/v2\/product_tag?post=3039"}],"curies":[{"name":"wp","href":"https:\/\/api.w.org\/{rel}","templated":true}]}}