{"id":3036,"date":"2025-07-31T13:21:03","date_gmt":"2025-07-31T05:21:03","guid":{"rendered":"https:\/\/www.andelutech.com\/?post_type=product&#038;p=3036"},"modified":"2026-03-26T15:11:56","modified_gmt":"2026-03-26T07:11:56","slug":"three-axis-closed-loop-fiber-optic-gyro-combination-and-380a","status":"publish","type":"product","link":"https:\/\/www.andelutech.com\/pt\/product\/three-axis-closed-loop-fiber-optic-gyro-combination-and-380a\/","title":{"rendered":"AND-380A Three-axis closed-loop fiber optic gyro combination"},"content":{"rendered":"","protected":false},"excerpt":{"rendered":"<p>Principais indicadores de desempenho<\/p>\n<p>Estabilidade de preconceito zero : [UNK][UNK]\u22640,007\u00b0\/h s;100s[UNK]1\u03c3)<\/p>\n<p>Repetibilidade de preconceito zero :[UNK][UNK]\u22640,05\u00b0\/h \u03c3)<\/p>\n<p>Vari\u00e1vel de estabilidade da temperatura : \u22640,05\u00b0\/h s;100s[UNK]3\u03c3,0,3[UNK]\/min s;<\/p>\n<p>Factor de escala[UNK]non-linearidade:[UNK]\u22645ppm<\/p>\n<p>Repetibilidade de escala de temperatura completa: \u226430ppm \u03c3)<\/p>\n<p>Rango din\u00e2mico :[UNK][UNK]\u00b1400\u00b0\/s<\/p>\n<p>Passagem aleat\u00f3ria :[UNK]\u22640,001\u00b0\/\u221ah<\/p>\n<p>Caracter\u00edsticas f\u00edsicas<\/p>\n<p>Dimens\u00f5es : [UNK]127mm\u00d7121,3mm\u00d784mm<\/p>\n<p>Peso :[UNK][UNK]1346\u00b120g<\/p>\n<p>Interface de produtos<\/p>\n<p>Requisitos de fornecimento de pot\u00eancia<\/p>\n<p>Output<\/p>\n<p>Adaptabilidade ambiental<\/p>\n<p>Operadora de temperatura :[UNK]-45[UNK]- 75[UNK]<\/p>\n<p>Temperatura de armazenagem : [UNK]-55[UNK]- 85[UNK]<\/p>\n<p>Resistente ao impacto : [UNK][UNK]30g<\/p>\n<p>Resistente a vibra\u00e7\u00f5es aleat\u00f3rias : [UNK]5,6g<\/p>\n<p>Caracter\u00edsticas do produto<\/p>\n<p>Caracter\u00edsticas: Este produto apresenta uma estrutura integrada de tr\u00eas eixos com prote\u00e7\u00e3o de escudos magn\u00e9ticos e \u00e9 um design completamente produzido no mercado interno.<\/p>\n<p>Campo de aplica\u00e7\u00e3o: Nacionalmente produzida orienta\u00e7\u00e3o de navega\u00e7\u00e3o e posicionamento de alta precis\u00e3o<\/p>","protected":false},"featured_media":2973,"comment_status":"closed","ping_status":"closed","template":"","meta":[],"product_brand":[],"product_cat":[22],"product_tag":[],"class_list":{"0":"post-3036","1":"product","2":"type-product","3":"status-publish","4":"has-post-thumbnail","6":"product_cat-gyro-sensor","8":"first","9":"instock","10":"shipping-taxable","11":"product-type-simple"},"_links":{"self":[{"href":"https:\/\/www.andelutech.com\/pt\/wp-json\/wp\/v2\/product\/3036","targetHints":{"allow":["GET"]}}],"collection":[{"href":"https:\/\/www.andelutech.com\/pt\/wp-json\/wp\/v2\/product"}],"about":[{"href":"https:\/\/www.andelutech.com\/pt\/wp-json\/wp\/v2\/types\/product"}],"replies":[{"embeddable":true,"href":"https:\/\/www.andelutech.com\/pt\/wp-json\/wp\/v2\/comments?post=3036"}],"wp:featuredmedia":[{"embeddable":true,"href":"https:\/\/www.andelutech.com\/pt\/wp-json\/wp\/v2\/media\/2973"}],"wp:attachment":[{"href":"https:\/\/www.andelutech.com\/pt\/wp-json\/wp\/v2\/media?parent=3036"}],"wp:term":[{"taxonomy":"product_brand","embeddable":true,"href":"https:\/\/www.andelutech.com\/pt\/wp-json\/wp\/v2\/product_brand?post=3036"},{"taxonomy":"product_cat","embeddable":true,"href":"https:\/\/www.andelutech.com\/pt\/wp-json\/wp\/v2\/product_cat?post=3036"},{"taxonomy":"product_tag","embeddable":true,"href":"https:\/\/www.andelutech.com\/pt\/wp-json\/wp\/v2\/product_tag?post=3036"}],"curies":[{"name":"wp","href":"https:\/\/api.w.org\/{rel}","templated":true}]}}