{"id":3035,"date":"2025-07-31T13:18:22","date_gmt":"2025-07-31T05:18:22","guid":{"rendered":"https:\/\/www.andelutech.com\/?post_type=product&#038;p=3035"},"modified":"2026-03-26T15:28:06","modified_gmt":"2026-03-26T07:28:06","slug":"three-axis-closed-loop-fiber-optic-gyro-combination-and-380b","status":"publish","type":"product","link":"https:\/\/www.andelutech.com\/pt\/product\/three-axis-closed-loop-fiber-optic-gyro-combination-and-380b\/","title":{"rendered":"AND-380B Three-axis closed-loop fiber optic gyro combination"},"content":{"rendered":"","protected":false},"excerpt":{"rendered":"<p>Principais indicadores de desempenho<\/p>\n<p>Estabilidade de preconceito zero : pequenos aneis \u22640,007\u00b0\/h s;100s;1\u03c3) s; Macro-loop\u22640,0015\u00b0\/h s;100s[UNK]1\u03c3)<\/p>\n<p>Repetibilidade de vi\u00e9s zero:[UNK][UNK] An\u00e9is pequenos \u22640,007\u00b0\/h Macro-loop\u22640,0015\u00b0\/h<\/p>\n<p>Vari\u00e1vel[UNK]temperatura[UNK]estabilidade : pequenos aneis\u22640,02\u00b0\/h s;100s[UNK]1\u03c3)  Macro-loop\u22640,015\u00b0\/h s;100s[UNK]1\u03c3)<\/p>\n<p>N\u00e3o-linearidade do fator de escala: [UNK][UNK]\u226410ppm<\/p>\n<p>Repetibilidade de escala de temperatura completa: [UNK][UNK]\u226450ppm \u03c3)<\/p>\n<p>Rango din\u00e2mico : [UNK][UNK]\u00b1400\u00b0\/s<\/p>\n<p>Aleat\u00f3rio: pequenos aneis\u22640,0015\u00b0\/\u221ah Macroloop\u22640,0004\u00b0\/\u221ah<\/p>\n<p>Caracter\u00edsticas f\u00edsicas<\/p>\n<p>Dimens\u00f5es : [UNK]\u03a6147mmenvelope<\/p>\n<p>Peso:<\/p>\n<p>Interface de produtos<\/p>\n<p>Requisitos de abastecimento de energia<\/p>\n<p>Output<\/p>\n<p>Adaptabilidade ambiental<\/p>\n<p>Operadora de temperatura :[UNK]-45[UNK]- 75[UNK]<\/p>\n<p>Almacenamento<\/p>\n<p>Resistente ao impacto : [UNK][UNK]15g<\/p>\n<p>Resistente a vibra\u00e7\u00f5es aleat\u00f3rias<\/p>\n<p>Caracter\u00edsticas do produto<\/p>\n<p>Caracter\u00edsticas : O produto adota uma estrutura integrada de tr\u00eas eixos, com prote\u00e7\u00e3o de escudos magn\u00e9ticos -- grandes e pequenos aneis que correspondem ao design<\/p>\n<p>Campo de aplica\u00e7\u00e3o: Orienta\u00e7\u00e3o de navega\u00e7\u00e3o de alto desempenho e posicionamento<\/p>","protected":false},"featured_media":2974,"comment_status":"closed","ping_status":"closed","template":"","meta":[],"product_brand":[],"product_cat":[22],"product_tag":[],"class_list":{"0":"post-3035","1":"product","2":"type-product","3":"status-publish","4":"has-post-thumbnail","6":"product_cat-gyro-sensor","8":"first","9":"instock","10":"shipping-taxable","11":"product-type-simple"},"_links":{"self":[{"href":"https:\/\/www.andelutech.com\/pt\/wp-json\/wp\/v2\/product\/3035","targetHints":{"allow":["GET"]}}],"collection":[{"href":"https:\/\/www.andelutech.com\/pt\/wp-json\/wp\/v2\/product"}],"about":[{"href":"https:\/\/www.andelutech.com\/pt\/wp-json\/wp\/v2\/types\/product"}],"replies":[{"embeddable":true,"href":"https:\/\/www.andelutech.com\/pt\/wp-json\/wp\/v2\/comments?post=3035"}],"wp:featuredmedia":[{"embeddable":true,"href":"https:\/\/www.andelutech.com\/pt\/wp-json\/wp\/v2\/media\/2974"}],"wp:attachment":[{"href":"https:\/\/www.andelutech.com\/pt\/wp-json\/wp\/v2\/media?parent=3035"}],"wp:term":[{"taxonomy":"product_brand","embeddable":true,"href":"https:\/\/www.andelutech.com\/pt\/wp-json\/wp\/v2\/product_brand?post=3035"},{"taxonomy":"product_cat","embeddable":true,"href":"https:\/\/www.andelutech.com\/pt\/wp-json\/wp\/v2\/product_cat?post=3035"},{"taxonomy":"product_tag","embeddable":true,"href":"https:\/\/www.andelutech.com\/pt\/wp-json\/wp\/v2\/product_tag?post=3035"}],"curies":[{"name":"wp","href":"https:\/\/api.w.org\/{rel}","templated":true}]}}