{"id":3032,"date":"2025-07-31T13:16:08","date_gmt":"2025-07-31T05:16:08","guid":{"rendered":"https:\/\/www.andelutech.com\/?post_type=product&#038;p=3032"},"modified":"2026-03-26T15:31:42","modified_gmt":"2026-03-26T07:31:42","slug":"three-axis-closed-loop-fiber-optic-gyro-combination-and-380l","status":"publish","type":"product","link":"https:\/\/www.andelutech.com\/pt\/product\/three-axis-closed-loop-fiber-optic-gyro-combination-and-380l\/","title":{"rendered":"AND-380L Three-axis closed-loop fiber optic gyro combination"},"content":{"rendered":"","protected":false},"excerpt":{"rendered":"<p>Principais indicadores de desempenho<\/p>\n<p>Estabilidade zero-vi\u00e9s<\/p>\n<p>Repetibilidade de vi\u00e9s zero \u22640,05\u00b0\/h<\/p>\n<p>Vari\u00e1vel<\/p>\n<p>Temperatura completa e escala de repetibilidade<\/p>\n<p>Wandering aleat\u00f3rio:\u22640,002\u00b0\/\u221ah<\/p>\n<p>Caracter\u00edsticas f\u00edsicas<\/p>\n<p>Dimens\u00f5es:<\/p>\n<p>Cabe\u00e7a:\u03a676mm\u00d715,8mm<\/p>\n<p>Caixa eletr\u00f4nica 121mm\u00d7105mm\u00d721mm<\/p>\n<p>Peso: 1022\u00b120g<\/p>\n<p>Interface de produto<\/p>\n<p>Requisitos de abastecimento de energia<\/p>\n<p>Output<\/p>\n<p>Adaptabilidade ambiental<\/p>\n<p>Operadora de temperatura : [UNK]-45[UNK]- 75[UNK]<\/p>\n<p>Temperatura de armazenagem: [UNK][UNK]-55[UNK]- 85[UNK]<\/p>\n<p>Resistente ao impacto : [UNK][UNK]20g<\/p>\n<p>Resistente a vibra\u00e7\u00f5es aleat\u00f3rias:<\/p>\n<p>Caracter\u00edsticas do produto<\/p>\n<p>Caracter\u00edsticas:[UNK] O produto adota uma estrutura de um peda\u00e7o de eixo atl\u00e9tico com prote\u00e7\u00e3o magn\u00e9tica[UNK]prote\u00e7\u00e3o[UNK]produ\u00e7\u00e3o nacional e design qu\u00edmico<\/p>\n<p>Campo de aplica\u00e7\u00e3o: produ\u00e7\u00e3o nacional de navega\u00e7\u00e3o de alta precis\u00e3o e orienta\u00e7\u00e3o de posicionamento<\/p>","protected":false},"featured_media":2975,"comment_status":"closed","ping_status":"closed","template":"","meta":[],"product_brand":[],"product_cat":[22],"product_tag":[],"class_list":{"0":"post-3032","1":"product","2":"type-product","3":"status-publish","4":"has-post-thumbnail","6":"product_cat-gyro-sensor","8":"first","9":"instock","10":"shipping-taxable","11":"product-type-simple"},"_links":{"self":[{"href":"https:\/\/www.andelutech.com\/pt\/wp-json\/wp\/v2\/product\/3032","targetHints":{"allow":["GET"]}}],"collection":[{"href":"https:\/\/www.andelutech.com\/pt\/wp-json\/wp\/v2\/product"}],"about":[{"href":"https:\/\/www.andelutech.com\/pt\/wp-json\/wp\/v2\/types\/product"}],"replies":[{"embeddable":true,"href":"https:\/\/www.andelutech.com\/pt\/wp-json\/wp\/v2\/comments?post=3032"}],"wp:featuredmedia":[{"embeddable":true,"href":"https:\/\/www.andelutech.com\/pt\/wp-json\/wp\/v2\/media\/2975"}],"wp:attachment":[{"href":"https:\/\/www.andelutech.com\/pt\/wp-json\/wp\/v2\/media?parent=3032"}],"wp:term":[{"taxonomy":"product_brand","embeddable":true,"href":"https:\/\/www.andelutech.com\/pt\/wp-json\/wp\/v2\/product_brand?post=3032"},{"taxonomy":"product_cat","embeddable":true,"href":"https:\/\/www.andelutech.com\/pt\/wp-json\/wp\/v2\/product_cat?post=3032"},{"taxonomy":"product_tag","embeddable":true,"href":"https:\/\/www.andelutech.com\/pt\/wp-json\/wp\/v2\/product_tag?post=3032"}],"curies":[{"name":"wp","href":"https:\/\/api.w.org\/{rel}","templated":true}]}}