{"id":3028,"date":"2025-07-31T11:33:50","date_gmt":"2025-07-31T03:33:50","guid":{"rendered":"https:\/\/www.andelutech.com\/?post_type=product&#038;p=3028"},"modified":"2026-03-26T15:36:53","modified_gmt":"2026-03-26T07:36:53","slug":"three-axis-closed-loop-fiber-optic-gyro-combination-and-3120","status":"publish","type":"product","link":"https:\/\/www.andelutech.com\/pt\/product\/three-axis-closed-loop-fiber-optic-gyro-combination-and-3120\/","title":{"rendered":"AND-3120 Three-axis closed-loop fiber optic gyro combination"},"content":{"rendered":"","protected":false},"excerpt":{"rendered":"<p>Principais indicadores de desempenho<\/p>\n<p>Estabilidade zero-vi\u00e9s :[UNK]\u22640,004\u00b0\/h s;100s[UNK]1\u03c3)<\/p>\n<p>Repetibilidade de vi\u00e9s zero :[UNK][UNK]\u22640,007\u00b0\/h<\/p>\n<p>Vari\u00e1vel: estabilidade da temperatura :[UNK]\u22640,01\u00b0\/h s;100s[UNK]1\u03c3,0,3[UNK]\/min s;<\/p>\n<p>Factor de escala[UNK]non-linearidade[UNK]:[UNK]\u22645ppm<\/p>\n<p>Repetibilidade de escala de temperatura completa: \u226420ppm \u03c3)<\/p>\n<p>Rango din\u00e2mico : [UNK][UNK][UNK][UNK]\u00b1400\u00b0\/s<\/p>\n<p>Uma vagueira aleat\u00f3ria :[UNK]\u22640,0004\u00b0\/\u221ah<\/p>\n<p>Caracter\u00edsticas f\u00edsicas<\/p>\n<p>Dimens\u00f5es:<\/p>\n<p>Cabe\u00e7a \u03a693mm\u00d717mm<\/p>\n<p>Caixa eletr\u00f4nica 120mm\u00d7105mm\u00d726mm<\/p>\n<p>Peso<\/p>\n<p>Cabe\u00e7a: 200g\u00d73<\/p>\n<p>Eletr\u00f4nico: a caixa de 250 g<\/p>\n<p>Interface de produtos<\/p>\n<p>Requisitos de abastecimento de energia<\/p>\n<p>Output<\/p>\n<p>Adaptabilidade ambiental<\/p>\n<p>Operadora<\/p>\n<p>Almacenamento<\/p>\n<p>Resistente ao impacto :[UNK][UNK][UNK][UNK][UNK]40g<\/p>\n<p>Resistente a vibra\u00e7\u00f5es aleat\u00f3rias:<\/p>\n<p>Caracter\u00edsticas do produto<\/p>\n<p>Caracter\u00edsticas: O produto adota uma estrutura de um peda\u00e7o de tr\u00eas eixos com prote\u00e7\u00e3o magn\u00e9tica de escudo<\/p>\n<p>Campo de aplica\u00e7\u00e3o: navega\u00e7\u00e3o de alto desempenho e orienta\u00e7\u00e3o de posicionamento<\/p>","protected":false},"featured_media":2965,"comment_status":"closed","ping_status":"closed","template":"","meta":[],"product_brand":[],"product_cat":[22],"product_tag":[],"class_list":{"0":"post-3028","1":"product","2":"type-product","3":"status-publish","4":"has-post-thumbnail","6":"product_cat-gyro-sensor","8":"first","9":"instock","10":"shipping-taxable","11":"product-type-simple"},"_links":{"self":[{"href":"https:\/\/www.andelutech.com\/pt\/wp-json\/wp\/v2\/product\/3028","targetHints":{"allow":["GET"]}}],"collection":[{"href":"https:\/\/www.andelutech.com\/pt\/wp-json\/wp\/v2\/product"}],"about":[{"href":"https:\/\/www.andelutech.com\/pt\/wp-json\/wp\/v2\/types\/product"}],"replies":[{"embeddable":true,"href":"https:\/\/www.andelutech.com\/pt\/wp-json\/wp\/v2\/comments?post=3028"}],"wp:featuredmedia":[{"embeddable":true,"href":"https:\/\/www.andelutech.com\/pt\/wp-json\/wp\/v2\/media\/2965"}],"wp:attachment":[{"href":"https:\/\/www.andelutech.com\/pt\/wp-json\/wp\/v2\/media?parent=3028"}],"wp:term":[{"taxonomy":"product_brand","embeddable":true,"href":"https:\/\/www.andelutech.com\/pt\/wp-json\/wp\/v2\/product_brand?post=3028"},{"taxonomy":"product_cat","embeddable":true,"href":"https:\/\/www.andelutech.com\/pt\/wp-json\/wp\/v2\/product_cat?post=3028"},{"taxonomy":"product_tag","embeddable":true,"href":"https:\/\/www.andelutech.com\/pt\/wp-json\/wp\/v2\/product_tag?post=3028"}],"curies":[{"name":"wp","href":"https:\/\/api.w.org\/{rel}","templated":true}]}}