{"id":3026,"date":"2025-07-31T11:30:00","date_gmt":"2025-07-31T03:30:00","guid":{"rendered":"https:\/\/www.andelutech.com\/?post_type=product&#038;p=3026"},"modified":"2026-03-26T15:49:32","modified_gmt":"2026-03-26T07:49:32","slug":"three-axis-closed-loop-fiber-optic-gyro-combination-and-3280","status":"publish","type":"product","link":"https:\/\/www.andelutech.com\/pt\/product\/three-axis-closed-loop-fiber-optic-gyro-combination-and-3280\/","title":{"rendered":"AND-3280 Three-axis closed-loop fiber optic gyro combination"},"content":{"rendered":"","protected":false},"excerpt":{"rendered":"<p>Principais indicadores de desempenho<\/p>\n<p>Estabilidade de vi\u00e9s zero : [UNK]\u22640,002\u00b0\/h s;100s[UNK]1\u03c3)<\/p>\n<p>Repetibilidade de vi\u00e9s zero :[UNK]\u22640,003\u00b0\/h<\/p>\n<p>Vari\u00e1vel[UNK]temperatura[UNK]estabilidade :[UNK]\u22640,5\u00b0\/h s[UNK]1\u03c3)<\/p>\n<p>Factor de escala: n\u00e3o linearidade:<\/p>\n<p>Repetibilidade de escala de temperatura completa: [UNK][UNK]\u226420ppm \u03c3)<\/p>\n<p>Rango din\u00e2mico : [UNK][UNK]\u00b1400\u00b0\/s<\/p>\n<p>Passagem aleat\u00f3ria : [UNK]\u22640,0002\u00b0\/\u221ah<\/p>\n<p>Caracter\u00edsticas f\u00edsicas<\/p>\n<p>Cabe\u00e7a \u03a6116mm\u00d717,6 mm<\/p>\n<p>Caixa eletr\u00f4nica 120mm\u00d7105mm\u00d726mm<\/p>\n<p>Peso:<\/p>\n<p>Cabe\u00e7a: 315g\u00d73<\/p>\n<p>Eletr\u00f4nico: a caixa de 250 g<\/p>\n<p>Interface de produtos<\/p>\n<p>Requisitos de fornecimento de pot\u00eancia<\/p>\n<p>Output<\/p>\n<p>Adaptabilidade ambiental<\/p>\n<p>Operadora<\/p>\n<p>Temperatura de armazenagem : [UNK][UNK]-55[UNK]- 75[UNK]<\/p>\n<p>Resistente ao impacto : [UNK][UNK]15g<\/p>\n<p>Resistente a vibra\u00e7\u00f5es aleat\u00f3rias<\/p>\n<p>Caracter\u00edsticas do produto<\/p>\n<p>Caracter\u00edsticas: O produto adota uma estrutura de um peda\u00e7o de tr\u00eas eixos com prote\u00e7\u00e3o magn\u00e9tica de escudo<\/p>\n<p>Campo de aplica\u00e7\u00e3o: navega\u00e7\u00e3o de alto desempenho e orienta\u00e7\u00e3o de posicionamento<\/p>","protected":false},"featured_media":2969,"comment_status":"closed","ping_status":"closed","template":"","meta":[],"product_brand":[],"product_cat":[22],"product_tag":[],"class_list":{"0":"post-3026","1":"product","2":"type-product","3":"status-publish","4":"has-post-thumbnail","6":"product_cat-gyro-sensor","8":"first","9":"instock","10":"shipping-taxable","11":"product-type-simple"},"_links":{"self":[{"href":"https:\/\/www.andelutech.com\/pt\/wp-json\/wp\/v2\/product\/3026","targetHints":{"allow":["GET"]}}],"collection":[{"href":"https:\/\/www.andelutech.com\/pt\/wp-json\/wp\/v2\/product"}],"about":[{"href":"https:\/\/www.andelutech.com\/pt\/wp-json\/wp\/v2\/types\/product"}],"replies":[{"embeddable":true,"href":"https:\/\/www.andelutech.com\/pt\/wp-json\/wp\/v2\/comments?post=3026"}],"wp:featuredmedia":[{"embeddable":true,"href":"https:\/\/www.andelutech.com\/pt\/wp-json\/wp\/v2\/media\/2969"}],"wp:attachment":[{"href":"https:\/\/www.andelutech.com\/pt\/wp-json\/wp\/v2\/media?parent=3026"}],"wp:term":[{"taxonomy":"product_brand","embeddable":true,"href":"https:\/\/www.andelutech.com\/pt\/wp-json\/wp\/v2\/product_brand?post=3026"},{"taxonomy":"product_cat","embeddable":true,"href":"https:\/\/www.andelutech.com\/pt\/wp-json\/wp\/v2\/product_cat?post=3026"},{"taxonomy":"product_tag","embeddable":true,"href":"https:\/\/www.andelutech.com\/pt\/wp-json\/wp\/v2\/product_tag?post=3026"}],"curies":[{"name":"wp","href":"https:\/\/api.w.org\/{rel}","templated":true}]}}