{"id":3023,"date":"2025-07-31T11:27:13","date_gmt":"2025-07-31T03:27:13","guid":{"rendered":"https:\/\/www.andelutech.com\/?post_type=product&#038;p=3023"},"modified":"2026-03-26T16:13:04","modified_gmt":"2026-03-26T08:13:04","slug":"three-axis-closed-loop-fiber-optic-gyroscope-and-3140a","status":"publish","type":"product","link":"https:\/\/www.andelutech.com\/pt\/product\/three-axis-closed-loop-fiber-optic-gyroscope-and-3140a\/","title":{"rendered":"AND-3140A Three-axis closed-loop fiber optic gyroscope"},"content":{"rendered":"","protected":false},"excerpt":{"rendered":"<p>Principais indicadores de desempenho<\/p>\n<p>Estabilidade de preconceito zero :[UNK]\u22640,0006\u00b0\/h s;100s[UNK]1\u03c3)<\/p>\n<p>Repetibilidade de vi\u00e9s zero : \u22640,0006\u00b0\/h<\/p>\n<p>Vari\u00e1vel: estabilidade da temperatura: \u22640,005\u00b0\/h s;100s[UNK]1\u03c3,[UNK]0,3[UNK]\/min s;<\/p>\n<p>Factor de escala[UNK]non-linearidade[UNK]:[UNK]\u22645ppm<\/p>\n<p>Repetibilidade de escala de temperatura completa: [UNK]\u226420ppm \u03c3)<\/p>\n<p>Rango din\u00e2mico : [UNK][UNK]\u00b1400\u00b0\/s<\/p>\n<p>Passagem aleat\u00f3ria : [UNK]\u22640,00007\u00b0\/\u221ah<\/p>\n<p>Caracter\u00edsticas f\u00edsicas<\/p>\n<p>Dimens\u00f5es:&#8221; Cabe\u00e7a: \u03a6140mm\u00d729mm<\/p>\n<p>Electronicbox: 132mm\u00d7100mm\u00d740mm&#8221;<\/p>\n<p>Peso:<\/p>\n<p>&#8220; Cabe\u00e7a: (820g\u00b120g)\u00d73<\/p>\n<p>Electronicbox: 450g\u00b120g&#8221;<\/p>\n<p>Interface de produtos<\/p>\n<p>Requisitos de fornecimento de pot\u00eancia<\/p>\n<p>Output<\/p>\n<p>Adaptabilidade ambiental<\/p>\n<p>Operadora de temperatura : [UNK][UNK]-40[UNK]- 60[UNK]<\/p>\n<p>Almacenamento<\/p>\n<p>Caracter\u00edsticas do produto<\/p>\n<p>Caracter\u00edsticas: Design fotoel\u00e9trico dividido, Design de escudo magn\u00e9tico<\/p>\n<p>Campo de aplica\u00e7\u00e3o: Orienta\u00e7\u00e3o de navega\u00e7\u00e3o e posicionamento de alta precis\u00e3o<\/p>","protected":false},"featured_media":2966,"comment_status":"closed","ping_status":"closed","template":"","meta":[],"product_brand":[],"product_cat":[22],"product_tag":[],"class_list":{"0":"post-3023","1":"product","2":"type-product","3":"status-publish","4":"has-post-thumbnail","6":"product_cat-gyro-sensor","8":"first","9":"instock","10":"shipping-taxable","11":"product-type-simple"},"_links":{"self":[{"href":"https:\/\/www.andelutech.com\/pt\/wp-json\/wp\/v2\/product\/3023","targetHints":{"allow":["GET"]}}],"collection":[{"href":"https:\/\/www.andelutech.com\/pt\/wp-json\/wp\/v2\/product"}],"about":[{"href":"https:\/\/www.andelutech.com\/pt\/wp-json\/wp\/v2\/types\/product"}],"replies":[{"embeddable":true,"href":"https:\/\/www.andelutech.com\/pt\/wp-json\/wp\/v2\/comments?post=3023"}],"wp:featuredmedia":[{"embeddable":true,"href":"https:\/\/www.andelutech.com\/pt\/wp-json\/wp\/v2\/media\/2966"}],"wp:attachment":[{"href":"https:\/\/www.andelutech.com\/pt\/wp-json\/wp\/v2\/media?parent=3023"}],"wp:term":[{"taxonomy":"product_brand","embeddable":true,"href":"https:\/\/www.andelutech.com\/pt\/wp-json\/wp\/v2\/product_brand?post=3023"},{"taxonomy":"product_cat","embeddable":true,"href":"https:\/\/www.andelutech.com\/pt\/wp-json\/wp\/v2\/product_cat?post=3023"},{"taxonomy":"product_tag","embeddable":true,"href":"https:\/\/www.andelutech.com\/pt\/wp-json\/wp\/v2\/product_tag?post=3023"}],"curies":[{"name":"wp","href":"https:\/\/api.w.org\/{rel}","templated":true}]}}