{"id":3021,"date":"2025-07-31T11:22:34","date_gmt":"2025-07-31T03:22:34","guid":{"rendered":"https:\/\/www.andelutech.com\/?post_type=product&#038;p=3021"},"modified":"2026-03-26T16:14:49","modified_gmt":"2026-03-26T08:14:49","slug":"single-axis-closed-loop-fiber-optic-gyroscope-1140a","status":"publish","type":"product","link":"https:\/\/www.andelutech.com\/pt\/product\/single-axis-closed-loop-fiber-optic-gyroscope-1140a\/","title":{"rendered":"AND1140A Single-axis closed-loop fiber optic gyroscope"},"content":{"rendered":"","protected":false},"excerpt":{"rendered":"<p>Tamanho:140mm<\/p>\n<p>Modelo\/Nome: AND1140A girosc\u00f3pio \u00f3ptico de fibra de circuito fechado de um \u00fanico eixo<\/p>\n<p>Principais indicadores de desempenho<\/p>\n<p>Estabilidade zero-vi\u00e9s:\u22640,0004\u00b0\/h s;100s;1\u03c3<\/p>\n<p>Repetibilidade de vi\u00e9s zero:\u22640,0004\u00b0\/h<\/p>\n<p>Estabilidade de temperatura vari\u00e1vel:\u22640,0004\u00b0\/h s;100s[UNK]1\u03c3[UNK]control de temperatura s;<\/p>\n<p>Factor de escala n\u00e3o linearidade: \u22645ppm<\/p>\n<p>Repetibilidade da escala de temperatura completa:\u22645ppm \u03c3[UNK]control de temperatura<\/p>\n<p>Rango din\u00e2mico: \u00b1300\u00b0\/s<\/p>\n<p>Passagem aleat\u00f3ria:\u22640,00005\u00b0\/\u221ah<\/p>\n<p>Caracter\u00edsticas f\u00edsicas<\/p>\n<p>Dimens\u00f5es: Di\u00e2metro145mm\u00d7Altura 40mm<\/p>\n<p>Peso:1750g\u00b150g<\/p>\n<p>Adaptabilidade ambiental<\/p>\n<p>Temperatura operacional: -40[UNK]- 60[UNK]<\/p>\n<p>Temperatura de armazenamento: -50[UNK]- 75[UNK]<\/p>\n<p>Interface de produtos<\/p>\n<p>Requisitos de abastecimento de energia:\u00b15V<\/p>\n<p>Forma de sa\u00edda:RS422output<\/p>\n<p>Caracter\u00edsticas do produto<\/p>\n<p>Caracter\u00edsticas: Design de divis\u00e3o fotoel\u00e9trica, design de escudo duplo magn\u00e9tico, design de controle de temperatura<\/p>\n<p>Campo de aplica\u00e7\u00e3o: navega\u00e7\u00e3o e posicionamento de alta precis\u00e3o<\/p>","protected":false},"featured_media":3301,"comment_status":"closed","ping_status":"closed","template":"","meta":[],"product_brand":[],"product_cat":[22],"product_tag":[],"class_list":{"0":"post-3021","1":"product","2":"type-product","3":"status-publish","4":"has-post-thumbnail","6":"product_cat-gyro-sensor","8":"first","9":"instock","10":"shipping-taxable","11":"product-type-simple"},"_links":{"self":[{"href":"https:\/\/www.andelutech.com\/pt\/wp-json\/wp\/v2\/product\/3021","targetHints":{"allow":["GET"]}}],"collection":[{"href":"https:\/\/www.andelutech.com\/pt\/wp-json\/wp\/v2\/product"}],"about":[{"href":"https:\/\/www.andelutech.com\/pt\/wp-json\/wp\/v2\/types\/product"}],"replies":[{"embeddable":true,"href":"https:\/\/www.andelutech.com\/pt\/wp-json\/wp\/v2\/comments?post=3021"}],"wp:featuredmedia":[{"embeddable":true,"href":"https:\/\/www.andelutech.com\/pt\/wp-json\/wp\/v2\/media\/3301"}],"wp:attachment":[{"href":"https:\/\/www.andelutech.com\/pt\/wp-json\/wp\/v2\/media?parent=3021"}],"wp:term":[{"taxonomy":"product_brand","embeddable":true,"href":"https:\/\/www.andelutech.com\/pt\/wp-json\/wp\/v2\/product_brand?post=3021"},{"taxonomy":"product_cat","embeddable":true,"href":"https:\/\/www.andelutech.com\/pt\/wp-json\/wp\/v2\/product_cat?post=3021"},{"taxonomy":"product_tag","embeddable":true,"href":"https:\/\/www.andelutech.com\/pt\/wp-json\/wp\/v2\/product_tag?post=3021"}],"curies":[{"name":"wp","href":"https:\/\/api.w.org\/{rel}","templated":true}]}}