{"id":3018,"date":"2025-07-31T11:19:19","date_gmt":"2025-07-31T03:19:19","guid":{"rendered":"https:\/\/www.andelutech.com\/?post_type=product&#038;p=3018"},"modified":"2026-03-26T16:18:19","modified_gmt":"2026-03-26T08:18:19","slug":"micro-photonic-integrated-fiber-optic-gyroscope-and112","status":"publish","type":"product","link":"https:\/\/www.andelutech.com\/pt\/product\/micro-photonic-integrated-fiber-optic-gyroscope-and112\/","title":{"rendered":"AND112 Micro photonic integrated fiber optic gyroscope"},"content":{"rendered":"","protected":false},"excerpt":{"rendered":"<p>Principais indicadores de desempenho<\/p>\n<p>Estabilidade de preconceito zero :[UNK][UNK][UNK][UNK] \u22642\u00b0\/h s[UNK]1\u03c3)<\/p>\n<p>Repetibilidade de preconceito zero : [UNK][UNK][UNK][UNK]\u22642\u00b0\/h<\/p>\n<p>Vari\u00e1vel<\/p>\n<p>Factor de escala: n\u00e3o linearidade<\/p>\n<p>Temperatura completa e escala de repetibilidade :[UNK]\u22641%p-p<\/p>\n<p>Rango din\u00e2mico :[UNK][UNK][UNK]\u00b1500\u00b0\/s<\/p>\n<p>Aleat\u00f3rio<\/p>\n<p>Caracter\u00edsticas f\u00edsicas<\/p>\n<p>Dimens\u00f5es :[UNK][UNK][UNK][UNK]25mm\u00d725mm\u00d750mm<\/p>\n<p>Peso :<\/p>\n<p>Interface de produto<\/p>\n<p>Requisitos de abastecimento de energia<\/p>\n<p>Formula\u00e7\u00e3o de sa\u00edda :[UNK][UNK][UNK]RS422sa\u00edda<\/p>\n<p>Adaptabilidade ambiental<\/p>\n<p>Temperatura operacional :-50[UNK]- 75[UNK]<\/p>\n<p>Temperatura de armazenamento: -55[UNK]- 85[UNK]<\/p>\n<p>Resistente ao impacto :[UNK][UNK][UNK]500g<\/p>\n<p>Resistente a vibra\u00e7\u00f5es aleat\u00f3rias : [UNK][UNK]20g<\/p>\n<p>Acelera\u00e7\u00e3o<\/p>\n<p>Caracter\u00edsticas do produto<\/p>\n<p>Caracter\u00edsticas: pequeno tamanho, baixo consumo de energia, baixo custo, alta confiabilidade Aplica\u00e7\u00f5es: buscador, controle de atitude<\/p>","protected":false},"featured_media":3305,"comment_status":"closed","ping_status":"closed","template":"","meta":[],"product_brand":[],"product_cat":[22],"product_tag":[],"class_list":{"0":"post-3018","1":"product","2":"type-product","3":"status-publish","4":"has-post-thumbnail","6":"product_cat-gyro-sensor","8":"first","9":"instock","10":"shipping-taxable","11":"product-type-simple"},"_links":{"self":[{"href":"https:\/\/www.andelutech.com\/pt\/wp-json\/wp\/v2\/product\/3018","targetHints":{"allow":["GET"]}}],"collection":[{"href":"https:\/\/www.andelutech.com\/pt\/wp-json\/wp\/v2\/product"}],"about":[{"href":"https:\/\/www.andelutech.com\/pt\/wp-json\/wp\/v2\/types\/product"}],"replies":[{"embeddable":true,"href":"https:\/\/www.andelutech.com\/pt\/wp-json\/wp\/v2\/comments?post=3018"}],"wp:featuredmedia":[{"embeddable":true,"href":"https:\/\/www.andelutech.com\/pt\/wp-json\/wp\/v2\/media\/3305"}],"wp:attachment":[{"href":"https:\/\/www.andelutech.com\/pt\/wp-json\/wp\/v2\/media?parent=3018"}],"wp:term":[{"taxonomy":"product_brand","embeddable":true,"href":"https:\/\/www.andelutech.com\/pt\/wp-json\/wp\/v2\/product_brand?post=3018"},{"taxonomy":"product_cat","embeddable":true,"href":"https:\/\/www.andelutech.com\/pt\/wp-json\/wp\/v2\/product_cat?post=3018"},{"taxonomy":"product_tag","embeddable":true,"href":"https:\/\/www.andelutech.com\/pt\/wp-json\/wp\/v2\/product_tag?post=3018"}],"curies":[{"name":"wp","href":"https:\/\/api.w.org\/{rel}","templated":true}]}}