{"id":3014,"date":"2025-07-31T11:11:35","date_gmt":"2025-07-31T03:11:35","guid":{"rendered":"https:\/\/www.andelutech.com\/?post_type=product&#038;p=3014"},"modified":"2026-03-26T16:25:08","modified_gmt":"2026-03-26T08:25:08","slug":"photonics-integrated-dual-axis-fiber-optic-gyro-and213","status":"publish","type":"product","link":"https:\/\/www.andelutech.com\/pt\/product\/photonics-integrated-dual-axis-fiber-optic-gyro-and213\/","title":{"rendered":"AND213 Photonics integrated dual-axis fiber optic gyro"},"content":{"rendered":"","protected":false},"excerpt":{"rendered":"<p>Principais indicadores de desempenho<\/p>\n<p>Estabilidade de vi\u00e9s zero : [UNK][UNK][UNK][UNK][UNK] \u22642\u00b0\/h s[UNK]1\u03c3)<\/p>\n<p>Repetibilidade de preconceito zero : [UNK][UNK][UNK][UNK]\u22642\u00b0\/h<\/p>\n<p>Vari\u00e1vel<\/p>\n<p>Factor de escala: n\u00e3o linearidade: [UNK][UNK]\u22641000ppm<\/p>\n<p>Temperatura completa, escala e repetibilidade:[UNK][UNK][UNK][UNK]\u22641%p-p p-p p-p p<\/p>\n<p>Rango din\u00e2mico :[UNK][UNK][UNK][UNK]\u00b1500\u00b0\/s<\/p>\n<p>Passagem aleat\u00f3ria :[UNK] \u22640,0015\u00b0\/\u221ah<\/p>\n<p>Caracter\u00edsticas f\u00edsicas<\/p>\n<p>Dimens\u00f5es : [UNK][UNK][UNK]74mm\u00d769mm\u00d755mm<\/p>\n<p>Peso:<\/p>\n<p>Interface de produto<\/p>\n<p>Requisitos de fornecimento de energia :[UNK][UNK];5V<\/p>\n<p>Forma de sa\u00edda : sa\u00edda RS422<\/p>\n<p>Adaptabilidade ambiental<\/p>\n<p>Temperatura operacional :[UNK] -50[UNK]- 75[UNK]<\/p>\n<p>Temperatura de armazenamento: -55[UNK]- 85[UNK]<\/p>\n<p>Resistente ao impacto :[UNK] 500g<\/p>\n<p>Resistente a vibra\u00e7\u00f5es aleat\u00f3rias [UNK] 20g<\/p>\n<p>Resist\u00eancia \u00e0 acelera\u00e7\u00e3o:<\/p>\n<p>Caracter\u00edsticas do produto<\/p>\n<p>Pequeno tamanho, baixo consumo de energia, baixo custo, alta confiabilidade<\/p>\n<p>Aplica\u00e7\u00f5es: buscador, controle de atitude<\/p>","protected":false},"featured_media":3310,"comment_status":"closed","ping_status":"closed","template":"","meta":[],"product_brand":[],"product_cat":[22],"product_tag":[],"class_list":{"0":"post-3014","1":"product","2":"type-product","3":"status-publish","4":"has-post-thumbnail","6":"product_cat-gyro-sensor","8":"first","9":"instock","10":"shipping-taxable","11":"product-type-simple"},"_links":{"self":[{"href":"https:\/\/www.andelutech.com\/pt\/wp-json\/wp\/v2\/product\/3014","targetHints":{"allow":["GET"]}}],"collection":[{"href":"https:\/\/www.andelutech.com\/pt\/wp-json\/wp\/v2\/product"}],"about":[{"href":"https:\/\/www.andelutech.com\/pt\/wp-json\/wp\/v2\/types\/product"}],"replies":[{"embeddable":true,"href":"https:\/\/www.andelutech.com\/pt\/wp-json\/wp\/v2\/comments?post=3014"}],"wp:featuredmedia":[{"embeddable":true,"href":"https:\/\/www.andelutech.com\/pt\/wp-json\/wp\/v2\/media\/3310"}],"wp:attachment":[{"href":"https:\/\/www.andelutech.com\/pt\/wp-json\/wp\/v2\/media?parent=3014"}],"wp:term":[{"taxonomy":"product_brand","embeddable":true,"href":"https:\/\/www.andelutech.com\/pt\/wp-json\/wp\/v2\/product_brand?post=3014"},{"taxonomy":"product_cat","embeddable":true,"href":"https:\/\/www.andelutech.com\/pt\/wp-json\/wp\/v2\/product_cat?post=3014"},{"taxonomy":"product_tag","embeddable":true,"href":"https:\/\/www.andelutech.com\/pt\/wp-json\/wp\/v2\/product_tag?post=3014"}],"curies":[{"name":"wp","href":"https:\/\/api.w.org\/{rel}","templated":true}]}}