{"id":3011,"date":"2025-07-31T10:52:03","date_gmt":"2025-07-31T02:52:03","guid":{"rendered":"https:\/\/www.andelutech.com\/?post_type=product&#038;p=3011"},"modified":"2026-03-26T16:30:56","modified_gmt":"2026-03-26T08:30:56","slug":"high-precision-laser-gyroscope-type-90","status":"publish","type":"product","link":"https:\/\/www.andelutech.com\/pt\/product\/high-precision-laser-gyroscope-type-90\/","title":{"rendered":"AND90 High-precision laser gyroscope Type"},"content":{"rendered":"","protected":false},"excerpt":{"rendered":"<p>M\u00e9tricas de desempenho<\/p>\n<p>Estabilidade de vi\u00e9s zero &lt;0,003\u00b0\/h<\/p>\n<p>Repetibilidade zero de vi\u00e9s &lt;0,002\u00b0\/h<\/p>\n<p>Repetibilidade dos fatores de escala &quot; \u22642ppm<\/p>\n<p>Factor de escala: [UNK]nonlinear[UNK]\u22642ppm<\/p>\n<p>Diversidade din\u00e2mica: 400\u00b0\/s<\/p>\n<p>Caracter\u00edsticas f\u00edsicas<\/p>\n<p>Tipo de sensor<strong><b>\"<\/b><\/strong><\/p>\n<p>Tamanho: 124mm\u00d7107mm\u00d731mm<\/p>\n<p>Peso: 0,68kg<\/p>\n<p>O tipo digital<strong><b>\"<\/b><\/strong><\/p>\n<p>Tamanho da embalagem: 149mm\u00d7127mm\u00d758mm<\/p>\n<p>Peso: 2 kg<\/p>\n<p>Caracter\u00edsticas da interface<\/p>\n<p>Sensor[UNK]Type<strong><b>\"<\/b><\/strong><\/p>\n<p>Modo de sa\u00edda:<\/p>\n<p>O tipo digital<strong><b>\"<\/b><\/strong><\/p>\n<p>M\u00e9todo de sa\u00edda -- TTL<\/p>\n<p>Interface de dados:<\/p>\n<p>Aplicativo<\/p>\n<p>Sistema de orienta\u00e7\u00e3o inercial de precis\u00e3o do mar, terra, ar e espa\u00e7o<\/p>\n<p>Adaptabilidade ambiental<\/p>\n<p>Temperatura operacional -- 45 -- 70 --<\/p>\n<p>Vibra\u00e7\u00e3o aleat\u00f3ria: 7g(20~2000Hz)<\/p>","protected":false},"featured_media":3313,"comment_status":"closed","ping_status":"closed","template":"","meta":[],"product_brand":[],"product_cat":[22],"product_tag":[],"class_list":{"0":"post-3011","1":"product","2":"type-product","3":"status-publish","4":"has-post-thumbnail","6":"product_cat-gyro-sensor","8":"first","9":"instock","10":"shipping-taxable","11":"product-type-simple"},"_links":{"self":[{"href":"https:\/\/www.andelutech.com\/pt\/wp-json\/wp\/v2\/product\/3011","targetHints":{"allow":["GET"]}}],"collection":[{"href":"https:\/\/www.andelutech.com\/pt\/wp-json\/wp\/v2\/product"}],"about":[{"href":"https:\/\/www.andelutech.com\/pt\/wp-json\/wp\/v2\/types\/product"}],"replies":[{"embeddable":true,"href":"https:\/\/www.andelutech.com\/pt\/wp-json\/wp\/v2\/comments?post=3011"}],"wp:featuredmedia":[{"embeddable":true,"href":"https:\/\/www.andelutech.com\/pt\/wp-json\/wp\/v2\/media\/3313"}],"wp:attachment":[{"href":"https:\/\/www.andelutech.com\/pt\/wp-json\/wp\/v2\/media?parent=3011"}],"wp:term":[{"taxonomy":"product_brand","embeddable":true,"href":"https:\/\/www.andelutech.com\/pt\/wp-json\/wp\/v2\/product_brand?post=3011"},{"taxonomy":"product_cat","embeddable":true,"href":"https:\/\/www.andelutech.com\/pt\/wp-json\/wp\/v2\/product_cat?post=3011"},{"taxonomy":"product_tag","embeddable":true,"href":"https:\/\/www.andelutech.com\/pt\/wp-json\/wp\/v2\/product_tag?post=3011"}],"curies":[{"name":"wp","href":"https:\/\/api.w.org\/{rel}","templated":true}]}}