{"id":3009,"date":"2025-07-31T10:43:47","date_gmt":"2025-07-31T02:43:47","guid":{"rendered":"https:\/\/www.andelutech.com\/?post_type=product&#038;p=3009"},"modified":"2026-03-26T16:35:04","modified_gmt":"2026-03-26T08:35:04","slug":"miniaturized-digital-laser-gyroscope-type-50","status":"publish","type":"product","link":"https:\/\/www.andelutech.com\/pt\/product\/miniaturized-digital-laser-gyroscope-type-50\/","title":{"rendered":"AND50 Miniaturized digital laser gyroscope"},"content":{"rendered":"","protected":false},"excerpt":{"rendered":"<p>M\u00e9tricas de desempenho<\/p>\n<p>Estabilidade zero-vi\u00e9s --\u22640,007\u00b0\/h<\/p>\n<p>Repetibilidade zero de vi\u00e9s &lt;0,007\u00b0\/h<\/p>\n<p>Repetibilidade dos fatores de escala &quot; \u22645ppm<\/p>\n<p>Factor de escala: [UNK]nonlinear[UNK]\u22645ppm<\/p>\n<p>Diversidade din\u00e2mica: 400\u00b0\/s<\/p>\n<p>Caracter\u00edsticas f\u00edsicas<\/p>\n<p>Tipo de sensor<strong><b>\"<\/b><\/strong><\/p>\n<p>Tamanho: 76mm\u00d773mm\u00d725,5mm<\/p>\n<p>Peso: 0,25 kg<\/p>\n<p>Tipo digital<strong><b>\"<\/b><\/strong><\/p>\n<p>Tamanho da embalagem: \u03a694mm\u00d748mm<\/p>\n<p>Peso: 0,55kg<\/p>\n<p>Caracter\u00edsticas da interface<\/p>\n<p>Sensor[UNK]Type<strong><b>\"<\/b><\/strong><\/p>\n<p>Modo de sa\u00edda:<\/p>\n<p>Tipo digital<strong><b>\"<\/b><\/strong><\/p>\n<p>M\u00e9todo de sa\u00edda: RS422<\/p>\n<p>Interface de dados:<\/p>\n<p>Aplica\u00e7\u00f5es<\/p>\n<p>Miniaturizado sistema de orienta\u00e7\u00e3o inercial de liga\u00e7\u00e3o laser para baixo<\/p>\n<p>Adaptabilidade ambiental<\/p>\n<p>Temperatura operacional -- 45 -- 70 --<\/p>\n<p>Vibra\u00e7\u00e3o aleat\u00f3ria: 7g(20~2000Hz)<\/p>","protected":false},"featured_media":3315,"comment_status":"closed","ping_status":"closed","template":"","meta":[],"product_brand":[],"product_cat":[22],"product_tag":[],"class_list":{"0":"post-3009","1":"product","2":"type-product","3":"status-publish","4":"has-post-thumbnail","6":"product_cat-gyro-sensor","8":"first","9":"instock","10":"shipping-taxable","11":"product-type-simple"},"_links":{"self":[{"href":"https:\/\/www.andelutech.com\/pt\/wp-json\/wp\/v2\/product\/3009","targetHints":{"allow":["GET"]}}],"collection":[{"href":"https:\/\/www.andelutech.com\/pt\/wp-json\/wp\/v2\/product"}],"about":[{"href":"https:\/\/www.andelutech.com\/pt\/wp-json\/wp\/v2\/types\/product"}],"replies":[{"embeddable":true,"href":"https:\/\/www.andelutech.com\/pt\/wp-json\/wp\/v2\/comments?post=3009"}],"wp:featuredmedia":[{"embeddable":true,"href":"https:\/\/www.andelutech.com\/pt\/wp-json\/wp\/v2\/media\/3315"}],"wp:attachment":[{"href":"https:\/\/www.andelutech.com\/pt\/wp-json\/wp\/v2\/media?parent=3009"}],"wp:term":[{"taxonomy":"product_brand","embeddable":true,"href":"https:\/\/www.andelutech.com\/pt\/wp-json\/wp\/v2\/product_brand?post=3009"},{"taxonomy":"product_cat","embeddable":true,"href":"https:\/\/www.andelutech.com\/pt\/wp-json\/wp\/v2\/product_cat?post=3009"},{"taxonomy":"product_tag","embeddable":true,"href":"https:\/\/www.andelutech.com\/pt\/wp-json\/wp\/v2\/product_tag?post=3009"}],"curies":[{"name":"wp","href":"https:\/\/api.w.org\/{rel}","templated":true}]}}