{"id":3008,"date":"2025-07-31T10:40:48","date_gmt":"2025-07-31T02:40:48","guid":{"rendered":"https:\/\/www.andelutech.com\/?post_type=product&#038;p=3008"},"modified":"2026-01-09T13:37:58","modified_gmt":"2026-01-09T05:37:58","slug":"miniaturized-digital-laser-gyro-type-40","status":"publish","type":"product","link":"https:\/\/www.andelutech.com\/pt\/product\/miniaturized-digital-laser-gyro-type-40\/","title":{"rendered":"AND40 Miniaturized Digital Laser Gyro Type"},"content":{"rendered":"","protected":false},"excerpt":{"rendered":"<p>M\u00e9tricas de desempenho<\/p>\n<p>Estabilidade zero-vi\u00e9s --\u22640,01\u00b0\/h<\/p>\n<p>Repetibilidade zero de vi\u00e9s &lt;0,01\u00b0\/h<\/p>\n<p>Repetibilidade<\/p>\n<p>Factor de escala[UNK]nonlinear[UNK]\u226410ppm<\/p>\n<p>Diversidade din\u00e2mica: 400\u00b0\/s<\/p>\n<p>Caracter\u00edsticas f\u00edsicas<\/p>\n<p>Tipo de sensor<strong><b>\"<\/b><\/strong><\/p>\n<p>Tamanho: 67mm\u00d759mm\u00d718mm<\/p>\n<p>Peso: 0,15 kg<\/p>\n<p>O tipo digital<strong><b>\"<\/b><\/strong><\/p>\n<p>Tamanho da embalagem: 85mm\u00d745mm<\/p>\n<p>Peso: 0,42kg<\/p>\n<p>Caracter\u00edsticas da interface<\/p>\n<p>Sensor[UNK]Type<strong><b>\"<\/b><\/strong><\/p>\n<p>Modo de sa\u00edda:<\/p>\n<p>Tipo digital<strong><b>\"<\/b><\/strong><\/p>\n<p>M\u00e9todo de sa\u00edda: RS422<\/p>\n<p>Interface de dados:<\/p>\n<p>Aplica\u00e7\u00f5es<\/p>\n<p>Miniaturizado sistema de orienta\u00e7\u00e3o inercial de liga\u00e7\u00e3o laser para baixo<\/p>\n<p>Adaptabilidade ambiental<\/p>\n<p>Temperatura operacional -- 45 -- 70 --<\/p>\n<p>Vibra\u00e7\u00e3o aleat\u00f3ria: 7g(20~2000Hz)<\/p>","protected":false},"featured_media":3316,"comment_status":"closed","ping_status":"closed","template":"","meta":[],"product_brand":[],"product_cat":[22],"product_tag":[],"class_list":{"0":"post-3008","1":"product","2":"type-product","3":"status-publish","4":"has-post-thumbnail","6":"product_cat-gyro-sensor","8":"first","9":"instock","10":"shipping-taxable","11":"product-type-simple"},"_links":{"self":[{"href":"https:\/\/www.andelutech.com\/pt\/wp-json\/wp\/v2\/product\/3008","targetHints":{"allow":["GET"]}}],"collection":[{"href":"https:\/\/www.andelutech.com\/pt\/wp-json\/wp\/v2\/product"}],"about":[{"href":"https:\/\/www.andelutech.com\/pt\/wp-json\/wp\/v2\/types\/product"}],"replies":[{"embeddable":true,"href":"https:\/\/www.andelutech.com\/pt\/wp-json\/wp\/v2\/comments?post=3008"}],"wp:featuredmedia":[{"embeddable":true,"href":"https:\/\/www.andelutech.com\/pt\/wp-json\/wp\/v2\/media\/3316"}],"wp:attachment":[{"href":"https:\/\/www.andelutech.com\/pt\/wp-json\/wp\/v2\/media?parent=3008"}],"wp:term":[{"taxonomy":"product_brand","embeddable":true,"href":"https:\/\/www.andelutech.com\/pt\/wp-json\/wp\/v2\/product_brand?post=3008"},{"taxonomy":"product_cat","embeddable":true,"href":"https:\/\/www.andelutech.com\/pt\/wp-json\/wp\/v2\/product_cat?post=3008"},{"taxonomy":"product_tag","embeddable":true,"href":"https:\/\/www.andelutech.com\/pt\/wp-json\/wp\/v2\/product_tag?post=3008"}],"curies":[{"name":"wp","href":"https:\/\/api.w.org\/{rel}","templated":true}]}}