{"id":3006,"date":"2025-07-31T09:53:52","date_gmt":"2025-07-31T01:53:52","guid":{"rendered":"https:\/\/www.andelutech.com\/?post_type=product&#038;p=3006"},"modified":"2026-03-26T16:35:58","modified_gmt":"2026-03-26T08:35:58","slug":"closed-loop-fiber-optic-gyroscope-and1280b","status":"publish","type":"product","link":"https:\/\/www.andelutech.com\/pt\/product\/closed-loop-fiber-optic-gyroscope-and1280b\/","title":{"rendered":"AND1280B Closed-loop fiber optic gyroscope"},"content":{"rendered":"","protected":false},"excerpt":{"rendered":"<p>Principais indicadores de desempenho<\/p>\n<p>Estabilidade zero-vi\u00e9s:\u22640,003\u00b0\/h s;100s;1\u03c3<\/p>\n<p>Repetibilidade de vi\u00e9s zero:\u22640,004\u00b0\/h<\/p>\n<p>Estabilidade da temperatura vari\u00e1vel: \u22640,006\u00b0\/h s;100s[UNK]1\u03c3,0,3[UNK]\/min s;<\/p>\n<p>Factor de escala n\u00e3o linearidade: \u22645ppm<\/p>\n<p>Repetibilidade da escala de temperatura completa:\u226420ppm \u03c3\uff09<\/p>\n<p>Rango din\u00e2mico: \u00b1300\u00b0\/s<\/p>\n<p>Passagem aleat\u00f3ria: \u22640,0002\u00b0\/\u221ah<\/p>\n<p>Caracter\u00edsticas f\u00edsicas<\/p>\n<p>Dimens\u00f5es:120mm\u00d7120mm\u00d738mm<\/p>\n<p>Peso: 820g\u00b120g<\/p>\n<p>Adaptabilidade ambiental<\/p>\n<p>Temperatura operacional:-40[UNK]- 65[UNK]<\/p>\n<p>Temperatura de armazenamento: -50[UNK]- 75[UNK]<\/p>\n<p>Resistente ao impacto:20g<\/p>\n<p>Resistente a vibra\u00e7\u00f5es aleat\u00f3rias:3,2g<\/p>\n<p>Interface de produtos<\/p>\n<p>Requisitos de abastecimento de energia:\u00b15V<\/p>\n<p>Forma de sa\u00edda:RS422output<\/p>\n<p>Caracter\u00edsticas do produto<\/p>\n<p>Integra\u00e7\u00e3o fotoel\u00e9trica, design de escudos magn\u00e9ticos<\/p>\n<p>Campo de aplica\u00e7\u00e3o: navega\u00e7\u00e3o e posicionamento de alta precis\u00e3o<\/p>","protected":false},"featured_media":3317,"comment_status":"closed","ping_status":"closed","template":"","meta":[],"product_brand":[],"product_cat":[22],"product_tag":[],"class_list":{"0":"post-3006","1":"product","2":"type-product","3":"status-publish","4":"has-post-thumbnail","6":"product_cat-gyro-sensor","8":"first","9":"instock","10":"shipping-taxable","11":"product-type-simple"},"_links":{"self":[{"href":"https:\/\/www.andelutech.com\/pt\/wp-json\/wp\/v2\/product\/3006","targetHints":{"allow":["GET"]}}],"collection":[{"href":"https:\/\/www.andelutech.com\/pt\/wp-json\/wp\/v2\/product"}],"about":[{"href":"https:\/\/www.andelutech.com\/pt\/wp-json\/wp\/v2\/types\/product"}],"replies":[{"embeddable":true,"href":"https:\/\/www.andelutech.com\/pt\/wp-json\/wp\/v2\/comments?post=3006"}],"wp:featuredmedia":[{"embeddable":true,"href":"https:\/\/www.andelutech.com\/pt\/wp-json\/wp\/v2\/media\/3317"}],"wp:attachment":[{"href":"https:\/\/www.andelutech.com\/pt\/wp-json\/wp\/v2\/media?parent=3006"}],"wp:term":[{"taxonomy":"product_brand","embeddable":true,"href":"https:\/\/www.andelutech.com\/pt\/wp-json\/wp\/v2\/product_brand?post=3006"},{"taxonomy":"product_cat","embeddable":true,"href":"https:\/\/www.andelutech.com\/pt\/wp-json\/wp\/v2\/product_cat?post=3006"},{"taxonomy":"product_tag","embeddable":true,"href":"https:\/\/www.andelutech.com\/pt\/wp-json\/wp\/v2\/product_tag?post=3006"}],"curies":[{"name":"wp","href":"https:\/\/api.w.org\/{rel}","templated":true}]}}