{"id":2997,"date":"2025-07-30T16:00:46","date_gmt":"2025-07-30T08:00:46","guid":{"rendered":"https:\/\/www.andelutech.com\/?post_type=product&#038;p=2997"},"modified":"2026-01-09T13:41:26","modified_gmt":"2026-01-09T05:41:26","slug":"closed-loop-fiber-optic-gyroscope-and98mb","status":"publish","type":"product","link":"https:\/\/www.andelutech.com\/pt\/product\/closed-loop-fiber-optic-gyroscope-and98mb\/","title":{"rendered":"AND98MB Closed-loop fiber optic gyroscope"},"content":{"rendered":"","protected":false},"excerpt":{"rendered":"<p>Principais indicadores de desempenho<\/p>\n<p>Estabilidade zero-vi\u00e9s:0,020\u00b0\/h s;10s;1\u03c3 s;<\/p>\n<p>Repetibilidade de vi\u00e9s zero: \u22640,01\u00b0\/h<\/p>\n<p>Estabilidade de temperatura vari\u00e1vel:\u22640,05\u00b0\/h s;10s[UNK]1\u03c3[UNK]1[UNK]\/min s;<\/p>\n<p>Factor de escala n\u00e3o linearidade: \u226425ppm<\/p>\n<p>Repetibilidade da escala de temperatura completa:\u2264100ppm \u03c3\uff09<\/p>\n<p>Rango din\u00e2mico: \u00b1400\u00b0\/s<\/p>\n<p>Passagem aleat\u00f3ria:\u22640,003\u00b0\/\u221ah<\/p>\n<p>Caracter\u00edsticas f\u00edsicas<\/p>\n<p>Dimens\u00f5es : 98mm\u00d798mm\u00d735mm<\/p>\n<p>Peso: 540g\u00b120g<\/p>\n<p>Adaptabilidade ambiental<\/p>\n<p>Temperatura operacional:-40[UNK]- 70[UNK]<\/p>\n<p>Temperatura de armazenamento -- 45 -- 70<\/p>\n<p>Resistente ao impacto:20g<\/p>\n<p>Resistente a vibra\u00e7\u00f5es aleat\u00f3rias:5,4g<\/p>\n<p>Interface de produtos<\/p>\n<p>Requisitos de abastecimento de energia:\u00b15V<\/p>\n<p>Forma de sa\u00edda:RS422output<\/p>\n<p>Caracter\u00edsticas do produto<\/p>\n<p>Giroscopo de fibra \u00f3ptica de baixo custo e de alta precis\u00e3o baseado em 1310 nm<\/p>\n<p>Campo de aplica\u00e7\u00e3o: navega\u00e7\u00e3o civil de alta precis\u00e3o<\/p>","protected":false},"featured_media":3324,"comment_status":"closed","ping_status":"closed","template":"","meta":[],"product_brand":[],"product_cat":[22],"product_tag":[],"class_list":{"0":"post-2997","1":"product","2":"type-product","3":"status-publish","4":"has-post-thumbnail","6":"product_cat-gyro-sensor","8":"first","9":"instock","10":"shipping-taxable","11":"product-type-simple"},"_links":{"self":[{"href":"https:\/\/www.andelutech.com\/pt\/wp-json\/wp\/v2\/product\/2997","targetHints":{"allow":["GET"]}}],"collection":[{"href":"https:\/\/www.andelutech.com\/pt\/wp-json\/wp\/v2\/product"}],"about":[{"href":"https:\/\/www.andelutech.com\/pt\/wp-json\/wp\/v2\/types\/product"}],"replies":[{"embeddable":true,"href":"https:\/\/www.andelutech.com\/pt\/wp-json\/wp\/v2\/comments?post=2997"}],"wp:featuredmedia":[{"embeddable":true,"href":"https:\/\/www.andelutech.com\/pt\/wp-json\/wp\/v2\/media\/3324"}],"wp:attachment":[{"href":"https:\/\/www.andelutech.com\/pt\/wp-json\/wp\/v2\/media?parent=2997"}],"wp:term":[{"taxonomy":"product_brand","embeddable":true,"href":"https:\/\/www.andelutech.com\/pt\/wp-json\/wp\/v2\/product_brand?post=2997"},{"taxonomy":"product_cat","embeddable":true,"href":"https:\/\/www.andelutech.com\/pt\/wp-json\/wp\/v2\/product_cat?post=2997"},{"taxonomy":"product_tag","embeddable":true,"href":"https:\/\/www.andelutech.com\/pt\/wp-json\/wp\/v2\/product_tag?post=2997"}],"curies":[{"name":"wp","href":"https:\/\/api.w.org\/{rel}","templated":true}]}}