{"id":2995,"date":"2025-07-30T15:27:36","date_gmt":"2025-07-30T07:27:36","guid":{"rendered":"https:\/\/www.andelutech.com\/?post_type=product&#038;p=2995"},"modified":"2026-01-09T13:41:50","modified_gmt":"2026-01-09T05:41:50","slug":"closed-loop-fiber-optic-gyroscope-and180-and180g","status":"publish","type":"product","link":"https:\/\/www.andelutech.com\/pt\/product\/closed-loop-fiber-optic-gyroscope-and180-and180g\/","title":{"rendered":"AND180\/AND180G Closed-loop fiber optic gyroscope"},"content":{"rendered":"","protected":false},"excerpt":{"rendered":"<p>Principais indicadores de desempenho<\/p>\n<p>Estabilidade Zero Bias :\u22640,007\u00b0\/h s;100s[UNK]1\u03c3 s;<\/p>\n<p>Repetibilidade de vi\u00e9s zero \u22640,01\u00b0\/h<\/p>\n<p>Estabilidade de temperatura vari\u00e1vel :\u22640,02\u00b0\/h s;100s[UNK]1\u03c3,0,5[UNK]\/min s;<\/p>\n<p>Fator de escala n\u00e3o linear \u226410ppm<\/p>\n<p>Repetibilidade da escala de temperatura completa :\u226430ppm \u03c3<\/p>\n<p>Rango din\u00e2mico: \u00b1400\u00b0\/s<\/p>\n<p>Passagem aleat\u00f3ria \u22640,001\u00b0\/\u221ah<\/p>\n<p>Caracter\u00edsticas f\u00edsicas<\/p>\n<p>Dimens\u00f5es : 80mm\u00d780mm\u00d735mm<\/p>\n<p>Peso : 375g\u00b120g<\/p>\n<p>Adaptabilidade ambiental<\/p>\n<p>Temperatura operacional :-40[UNK]- 70[UNK]<\/p>\n<p>Temperatura de armazenamento :-55[UNK]- 75[UNK]<\/p>\n<p>Resistente ao impacto:20g<\/p>\n<p>Resistente a vibra\u00e7\u00f5es aleat\u00f3rias:7,4g<\/p>\n<p>Interface de produtos<\/p>\n<p>Requisitos de abastecimento de energia :\u00b15V<\/p>\n<p>Formula\u00e7\u00e3o de sa\u00edda:RS422outout<\/p>\n<p>Caracter\u00edsticas<\/p>\n<p>Design de alta precis\u00e3o miniaturizado e prote\u00e7\u00e3o magn\u00e9tica fotoel\u00e9trica integrada; AND180G \u00e9 um produto produzido nacional<\/p>\n<p>Campo de aplica\u00e7\u00e3o: navega\u00e7\u00e3o inercial, posicionamento e orienta\u00e7\u00e3o do solo e outros sistemas<\/p>","protected":false},"featured_media":3325,"comment_status":"closed","ping_status":"closed","template":"","meta":[],"product_brand":[],"product_cat":[22],"product_tag":[],"class_list":{"0":"post-2995","1":"product","2":"type-product","3":"status-publish","4":"has-post-thumbnail","6":"product_cat-gyro-sensor","8":"first","9":"instock","10":"shipping-taxable","11":"product-type-simple"},"_links":{"self":[{"href":"https:\/\/www.andelutech.com\/pt\/wp-json\/wp\/v2\/product\/2995","targetHints":{"allow":["GET"]}}],"collection":[{"href":"https:\/\/www.andelutech.com\/pt\/wp-json\/wp\/v2\/product"}],"about":[{"href":"https:\/\/www.andelutech.com\/pt\/wp-json\/wp\/v2\/types\/product"}],"replies":[{"embeddable":true,"href":"https:\/\/www.andelutech.com\/pt\/wp-json\/wp\/v2\/comments?post=2995"}],"wp:featuredmedia":[{"embeddable":true,"href":"https:\/\/www.andelutech.com\/pt\/wp-json\/wp\/v2\/media\/3325"}],"wp:attachment":[{"href":"https:\/\/www.andelutech.com\/pt\/wp-json\/wp\/v2\/media?parent=2995"}],"wp:term":[{"taxonomy":"product_brand","embeddable":true,"href":"https:\/\/www.andelutech.com\/pt\/wp-json\/wp\/v2\/product_brand?post=2995"},{"taxonomy":"product_cat","embeddable":true,"href":"https:\/\/www.andelutech.com\/pt\/wp-json\/wp\/v2\/product_cat?post=2995"},{"taxonomy":"product_tag","embeddable":true,"href":"https:\/\/www.andelutech.com\/pt\/wp-json\/wp\/v2\/product_tag?post=2995"}],"curies":[{"name":"wp","href":"https:\/\/api.w.org\/{rel}","templated":true}]}}