{"id":2992,"date":"2025-07-30T15:15:54","date_gmt":"2025-07-30T07:15:54","guid":{"rendered":"https:\/\/www.andelutech.com\/?post_type=product&#038;p=2992"},"modified":"2026-03-26T16:42:20","modified_gmt":"2026-03-26T08:42:20","slug":"closed-loop-fiber-optic-gyroscope-and1100-and1100g","status":"publish","type":"product","link":"https:\/\/www.andelutech.com\/pt\/product\/closed-loop-fiber-optic-gyroscope-and1100-and1100g\/","title":{"rendered":"AND1100\/AND1100G Closed-loop fiber optic gyroscope"},"content":{"rendered":"","protected":false},"excerpt":{"rendered":"<p>Principais indicadores de desempenho<\/p>\n<p>Estabilidade Zero Bias:\u22640,015\u00b0\/h s;100s;1\u03c3<\/p>\n<p>Repetibilidade de vi\u00e9s zero: \u22640,01\u00b0\/h<\/p>\n<p>Estabilidade de temperatura vari\u00e1vel:\u22640,03\u00b0\/h s;100s[UNK]1\u03c3,0,5[UNK]\/min s;<\/p>\n<p>Factor de escala n\u00e3o linearidade \u226420ppm<\/p>\n<p>Repetibilidade da escala de temperatura completa:\u226450ppm \u03c3\uff09<\/p>\n<p>Rango din\u00e2mico :\u00b1400\u00b0\/s<\/p>\n<p>Passagem aleat\u00f3ria:\u22640,0015\u00b0\/\u221ah<\/p>\n<p>Caracter\u00edsticas f\u00edsicas<\/p>\n<p>Dimens\u00f5es:70mm\u00d770mm\u00d732mm<\/p>\n<p>Peso: 265g\u00b120g<\/p>\n<p>Adaptabilidade ambiental<\/p>\n<p>Temperatura operacional :-40[UNK]- 70[UNK]<\/p>\n<p>Temperatura de armazenamento :-55[UNK]- 75[UNK]<\/p>\n<p>Resistente ao impacto:20g<\/p>\n<p>Resistente a vibra\u00e7\u00f5es aleat\u00f3rias:7,4g<\/p>\n<p>Interface de produtos<\/p>\n<p>Requisitos de abastecimento de energia:\u00b15V<\/p>\n<p>Forma de sa\u00edda:RS422output<\/p>\n<p>Caracter\u00edsticas<\/p>\n<p>Design de alta precis\u00e3o miniaturizado e prote\u00e7\u00e3o magn\u00e9tica fotoel\u00e9trica integrada; XB1100G \u00e9 um produto inteiramente dom\u00e9stico<\/p>\n<p>Campo de aplica\u00e7\u00e3o: Buscador norte, sistema de navega\u00e7\u00e3o de ve\u00edculos montado em bombas de alto desempenho<\/p>","protected":false},"featured_media":3326,"comment_status":"closed","ping_status":"closed","template":"","meta":[],"product_brand":[],"product_cat":[22],"product_tag":[],"class_list":{"0":"post-2992","1":"product","2":"type-product","3":"status-publish","4":"has-post-thumbnail","6":"product_cat-gyro-sensor","8":"first","9":"instock","10":"shipping-taxable","11":"product-type-simple"},"_links":{"self":[{"href":"https:\/\/www.andelutech.com\/pt\/wp-json\/wp\/v2\/product\/2992","targetHints":{"allow":["GET"]}}],"collection":[{"href":"https:\/\/www.andelutech.com\/pt\/wp-json\/wp\/v2\/product"}],"about":[{"href":"https:\/\/www.andelutech.com\/pt\/wp-json\/wp\/v2\/types\/product"}],"replies":[{"embeddable":true,"href":"https:\/\/www.andelutech.com\/pt\/wp-json\/wp\/v2\/comments?post=2992"}],"wp:featuredmedia":[{"embeddable":true,"href":"https:\/\/www.andelutech.com\/pt\/wp-json\/wp\/v2\/media\/3326"}],"wp:attachment":[{"href":"https:\/\/www.andelutech.com\/pt\/wp-json\/wp\/v2\/media?parent=2992"}],"wp:term":[{"taxonomy":"product_brand","embeddable":true,"href":"https:\/\/www.andelutech.com\/pt\/wp-json\/wp\/v2\/product_brand?post=2992"},{"taxonomy":"product_cat","embeddable":true,"href":"https:\/\/www.andelutech.com\/pt\/wp-json\/wp\/v2\/product_cat?post=2992"},{"taxonomy":"product_tag","embeddable":true,"href":"https:\/\/www.andelutech.com\/pt\/wp-json\/wp\/v2\/product_tag?post=2992"}],"curies":[{"name":"wp","href":"https:\/\/api.w.org\/{rel}","templated":true}]}}