{"id":2991,"date":"2025-07-30T15:03:17","date_gmt":"2025-07-30T07:03:17","guid":{"rendered":"https:\/\/www.andelutech.com\/?post_type=product&#038;p=2991"},"modified":"2026-03-26T16:43:04","modified_gmt":"2026-03-26T08:43:04","slug":"closed-loop-fiber-optic-gyroscope-and155z","status":"publish","type":"product","link":"https:\/\/www.andelutech.com\/pt\/product\/closed-loop-fiber-optic-gyroscope-and155z\/","title":{"rendered":"AND155Z Closed-loop fiber optic gyroscope"},"content":{"rendered":"","protected":false},"excerpt":{"rendered":"<p>Principais indicadores de desempenho<\/p>\n<p>Estabilidade zero-vi\u00e9s:\u22640,05\u00b0\/h s;10s;1\u03c3 s;<\/p>\n<p>Repetibilidade de vi\u00e9s zero: \u22640,05\u00b0\/h<\/p>\n<p>Estabilidade da temperatura vari\u00e1vel:\u22640,2\u00b0\/h s;10s[UNK]1\u03c3 s;<\/p>\n<p>Fator de escala n\u00e3o linear: \u226420ppm<\/p>\n<p>Repetibilidade em escala de temperatura completa:\u2264100ppm \u03c3\uff09<\/p>\n<p>Rango din\u00e2mico: \u00b1600\u00b0\/s<\/p>\n<p>Caracter\u00edsticas f\u00edsicas<\/p>\n<p>Dimens\u00f5es:70mm\u00d770mm\u00d732mm<\/p>\n<p>Peso: 270g\u00b110g<\/p>\n<p>Adaptabilidade ambiental<\/p>\n<p>Temperatura operacional:-45[UNK]- 75[UNK]<\/p>\n<p>Temperatura de armazenamento:-55[UNK]- 85[UNK]<\/p>\n<p>Resistente ao impacto:100g<\/p>\n<p>Resistente a vibra\u00e7\u00f5es aleat\u00f3rias:13g<\/p>\n<p>Resist\u00eancia \u00e0 acelera\u00e7\u00e3o: 50g<\/p>\n<p>Interfaces de produtos<\/p>\n<p>Requisitos de abastecimento de energia:\u00b15V<\/p>\n<p>Forma de sa\u00edda:RS422output<\/p>\n<p>Caracter\u00edsticas<\/p>\n<p>O produto adota estrutura fotoel\u00e9trica integrada, estado s\u00f3lido completo, com prote\u00e7\u00e3o de escudos magn\u00e9ticos, 100% localizada<\/p>\n<p>Campo de aplica\u00e7\u00e3o: orienta\u00e7\u00e3o, controle, atitude<\/p>","protected":false},"featured_media":3327,"comment_status":"closed","ping_status":"closed","template":"","meta":[],"product_brand":[],"product_cat":[22],"product_tag":[],"class_list":{"0":"post-2991","1":"product","2":"type-product","3":"status-publish","4":"has-post-thumbnail","6":"product_cat-gyro-sensor","8":"first","9":"instock","10":"shipping-taxable","11":"product-type-simple"},"_links":{"self":[{"href":"https:\/\/www.andelutech.com\/pt\/wp-json\/wp\/v2\/product\/2991","targetHints":{"allow":["GET"]}}],"collection":[{"href":"https:\/\/www.andelutech.com\/pt\/wp-json\/wp\/v2\/product"}],"about":[{"href":"https:\/\/www.andelutech.com\/pt\/wp-json\/wp\/v2\/types\/product"}],"replies":[{"embeddable":true,"href":"https:\/\/www.andelutech.com\/pt\/wp-json\/wp\/v2\/comments?post=2991"}],"wp:featuredmedia":[{"embeddable":true,"href":"https:\/\/www.andelutech.com\/pt\/wp-json\/wp\/v2\/media\/3327"}],"wp:attachment":[{"href":"https:\/\/www.andelutech.com\/pt\/wp-json\/wp\/v2\/media?parent=2991"}],"wp:term":[{"taxonomy":"product_brand","embeddable":true,"href":"https:\/\/www.andelutech.com\/pt\/wp-json\/wp\/v2\/product_brand?post=2991"},{"taxonomy":"product_cat","embeddable":true,"href":"https:\/\/www.andelutech.com\/pt\/wp-json\/wp\/v2\/product_cat?post=2991"},{"taxonomy":"product_tag","embeddable":true,"href":"https:\/\/www.andelutech.com\/pt\/wp-json\/wp\/v2\/product_tag?post=2991"}],"curies":[{"name":"wp","href":"https:\/\/api.w.org\/{rel}","templated":true}]}}