{"id":2989,"date":"2025-07-30T14:48:58","date_gmt":"2025-07-30T06:48:58","guid":{"rendered":"https:\/\/www.andelutech.com\/?post_type=product&#038;p=2989"},"modified":"2026-03-26T16:43:49","modified_gmt":"2026-03-26T08:43:49","slug":"closed-loop-fiber-optic-gyroscope-and-70l-m","status":"publish","type":"product","link":"https:\/\/www.andelutech.com\/pt\/product\/closed-loop-fiber-optic-gyroscope-and-70l-m\/","title":{"rendered":"AND-70L-M Closed-loop fiber optic gyroscope"},"content":{"rendered":"","protected":false},"excerpt":{"rendered":"<p>Principais indicadores de desempenho<\/p>\n<p>Estabilidade de vi\u00e9s zero:\u22640,15\u00b0\/h s;10s;1\u03c3 s;<\/p>\n<p>Repetibilidade de vi\u00e9s zero: \u22640,15\u00b0\/h<\/p>\n<p>Estabilidade da temperatura vari\u00e1vel: 0,3\u00b0\/h s;10s;1\u03c3 s;<\/p>\n<p>Factor de escala n\u00e3o linearidade: \u226450ppm<\/p>\n<p>Repetibilidade da escala de temperatura completa:\u2264200ppm \u03c3\uff09<\/p>\n<p>Rango din\u00e2mico: \u00b1300\u00b0\/s<\/p>\n<p>Caracter\u00edsticas f\u00edsicas<\/p>\n<p>Dimens\u00f5es:70mm\u00d770mm\u00d732mm<\/p>\n<p>Peso: 270g\u00b110g<\/p>\n<p>Adaptabilidade ambiental<\/p>\n<p>Temperatura operacional:-45[UNK]- 75[UNK]<\/p>\n<p>Temperatura de armazenamento :-55[UNK]- 85[UNK]<\/p>\n<p>Resistente ao impacto:100g<\/p>\n<p>Resistente a vibra\u00e7\u00f5es aleat\u00f3rias:13g<\/p>\n<p>Resist\u00eancia \u00e0 acelera\u00e7\u00e3o: 50g<\/p>\n<p>Interface de produtos<\/p>\n<p>Requisitos de abastecimento de energia:\u00b15V<\/p>\n<p>Forma de sa\u00edda:RS422<\/p>\n<p>Caracter\u00edsticas<strong>: <\/strong><\/p>\n<p>O produto adota estrutura fotoel\u00e9trica integrada, s\u00f3lida, com prote\u00e7\u00e3o de escudos magn\u00e9ticos<\/p>\n<p>Campo de aplica\u00e7\u00e3o: explora\u00e7\u00e3o de minas de carv\u00e3o<\/p>","protected":false},"featured_media":3328,"comment_status":"closed","ping_status":"closed","template":"","meta":[],"product_brand":[],"product_cat":[22],"product_tag":[],"class_list":{"0":"post-2989","1":"product","2":"type-product","3":"status-publish","4":"has-post-thumbnail","6":"product_cat-gyro-sensor","8":"first","9":"instock","10":"shipping-taxable","11":"product-type-simple"},"_links":{"self":[{"href":"https:\/\/www.andelutech.com\/pt\/wp-json\/wp\/v2\/product\/2989","targetHints":{"allow":["GET"]}}],"collection":[{"href":"https:\/\/www.andelutech.com\/pt\/wp-json\/wp\/v2\/product"}],"about":[{"href":"https:\/\/www.andelutech.com\/pt\/wp-json\/wp\/v2\/types\/product"}],"replies":[{"embeddable":true,"href":"https:\/\/www.andelutech.com\/pt\/wp-json\/wp\/v2\/comments?post=2989"}],"wp:featuredmedia":[{"embeddable":true,"href":"https:\/\/www.andelutech.com\/pt\/wp-json\/wp\/v2\/media\/3328"}],"wp:attachment":[{"href":"https:\/\/www.andelutech.com\/pt\/wp-json\/wp\/v2\/media?parent=2989"}],"wp:term":[{"taxonomy":"product_brand","embeddable":true,"href":"https:\/\/www.andelutech.com\/pt\/wp-json\/wp\/v2\/product_brand?post=2989"},{"taxonomy":"product_cat","embeddable":true,"href":"https:\/\/www.andelutech.com\/pt\/wp-json\/wp\/v2\/product_cat?post=2989"},{"taxonomy":"product_tag","embeddable":true,"href":"https:\/\/www.andelutech.com\/pt\/wp-json\/wp\/v2\/product_tag?post=2989"}],"curies":[{"name":"wp","href":"https:\/\/api.w.org\/{rel}","templated":true}]}}