{"id":2987,"date":"2025-07-30T13:55:54","date_gmt":"2025-07-30T05:55:54","guid":{"rendered":"https:\/\/www.andelutech.com\/?post_type=product&#038;p=2987"},"modified":"2026-03-26T16:44:39","modified_gmt":"2026-03-26T08:44:39","slug":"and-60l","status":"publish","type":"product","link":"https:\/\/www.andelutech.com\/pt\/product\/and-60l\/","title":{"rendered":"AND-60L Closed-loop fiber optic gyroscope"},"content":{"rendered":"","protected":false},"excerpt":{"rendered":"<p>Principal indicador de desempenho<\/p>\n<p>Estabilidade de preconceito zero :[UNK]\u22640,10\u00b0\/h s;10s[UNK]1\u03c3)<\/p>\n<p>Repetibilidade de vi\u00e9s zero :[UNK][UNK]\u22640,10\u00b0\/h<\/p>\n<p>Vari\u00e1vel[UNK]temperatura[UNK]estabilidade :[UNK][UNK]\u22640,5\u00b0\/h s[UNK]1\u03c3)<\/p>\n<p>Factor de escala[UNK]non[UNK]linearidade :[UNK]\u226450ppm<\/p>\n<p>Repetibilidade em escala de temperatura completa (200ppm \u03c3)<\/p>\n<p>Rango din\u00e2mico : \u00b1800\u00b0\/s<\/p>\n<p>Caracter\u00edsticas f\u00edsicas<\/p>\n<p>Dimens\u00f5es: 60mm\u00d760mm\u00d728,5mm<\/p>\n<p>Peso<\/p>\n<p>Interfaces de produto<\/p>\n<p>Requisitos de abastecimento de energia<\/p>\n<p>Forma de sa\u00edda: [UNK]RS422sa\u00edda<\/p>\n<p>Adaptabilidade ambiental<\/p>\n<p>Operadora<\/p>\n<p>Temperatura de armazenagem : [UNK]-55[UNK]- 85[UNK]<\/p>\n<p>Resistente ao impacto: 100g<\/p>\n<p>Resistente a vibra\u00e7\u00f5es aleat\u00f3rias: 13g<\/p>\n<p>Resistente \u00e0 acelera\u00e7\u00e3o : [UNK]50g<\/p>\n<p>Caracter\u00edsticas:<\/p>\n<p>O produto adota uma estrutura fotoel\u00e9trica integrada, completamente s\u00f3lida,<\/p>\n<p>com prote\u00e7\u00e3o magn\u00e9tica de prote\u00e7\u00e3o,<\/p>\n<p>Aplica\u00e7\u00f5es:<\/p>","protected":false},"featured_media":2978,"comment_status":"closed","ping_status":"closed","template":"","meta":[],"product_brand":[],"product_cat":[22],"product_tag":[],"class_list":{"0":"post-2987","1":"product","2":"type-product","3":"status-publish","4":"has-post-thumbnail","6":"product_cat-gyro-sensor","8":"first","9":"instock","10":"shipping-taxable","11":"product-type-simple"},"_links":{"self":[{"href":"https:\/\/www.andelutech.com\/pt\/wp-json\/wp\/v2\/product\/2987","targetHints":{"allow":["GET"]}}],"collection":[{"href":"https:\/\/www.andelutech.com\/pt\/wp-json\/wp\/v2\/product"}],"about":[{"href":"https:\/\/www.andelutech.com\/pt\/wp-json\/wp\/v2\/types\/product"}],"replies":[{"embeddable":true,"href":"https:\/\/www.andelutech.com\/pt\/wp-json\/wp\/v2\/comments?post=2987"}],"wp:featuredmedia":[{"embeddable":true,"href":"https:\/\/www.andelutech.com\/pt\/wp-json\/wp\/v2\/media\/2978"}],"wp:attachment":[{"href":"https:\/\/www.andelutech.com\/pt\/wp-json\/wp\/v2\/media?parent=2987"}],"wp:term":[{"taxonomy":"product_brand","embeddable":true,"href":"https:\/\/www.andelutech.com\/pt\/wp-json\/wp\/v2\/product_brand?post=2987"},{"taxonomy":"product_cat","embeddable":true,"href":"https:\/\/www.andelutech.com\/pt\/wp-json\/wp\/v2\/product_cat?post=2987"},{"taxonomy":"product_tag","embeddable":true,"href":"https:\/\/www.andelutech.com\/pt\/wp-json\/wp\/v2\/product_tag?post=2987"}],"curies":[{"name":"wp","href":"https:\/\/api.w.org\/{rel}","templated":true}]}}