{"id":2946,"date":"2025-07-30T13:37:26","date_gmt":"2025-07-30T05:37:26","guid":{"rendered":"https:\/\/www.andelutech.com\/?post_type=product&#038;p=2946"},"modified":"2026-03-26T16:45:22","modified_gmt":"2026-03-26T08:45:22","slug":"closed-loop-fiber-optic-gyroscope-and-120","status":"publish","type":"product","link":"https:\/\/www.andelutech.com\/pt\/product\/closed-loop-fiber-optic-gyroscope-and-120\/","title":{"rendered":"AND-120 Closed-loop fiber optic gyroscope"},"content":{"rendered":"","protected":false},"excerpt":{"rendered":"<p>Principal indicador de desempenho<\/p>\n<p>Estabilidade zero-vi\u00e9s :[UNK]\u22640,3\u00b0\/h s[UNK]1\u03c3)<\/p>\n<p>Estabilidade de vi\u00e9s zero \u22640,3\u00b0\/h<\/p>\n<p>Estabilidade variable de temperatura : \u22641\u00b0\/h s;10s[UNK]1\u03c3)<\/p>\n<p>Factor de escala n\u00e3o linearidade :[UNK]\u226450ppm<\/p>\n<p>Repetibilidade da escala de temperatura completa [UNK][UNK]\u2264300ppm \u03c3)[UNK]intervalo din\u00e2mico : [UNK][UNK]\u00b11000\u00b0\/s<\/p>\n<p>Caracter\u00edsticas f\u00edsicas<\/p>\n<p>Dimens\u00f5es : [UNK][UNK][UNK][UNK]50mm\u00d750mm\u00d729,5mm<\/p>\n<p>Peso:<\/p>\n<p>Interfaces de produto<\/p>\n<p>Fornecimento de energia<\/p>\n<p>Forma de sa\u00edda: [UNK]RS422sa\u00edda<\/p>\n<p>Adaptabilidade ambiental<\/p>\n<p>Operadora<\/p>\n<p>Temperatura de armazenamento 55[UNK]- 85[UNK]<\/p>\n<p>Resistente ao impacto:<\/p>\n<p>Resistente a vibra\u00e7\u00f5es aleat\u00f3rias:<\/p>\n<p>Resist\u00eancia \u00e0 acelera\u00e7\u00e3o : [UNK][UNK]50g<\/p>\n<p>Caracter\u00edsticas<\/p>\n<p>O produto adota uma estrutura fotoel\u00e9trica integrada,<\/p>\n<p>estado s\u00f3lido completo, com prote\u00e7\u00e3o magn\u00e9tica de escudos, e est\u00e1 100% localizado<\/p>\n<p>Aplica\u00e7\u00f5es: Orienta\u00e7\u00e3o, navega\u00e7\u00e3o<\/p>","protected":false},"featured_media":3329,"comment_status":"closed","ping_status":"closed","template":"","meta":[],"product_brand":[],"product_cat":[22],"product_tag":[],"class_list":{"0":"post-2946","1":"product","2":"type-product","3":"status-publish","4":"has-post-thumbnail","6":"product_cat-gyro-sensor","8":"first","9":"instock","10":"shipping-taxable","11":"product-type-simple"},"_links":{"self":[{"href":"https:\/\/www.andelutech.com\/pt\/wp-json\/wp\/v2\/product\/2946","targetHints":{"allow":["GET"]}}],"collection":[{"href":"https:\/\/www.andelutech.com\/pt\/wp-json\/wp\/v2\/product"}],"about":[{"href":"https:\/\/www.andelutech.com\/pt\/wp-json\/wp\/v2\/types\/product"}],"replies":[{"embeddable":true,"href":"https:\/\/www.andelutech.com\/pt\/wp-json\/wp\/v2\/comments?post=2946"}],"wp:featuredmedia":[{"embeddable":true,"href":"https:\/\/www.andelutech.com\/pt\/wp-json\/wp\/v2\/media\/3329"}],"wp:attachment":[{"href":"https:\/\/www.andelutech.com\/pt\/wp-json\/wp\/v2\/media?parent=2946"}],"wp:term":[{"taxonomy":"product_brand","embeddable":true,"href":"https:\/\/www.andelutech.com\/pt\/wp-json\/wp\/v2\/product_brand?post=2946"},{"taxonomy":"product_cat","embeddable":true,"href":"https:\/\/www.andelutech.com\/pt\/wp-json\/wp\/v2\/product_cat?post=2946"},{"taxonomy":"product_tag","embeddable":true,"href":"https:\/\/www.andelutech.com\/pt\/wp-json\/wp\/v2\/product_tag?post=2946"}],"curies":[{"name":"wp","href":"https:\/\/api.w.org\/{rel}","templated":true}]}}