{"id":2941,"date":"2025-07-30T13:27:15","date_gmt":"2025-07-30T05:27:15","guid":{"rendered":"https:\/\/www.andelutech.com\/?post_type=product&#038;p=2941"},"modified":"2026-03-26T16:47:39","modified_gmt":"2026-03-26T08:47:39","slug":"motion-reference-unit-series-and-mru-c","status":"publish","type":"product","link":"https:\/\/www.andelutech.com\/pt\/product\/motion-reference-unit-series-and-mru-c\/","title":{"rendered":"AND-MRU-C Motion reference unit series"},"content":{"rendered":"","protected":false},"excerpt":{"rendered":"<p>E-MRU \u00e9 um produto de unidade de refer\u00eancia de movimento (MRU) que usa uma IMU MEMS de alta precis\u00e3o como sensor central e combina atitude avan\u00e7ada de alta precis\u00e3o e algoritmos de subida e queda. Esse dispositivo pode fornecer informa\u00e7\u00e3o de medi\u00e7\u00e3o em tempo real de objetos nas dire\u00e7\u00f5es de lan\u00e7amento, rolamento, ascens\u00e3o e montagem, e \u00e9 amplamente utilizado em cen\u00e1rios que requerem monitoramento de movimento de alta precis\u00e3o. Em aplica\u00e7\u00f5es marinhas, MRUs s\u00e3o usados para monitorar a atitude din\u00e2mica de navios e estruturas offshore, assegurando seu equil\u00edbrio e estabilidade em ambientes complexos como ondas e vento.<\/p>\n<p>Indicadores de desempenho dos produtos<br \/>\nTemperatura de trabalho: -40\u00b0C~ 80\u00b0C<br \/>\nTemperatura de armazenamento: -45\u00b0C~ 85\u00b0C<br \/>\nVolta\u00e7\u00e3o: 6V~30V<br \/>\nConsumo de energia: \u22643,0W<\/p>","protected":false},"featured_media":3332,"comment_status":"closed","ping_status":"closed","template":"","meta":[],"product_brand":[],"product_cat":[26],"product_tag":[],"class_list":{"0":"post-2941","1":"product","2":"type-product","3":"status-publish","4":"has-post-thumbnail","6":"product_cat-imu-mems-ins","8":"first","9":"instock","10":"shipping-taxable","11":"product-type-simple"},"_links":{"self":[{"href":"https:\/\/www.andelutech.com\/pt\/wp-json\/wp\/v2\/product\/2941","targetHints":{"allow":["GET"]}}],"collection":[{"href":"https:\/\/www.andelutech.com\/pt\/wp-json\/wp\/v2\/product"}],"about":[{"href":"https:\/\/www.andelutech.com\/pt\/wp-json\/wp\/v2\/types\/product"}],"replies":[{"embeddable":true,"href":"https:\/\/www.andelutech.com\/pt\/wp-json\/wp\/v2\/comments?post=2941"}],"wp:featuredmedia":[{"embeddable":true,"href":"https:\/\/www.andelutech.com\/pt\/wp-json\/wp\/v2\/media\/3332"}],"wp:attachment":[{"href":"https:\/\/www.andelutech.com\/pt\/wp-json\/wp\/v2\/media?parent=2941"}],"wp:term":[{"taxonomy":"product_brand","embeddable":true,"href":"https:\/\/www.andelutech.com\/pt\/wp-json\/wp\/v2\/product_brand?post=2941"},{"taxonomy":"product_cat","embeddable":true,"href":"https:\/\/www.andelutech.com\/pt\/wp-json\/wp\/v2\/product_cat?post=2941"},{"taxonomy":"product_tag","embeddable":true,"href":"https:\/\/www.andelutech.com\/pt\/wp-json\/wp\/v2\/product_tag?post=2941"}],"curies":[{"name":"wp","href":"https:\/\/api.w.org\/{rel}","templated":true}]}}