{"id":2936,"date":"2025-07-30T10:48:38","date_gmt":"2025-07-30T02:48:38","guid":{"rendered":"https:\/\/www.andelutech.com\/?post_type=product&#038;p=2936"},"modified":"2026-03-26T16:49:11","modified_gmt":"2026-03-26T08:49:11","slug":"anti-interference-antenna-and-receiver-series-and-dr65","status":"publish","type":"product","link":"https:\/\/www.andelutech.com\/pt\/product\/anti-interference-antenna-and-receiver-series-and-dr65\/","title":{"rendered":"AND-DR65 Anti-interference antenna and receiver series"},"content":{"rendered":"<p>Indicadores de desempenho dos produtos<br \/>\nTemperatura de opera\u00e7\u00e3o: -40\u00b0C~ 85\u00b0C<br \/>\nTemperatura de armazenamento: -45\u00b0C~ 85\u00b0C<br \/>\nVolta\u00e7\u00e3o: 9V~36V<br \/>\nConsumo de energia: \u22648,0W<br \/>\nVolume: \u226465mm\u00d765mm\u00d730mm<br \/>\nPeso: \u2264 160g<br \/>\nInterface de comunica\u00e7\u00e3o: R5422<\/p>","protected":false},"excerpt":{"rendered":"<p>E-DR65 ultra-compacto receptor anti-interfer\u00eancia integra anti-interfer\u00eancia de 4 canais de array antenna e receptor de alto desempenho, que pode receber sinais de ponto de frequ\u00eancia BDS B11 e GP5 L1, que podem satisfazer os requisitos t\u00e9cnicos de v\u00e1rias transportadoras altamente din\u00e2micas e aplica\u00e7\u00f5es altamente din\u00e2micas, e realizar o projeto integrado de fonte de vibra\u00e7\u00e3o de antena, RF, m\u00f3dulo anti-interfer\u00eancia, banda de base de receptores sat\u00e9lites e solu\u00e7\u00e3o em um tamanho muito pequeno, e satisfazer as necessidades de aplica\u00e7\u00f5es de alta fiabilidade e baixo custo.<\/p>\n<p>Tem a habilidade de resistir a todos os tipos de interfer\u00eancia suprimida, incluindo, mas n\u00e3o limitada a um \u00fanico portador, frequ\u00eancia de pulso, pulso, modula\u00e7\u00e3o de banda larga, onda de sawtooth, onda tri\u00e2ngulo e outros tipos de interfer\u00eancia e qualquer combina\u00e7\u00e3o de interfer\u00eancia.<\/p>\n<p>&nbsp;<\/p>","protected":false},"featured_media":2937,"comment_status":"closed","ping_status":"closed","template":"","meta":[],"product_brand":[],"product_cat":[26],"product_tag":[],"class_list":{"0":"post-2936","1":"product","2":"type-product","3":"status-publish","4":"has-post-thumbnail","6":"product_cat-imu-mems-ins","8":"first","9":"instock","10":"shipping-taxable","11":"product-type-simple"},"_links":{"self":[{"href":"https:\/\/www.andelutech.com\/pt\/wp-json\/wp\/v2\/product\/2936","targetHints":{"allow":["GET"]}}],"collection":[{"href":"https:\/\/www.andelutech.com\/pt\/wp-json\/wp\/v2\/product"}],"about":[{"href":"https:\/\/www.andelutech.com\/pt\/wp-json\/wp\/v2\/types\/product"}],"replies":[{"embeddable":true,"href":"https:\/\/www.andelutech.com\/pt\/wp-json\/wp\/v2\/comments?post=2936"}],"wp:featuredmedia":[{"embeddable":true,"href":"https:\/\/www.andelutech.com\/pt\/wp-json\/wp\/v2\/media\/2937"}],"wp:attachment":[{"href":"https:\/\/www.andelutech.com\/pt\/wp-json\/wp\/v2\/media?parent=2936"}],"wp:term":[{"taxonomy":"product_brand","embeddable":true,"href":"https:\/\/www.andelutech.com\/pt\/wp-json\/wp\/v2\/product_brand?post=2936"},{"taxonomy":"product_cat","embeddable":true,"href":"https:\/\/www.andelutech.com\/pt\/wp-json\/wp\/v2\/product_cat?post=2936"},{"taxonomy":"product_tag","embeddable":true,"href":"https:\/\/www.andelutech.com\/pt\/wp-json\/wp\/v2\/product_tag?post=2936"}],"curies":[{"name":"wp","href":"https:\/\/api.w.org\/{rel}","templated":true}]}}